{"id":40510,"date":"2025-09-18T13:49:34","date_gmt":"2025-09-18T11:49:34","guid":{"rendered":"https:\/\/zooprekes24.lt\/?post_type=product&#038;p=40510"},"modified":"2025-09-24T14:53:40","modified_gmt":"2025-09-24T12:53:40","slug":"ciao-tirsta-sriuba-katems-su-vistiena-ir-jautiena","status":"publish","type":"product","link":"https:\/\/zooprekes24.lt\/lv\/produktas\/ciao-tirsta-sriuba-katems-su-vistiena-ir-jautiena\/","title":{"rendered":"Ciao tir\u0161ta sriuba kat\u0117ms su vi\u0161tiena ir jautiena"},"content":{"rendered":"<h3><span>Vi\u0161tienos ir jautienos sriuba kat\u0117ms.<\/span><\/h3>\n<ul>\n<li>Tir\u0161ta sriuba kat\u0117ms i\u0161 vi\u0161tienos ir jautienos.<\/li>\n<li>Pikanti\u0161kas, sveikas ir nekaloringas u\u017ekandis kat\u0117ms.<\/li>\n<li>Sud\u0117tyje n\u0117ra gr\u016bd\u0173, prid\u0117tini\u0173 da\u017eikli\u0173 ar konservant\u0173.<\/li>\n<li>Papildyta vitaminu E, padedan\u010diu palaikyti sveik\u0105 kat\u0117s imunin\u0119 sistem\u0105.<\/li>\n<\/ul>","protected":false},"excerpt":{"rendered":"<p>Vi\u0161tienos ir jautienos sriuba kat\u0117ms. Tir\u0161ta sriuba kat\u0117ms i\u0161 vi\u0161tienos ir jautienos. Pikanti\u0161kas, sveikas ir nekaloringas u\u017ekandis kat\u0117ms. Sud\u0117tyje n\u0117ra gr\u016bd\u0173, prid\u0117tini\u0173 da\u017eikli\u0173 ar konservant\u0173. Papildyta vitaminu E, padedan\u010diu palaikyti sveik\u0105 kat\u0117s imunin\u0119 sistem\u0105.<\/p>","protected":false},"featured_media":40513,"comment_status":"closed","ping_status":"closed","template":"","meta":{"_acf_changed":false,"slim_seo":{"title":"Ciao tir\u0161ta sriuba kat\u0117ms su vi\u0161tiena ir jautiena - Zooprekes24","description":"Vi\u0161tienos ir jautienos sriuba kat\u0117ms. Tir\u0161ta sriuba kat\u0117ms i\u0161 vi\u0161tienos ir jautienos. Pikanti\u0161kas, sveikas ir nekaloringas u\u017ekandis kat\u0117ms. Sud\u0117tyje n\u0117ra gr\u016bd\u0173,"},"iawp_total_views":19},"product_brand":[],"product_cat":[9027,72,25,9020],"product_tag":[2008],"class_list":{"0":"post-40510","1":"product","2":"type-product","3":"status-publish","4":"has-post-thumbnail","6":"product_cat-begrudis-maistas-kaciu-maistas","7":"product_cat-kaciu-maistas","8":"product_cat-katems","9":"product_cat-slapias-maistas-kaciu-maistas","10":"product_tag-kaciu-skanestai","11":"pa_pasaro-sudetis-jautiena","12":"pa_pasaro-sudetis-vistiena","13":"pa_prekiu-zenklai-ciao","15":"first","16":"instock","17":"taxable","18":"shipping-taxable","19":"purchasable","20":"product-type-variable"},"acf":[],"_links":{"self":[{"href":"https:\/\/zooprekes24.lt\/lv\/wp-json\/wp\/v2\/product\/40510","targetHints":{"allow":["GET"]}}],"collection":[{"href":"https:\/\/zooprekes24.lt\/lv\/wp-json\/wp\/v2\/product"}],"about":[{"href":"https:\/\/zooprekes24.lt\/lv\/wp-json\/wp\/v2\/types\/product"}],"replies":[{"embeddable":true,"href":"https:\/\/zooprekes24.lt\/lv\/wp-json\/wp\/v2\/comments?post=40510"}],"wp:featuredmedia":[{"embeddable":true,"href":"https:\/\/zooprekes24.lt\/lv\/wp-json\/wp\/v2\/media\/40513"}],"wp:attachment":[{"href":"https:\/\/zooprekes24.lt\/lv\/wp-json\/wp\/v2\/media?parent=40510"}],"wp:term":[{"taxonomy":"product_brand","embeddable":true,"href":"https:\/\/zooprekes24.lt\/lv\/wp-json\/wp\/v2\/product_brand?post=40510"},{"taxonomy":"product_cat","embeddable":true,"href":"https:\/\/zooprekes24.lt\/lv\/wp-json\/wp\/v2\/product_cat?post=40510"},{"taxonomy":"product_tag","embeddable":true,"href":"https:\/\/zooprekes24.lt\/lv\/wp-json\/wp\/v2\/product_tag?post=40510"}],"curies":[{"name":"wp","href":"https:\/\/api.w.org\/{rel}","templated":true}]}}