{"id":40490,"date":"2025-09-18T10:23:34","date_gmt":"2025-09-18T08:23:34","guid":{"rendered":"https:\/\/zooprekes24.lt\/?post_type=product&#038;p=40490"},"modified":"2025-09-24T14:41:38","modified_gmt":"2025-09-24T12:41:38","slug":"ciao-troskinys-katems-su-vistiena-ir-lasisa","status":"publish","type":"product","link":"https:\/\/zooprekes24.lt\/lv\/produktas\/ciao-troskinys-katems-su-vistiena-ir-lasisa\/","title":{"rendered":"Ciao tro\u0161kinys kat\u0117ms su vi\u0161tiena ir la\u0161i\u0161a"},"content":{"rendered":"<h3>Vi\u0161tienos ir la\u0161i\u0161os m\u0117sos tro\u0161kinys kat\u0117ms.<\/h3>\n<ul>\n<li>Pikanti\u0161kas, sveikas ir nekaloringas u\u017ekandis kat\u0117ms.<\/li>\n<li>Sud\u0117tyje n\u0117ra gr\u016bd\u0173, prid\u0117tini\u0173 da\u017eikli\u0173 ar konservant\u0173.<\/li>\n<li>Mink\u0161tos vi\u0161tienos ir la\u0161i\u0161\u0173 m\u0117sos juostel\u0117s gard\u017eiame sultinyje.<\/li>\n<li>Papildyta vitaminu E, padedan\u010diu palaikyti sveik\u0105 kat\u0117s imunin\u0119 sistem\u0105.<\/li>\n<\/ul>","protected":false},"excerpt":{"rendered":"<p>Vi\u0161tienos ir la\u0161i\u0161os m\u0117sos tro\u0161kinys kat\u0117ms. Pikanti\u0161kas, sveikas ir nekaloringas u\u017ekandis kat\u0117ms. Sud\u0117tyje n\u0117ra gr\u016bd\u0173, prid\u0117tini\u0173 da\u017eikli\u0173 ar konservant\u0173. Mink\u0161tos vi\u0161tienos ir la\u0161i\u0161\u0173 m\u0117sos juostel\u0117s gard\u017eiame sultinyje. Papildyta vitaminu E, padedan\u010diu palaikyti sveik\u0105 kat\u0117s imunin\u0119 sistem\u0105.<\/p>","protected":false},"featured_media":40495,"comment_status":"closed","ping_status":"closed","template":"","meta":{"_acf_changed":false,"slim_seo":{"title":"Ciao tro\u0161kinys kat\u0117ms su vi\u0161tiena ir la\u0161i\u0161a - Zooprekes24","description":"Vi\u0161tienos ir la\u0161i\u0161os m\u0117sos tro\u0161kinys kat\u0117ms. Pikanti\u0161kas, sveikas ir nekaloringas u\u017ekandis kat\u0117ms. Sud\u0117tyje n\u0117ra gr\u016bd\u0173, prid\u0117tini\u0173 da\u017eikli\u0173 ar konservant\u0173. Mink"},"iawp_total_views":7},"product_brand":[],"product_cat":[9027,72,25,9020],"product_tag":[2008],"class_list":{"0":"post-40490","1":"product","2":"type-product","3":"status-publish","4":"has-post-thumbnail","6":"product_cat-begrudis-maistas-kaciu-maistas","7":"product_cat-kaciu-maistas","8":"product_cat-katems","9":"product_cat-slapias-maistas-kaciu-maistas","10":"product_tag-kaciu-skanestai","11":"pa_pasaro-sudetis-lasisa","12":"pa_pasaro-sudetis-vistiena","13":"pa_pasaro-sudetis-zuvis","14":"pa_prekiu-zenklai-ciao","16":"first","17":"instock","18":"taxable","19":"shipping-taxable","20":"purchasable","21":"product-type-variable"},"acf":[],"_links":{"self":[{"href":"https:\/\/zooprekes24.lt\/lv\/wp-json\/wp\/v2\/product\/40490","targetHints":{"allow":["GET"]}}],"collection":[{"href":"https:\/\/zooprekes24.lt\/lv\/wp-json\/wp\/v2\/product"}],"about":[{"href":"https:\/\/zooprekes24.lt\/lv\/wp-json\/wp\/v2\/types\/product"}],"replies":[{"embeddable":true,"href":"https:\/\/zooprekes24.lt\/lv\/wp-json\/wp\/v2\/comments?post=40490"}],"wp:featuredmedia":[{"embeddable":true,"href":"https:\/\/zooprekes24.lt\/lv\/wp-json\/wp\/v2\/media\/40495"}],"wp:attachment":[{"href":"https:\/\/zooprekes24.lt\/lv\/wp-json\/wp\/v2\/media?parent=40490"}],"wp:term":[{"taxonomy":"product_brand","embeddable":true,"href":"https:\/\/zooprekes24.lt\/lv\/wp-json\/wp\/v2\/product_brand?post=40490"},{"taxonomy":"product_cat","embeddable":true,"href":"https:\/\/zooprekes24.lt\/lv\/wp-json\/wp\/v2\/product_cat?post=40490"},{"taxonomy":"product_tag","embeddable":true,"href":"https:\/\/zooprekes24.lt\/lv\/wp-json\/wp\/v2\/product_tag?post=40490"}],"curies":[{"name":"wp","href":"https:\/\/api.w.org\/{rel}","templated":true}]}}