{"id":40462,"date":"2025-09-16T12:42:42","date_gmt":"2025-09-16T10:42:42","guid":{"rendered":"https:\/\/zooprekes24.lt\/?post_type=product&#038;p=40462"},"modified":"2026-03-02T14:38:39","modified_gmt":"2026-03-02T12:38:39","slug":"churu-juicy-bites-calamari-homestyle-broth-skanestai-katems-34g","status":"publish","type":"product","link":"https:\/\/zooprekes24.lt\/lv\/produktas\/churu-juicy-bites-calamari-homestyle-broth-skanestai-katems-34g\/","title":{"rendered":"Churu Juicy Bites Calamari Homestyle Broth skan\u0117stai kat\u0117ms 34 g"},"content":{"rendered":"<h3>Churu Juicy Bites Calamari Homestyle Broth &#8211; mink\u0161ti kalmar\u0173 ir naminio sultinio skonio skan\u0117stai kat\u0117ms. Praturtinti \u017ealiosios arbatos ekstraktu ir vitaminu E. Be gr\u016bd\u0173, konservant\u0173 ir dirbtini\u0173 da\u017eikli\u0173. Pakelyje yra trys atskiros pakuot\u0117s, kad b\u016bt\u0173 i\u0161laikytas maksimalus \u0161vie\u017eumas.<\/h3>\n<ul>\n<li><span>Pagaminta i\u0161 nat\u016brali\u0173 j\u016bros produkt\u0173.<\/span><\/li>\n<li>\u017daisming\u0173 form\u0173 ir dviej\u0173 skirting\u0173 skoni\u0173.<\/li>\n<li>Pusiau dr\u0117gni, vieno k\u0105snio dyd\u017eio skan\u0117stai kat\u0117ms.<\/li>\n<li>Sud\u0117tyje n\u0117ra gr\u016bd\u0173, prid\u0117tini\u0173 da\u017eikli\u0173 ar konservant\u0173.<\/li>\n<\/ul>","protected":false},"excerpt":{"rendered":"<p>Churu Juicy Bites Calamari Homestyle Broth &#8211; mink\u0161ti kalmar\u0173 ir naminio sultinio skonio skan\u0117stai kat\u0117ms. Praturtinti \u017ealiosios arbatos ekstraktu ir vitaminu E. Be gr\u016bd\u0173, konservant\u0173 ir dirbtini\u0173 da\u017eikli\u0173. Pakelyje yra trys atskiros pakuot\u0117s, kad b\u016bt\u0173 i\u0161laikytas maksimalus \u0161vie\u017eumas. Pagaminta i\u0161 nat\u016brali\u0173 j\u016bros produkt\u0173. \u017daisming\u0173 form\u0173 ir dviej\u0173 skirting\u0173 skoni\u0173. Pusiau dr\u0117gni, vieno k\u0105snio dyd\u017eio skan\u0117stai&#8230;<\/p>","protected":false},"featured_media":40463,"comment_status":"closed","ping_status":"closed","template":"","meta":{"_acf_changed":false,"slim_seo":{"title":"Churu Juicy Bites Calamari Homestyle Broth skan\u0117stai kat\u0117ms 34 g - Zooprekes24","description":"Churu Juicy Bites Calamari Homestyle Broth - mink\u0161ti kalmar\u0173 ir naminio sultinio skonio skan\u0117stai kat\u0117ms. Praturtinti \u017ealiosios arbatos ekstraktu ir vitaminu E."},"iawp_total_views":11},"product_brand":[],"product_cat":[9027,9239,72,83,25,9018],"product_tag":[2008,2032],"class_list":{"0":"post-40462","1":"product","2":"type-product","3":"status-publish","4":"has-post-thumbnail","6":"product_cat-begrudis-maistas-kaciu-maistas","7":"product_cat-churu-katems","8":"product_cat-kaciu-maistas","9":"product_cat-kaciu-prekiu-gamintojai","10":"product_cat-katems","11":"product_cat-skanestai","12":"product_tag-kaciu-skanestai","13":"product_tag-skystas-kaciu-skanestas","14":"pa_pasaro-sudetis-juros-gerybes","15":"pa_pasaro-sudetis-tunas","16":"pa_prekiu-zenklai-churu","18":"first","19":"instock","20":"taxable","21":"shipping-taxable","22":"purchasable","23":"product-type-simple"},"acf":[],"_links":{"self":[{"href":"https:\/\/zooprekes24.lt\/lv\/wp-json\/wp\/v2\/product\/40462","targetHints":{"allow":["GET"]}}],"collection":[{"href":"https:\/\/zooprekes24.lt\/lv\/wp-json\/wp\/v2\/product"}],"about":[{"href":"https:\/\/zooprekes24.lt\/lv\/wp-json\/wp\/v2\/types\/product"}],"replies":[{"embeddable":true,"href":"https:\/\/zooprekes24.lt\/lv\/wp-json\/wp\/v2\/comments?post=40462"}],"wp:featuredmedia":[{"embeddable":true,"href":"https:\/\/zooprekes24.lt\/lv\/wp-json\/wp\/v2\/media\/40463"}],"wp:attachment":[{"href":"https:\/\/zooprekes24.lt\/lv\/wp-json\/wp\/v2\/media?parent=40462"}],"wp:term":[{"taxonomy":"product_brand","embeddable":true,"href":"https:\/\/zooprekes24.lt\/lv\/wp-json\/wp\/v2\/product_brand?post=40462"},{"taxonomy":"product_cat","embeddable":true,"href":"https:\/\/zooprekes24.lt\/lv\/wp-json\/wp\/v2\/product_cat?post=40462"},{"taxonomy":"product_tag","embeddable":true,"href":"https:\/\/zooprekes24.lt\/lv\/wp-json\/wp\/v2\/product_tag?post=40462"}],"curies":[{"name":"wp","href":"https:\/\/api.w.org\/{rel}","templated":true}]}}