{"id":40458,"date":"2025-09-16T12:23:09","date_gmt":"2025-09-16T10:23:09","guid":{"rendered":"https:\/\/zooprekes24.lt\/?post_type=product&#038;p=40458"},"modified":"2026-03-02T14:26:36","modified_gmt":"2026-03-02T12:26:36","slug":"churu-fun-bites-chicken-tuna-cheese-skanestai-katems-96g","status":"publish","type":"product","link":"https:\/\/zooprekes24.lt\/lv\/produktas\/churu-fun-bites-chicken-tuna-cheese-skanestai-katems-96g\/","title":{"rendered":"Churu Fun Bites Chicken Tuna Cheese skan\u0117stai kat\u0117ms 96 g"},"content":{"rendered":"<h3>Churu Fun Bites Chicken Tuna Cheese yra mink\u0161ti pagalv\u0117s formos nat\u016bral\u016bs skan\u0117stai su vi\u0161tiena, tunu ir s\u016briu. Be gr\u016bd\u0173, konservant\u0173 ir dirbtini\u0173 da\u017eikli\u0173. <span>Supakuoti atskiruose, ma\u017euose pakeli<\/span>uose, tod\u0117l i\u0161lieka \u0161vie\u017e\u016bs ir gali b\u016bti patogiai tiekiami kat\u0117ms.<\/h3>\n<ul>\n<li>Sud\u0117tyje n\u0117ra gr\u016bd\u0173, konservant\u0173 ir dirbtini\u0173 da\u017eikli\u0173.<\/li>\n<li>Idealiai tinka ma\u017eesn\u0117ms, iki 3 kg sverian\u010dioms kat\u0117ms.<\/li>\n<li>Pagaminta i\u0161 nat\u016bralios, fermoje u\u017eaugintos m\u0117sos ir \u017euvies.<\/li>\n<li>Supakuota ma\u017euose pakeliuose, kuriuos patogu patiekti vienam ar daugiau keturkoj\u0173.<\/li>\n<li>Lengvai kramtomi, dvigubos tekst\u016bros skan\u0117stai kat\u0117ms: su kreminiu vi\u0161tienos ir moli\u016bg\u0173 \u012fdaru mink\u0161tame vi\u0161tienos apvalkale.<\/li>\n<\/ul>","protected":false},"excerpt":{"rendered":"<p>Churu Fun Bites Chicken Tuna Cheese yra mink\u0161ti pagalv\u0117s formos nat\u016bral\u016bs skan\u0117stai su vi\u0161tiena, tunu ir s\u016briu. Be gr\u016bd\u0173, konservant\u0173 ir dirbtini\u0173 da\u017eikli\u0173. Supakuoti atskiruose, ma\u017euose pakeliuose, tod\u0117l i\u0161lieka \u0161vie\u017e\u016bs ir gali b\u016bti patogiai tiekiami kat\u0117ms. Sud\u0117tyje n\u0117ra gr\u016bd\u0173, konservant\u0173 ir dirbtini\u0173 da\u017eikli\u0173. Idealiai tinka ma\u017eesn\u0117ms, iki 3 kg sverian\u010dioms kat\u0117ms. Pagaminta i\u0161 nat\u016bralios, fermoje&#8230;<\/p>","protected":false},"featured_media":40459,"comment_status":"closed","ping_status":"closed","template":"","meta":{"_acf_changed":false,"slim_seo":{"title":"Churu Fun Bites Chicken Tuna Cheese skan\u0117stai kat\u0117ms 96 g - Zooprekes24","description":"Churu Fun Bites Chicken Tuna Cheese yra mink\u0161ti pagalv\u0117s formos nat\u016bral\u016bs skan\u0117stai su vi\u0161tiena, tunu ir s\u016briu. Be gr\u016bd\u0173, konservant\u0173 ir dirbtini\u0173 da\u017eikli\u0173. Sup"},"iawp_total_views":20},"product_brand":[],"product_cat":[9027,9239,72,83,25,9018],"product_tag":[2008,2032],"class_list":{"0":"post-40458","1":"product","2":"type-product","3":"status-publish","4":"has-post-thumbnail","6":"product_cat-begrudis-maistas-kaciu-maistas","7":"product_cat-churu-katems","8":"product_cat-kaciu-maistas","9":"product_cat-kaciu-prekiu-gamintojai","10":"product_cat-katems","11":"product_cat-skanestai","12":"product_tag-kaciu-skanestai","13":"product_tag-skystas-kaciu-skanestas","14":"pa_pasaro-sudetis-suris","15":"pa_pasaro-sudetis-tunas","16":"pa_pasaro-sudetis-vistiena","17":"pa_pasaro-sudetis-zuvis","18":"pa_prekiu-zenklai-churu","20":"first","21":"instock","22":"taxable","23":"shipping-taxable","24":"purchasable","25":"product-type-simple"},"acf":[],"_links":{"self":[{"href":"https:\/\/zooprekes24.lt\/lv\/wp-json\/wp\/v2\/product\/40458","targetHints":{"allow":["GET"]}}],"collection":[{"href":"https:\/\/zooprekes24.lt\/lv\/wp-json\/wp\/v2\/product"}],"about":[{"href":"https:\/\/zooprekes24.lt\/lv\/wp-json\/wp\/v2\/types\/product"}],"replies":[{"embeddable":true,"href":"https:\/\/zooprekes24.lt\/lv\/wp-json\/wp\/v2\/comments?post=40458"}],"wp:featuredmedia":[{"embeddable":true,"href":"https:\/\/zooprekes24.lt\/lv\/wp-json\/wp\/v2\/media\/40459"}],"wp:attachment":[{"href":"https:\/\/zooprekes24.lt\/lv\/wp-json\/wp\/v2\/media?parent=40458"}],"wp:term":[{"taxonomy":"product_brand","embeddable":true,"href":"https:\/\/zooprekes24.lt\/lv\/wp-json\/wp\/v2\/product_brand?post=40458"},{"taxonomy":"product_cat","embeddable":true,"href":"https:\/\/zooprekes24.lt\/lv\/wp-json\/wp\/v2\/product_cat?post=40458"},{"taxonomy":"product_tag","embeddable":true,"href":"https:\/\/zooprekes24.lt\/lv\/wp-json\/wp\/v2\/product_tag?post=40458"}],"curies":[{"name":"wp","href":"https:\/\/api.w.org\/{rel}","templated":true}]}}