{"id":40454,"date":"2025-09-16T12:04:28","date_gmt":"2025-09-16T10:04:28","guid":{"rendered":"https:\/\/zooprekes24.lt\/?post_type=product&#038;p=40454"},"modified":"2026-03-02T14:22:11","modified_gmt":"2026-03-02T12:22:11","slug":"churu-bites-chicken-tuna-salmon-skanestai-katems-30g","status":"publish","type":"product","link":"https:\/\/zooprekes24.lt\/lv\/produktas\/churu-bites-chicken-tuna-salmon-skanestai-katems-30g\/","title":{"rendered":"Churu Bites Chicken Tuna Salmon skan\u0117stai kat\u0117ms 30 g"},"content":{"rendered":"<h3>Churu Bites Chicken Tuna Salmon yra mink\u0161ti pagalv\u0117s formos nat\u016bral\u016bs vi\u0161tienos, tuno ir la\u0161i\u0161os skan\u0117stai su \u017ealiosios arbatos ekstraktu ir vitaminu E. Be gr\u016bd\u0173, konservant\u0173 ir dirbtini\u0173 da\u017eikli\u0173. Kiekvienoje pakuot\u0117je yra trys atskiros pakuot\u0117s, kad b\u016bt\u0173 i\u0161laikytas maksimalus \u0161vie\u017eumas.<\/h3>\n<ul>\n<li>Maz kaloriju.<\/li>\n<li>Gar\u0161\u012bgs kr\u0113mveida pild\u012bjums iek\u0161pus\u0113.<\/li>\n<li>Be gr\u016bd\u0173, konservant\u0173 ir dirbtini\u0173 da\u017eikli\u0173.<\/li>\n<li>Interakt\u012bvs veids, k\u0101 pavad\u012bt laiku kop\u0101 ar m\u0101jdz\u012bvnieku.<\/li>\n<li>Pagaminta i\u0161 100% \u016bkyje u\u017eaugintos vi\u0161tienos ir laukin\u0117s \u017euvies.<\/li>\n<\/ul>","protected":false},"excerpt":{"rendered":"<p>Churu Bites Chicken Tuna Salmon yra mink\u0161ti pagalv\u0117s formos nat\u016bral\u016bs vi\u0161tienos, tuno ir la\u0161i\u0161os skan\u0117stai su \u017ealiosios arbatos ekstraktu ir vitaminu E. Be gr\u016bd\u0173, konservant\u0173 ir dirbtini\u0173 da\u017eikli\u0173. Kiekvienoje pakuot\u0117je yra trys atskiros pakuot\u0117s, kad b\u016bt\u0173 i\u0161laikytas maksimalus \u0161vie\u017eumas. Ma\u017eai kalorij\u0173. Gardus kreminis \u012fdaras viduje. Be gr\u016bd\u0173, konservant\u0173 ir dirbtini\u0173 da\u017eikli\u0173. Interaktyvus b\u016bdas praleisti laik\u0105&#8230;<\/p>","protected":false},"featured_media":40455,"comment_status":"closed","ping_status":"closed","template":"","meta":{"_acf_changed":false,"slim_seo":{"title":"Churu Bites Chicken Tuna Salmon skan\u0117stai kat\u0117ms 30 g - Zooprekes24","description":"Churu Bites Chicken Tuna Salmon yra mink\u0161ti pagalv\u0117s formos nat\u016bral\u016bs vi\u0161tienos, tuno ir la\u0161i\u0161os skan\u0117stai su \u017ealiosios arbatos ekstraktu ir vitaminu E. Be gr\u016bd"},"iawp_total_views":11},"product_brand":[],"product_cat":[9027,9239,72,83,25,9018],"product_tag":[2008,2032],"class_list":{"0":"post-40454","1":"product","2":"type-product","3":"status-publish","4":"has-post-thumbnail","6":"product_cat-begrudis-maistas-kaciu-maistas","7":"product_cat-churu-katems","8":"product_cat-kaciu-maistas","9":"product_cat-kaciu-prekiu-gamintojai","10":"product_cat-katems","11":"product_cat-skanestai","12":"product_tag-kaciu-skanestai","13":"product_tag-skystas-kaciu-skanestas","14":"pa_pasaro-sudetis-lasisa","15":"pa_pasaro-sudetis-tunas","16":"pa_pasaro-sudetis-vistiena","17":"pa_pasaro-sudetis-zuvis","18":"pa_prekiu-zenklai-churu","20":"first","21":"instock","22":"taxable","23":"shipping-taxable","24":"purchasable","25":"product-type-simple"},"acf":[],"_links":{"self":[{"href":"https:\/\/zooprekes24.lt\/lv\/wp-json\/wp\/v2\/product\/40454","targetHints":{"allow":["GET"]}}],"collection":[{"href":"https:\/\/zooprekes24.lt\/lv\/wp-json\/wp\/v2\/product"}],"about":[{"href":"https:\/\/zooprekes24.lt\/lv\/wp-json\/wp\/v2\/types\/product"}],"replies":[{"embeddable":true,"href":"https:\/\/zooprekes24.lt\/lv\/wp-json\/wp\/v2\/comments?post=40454"}],"wp:featuredmedia":[{"embeddable":true,"href":"https:\/\/zooprekes24.lt\/lv\/wp-json\/wp\/v2\/media\/40455"}],"wp:attachment":[{"href":"https:\/\/zooprekes24.lt\/lv\/wp-json\/wp\/v2\/media?parent=40454"}],"wp:term":[{"taxonomy":"product_brand","embeddable":true,"href":"https:\/\/zooprekes24.lt\/lv\/wp-json\/wp\/v2\/product_brand?post=40454"},{"taxonomy":"product_cat","embeddable":true,"href":"https:\/\/zooprekes24.lt\/lv\/wp-json\/wp\/v2\/product_cat?post=40454"},{"taxonomy":"product_tag","embeddable":true,"href":"https:\/\/zooprekes24.lt\/lv\/wp-json\/wp\/v2\/product_tag?post=40454"}],"curies":[{"name":"wp","href":"https:\/\/api.w.org\/{rel}","templated":true}]}}