{"id":40440,"date":"2025-09-16T10:49:33","date_gmt":"2025-09-16T08:49:33","guid":{"rendered":"https:\/\/zooprekes24.lt\/?post_type=product&#038;p=40440"},"modified":"2026-03-02T14:34:13","modified_gmt":"2026-03-02T12:34:13","slug":"churu-multipack-hairball-control-skanestu-rinkinys-katems-20vnt","status":"publish","type":"product","link":"https:\/\/zooprekes24.lt\/lv\/produktas\/churu-multipack-hairball-control-skanestu-rinkinys-katems-20vnt\/","title":{"rendered":"Churu Multipack Hairball Control skan\u0117st\u0173 rinkinys kat\u0117ms, 20 vnt"},"content":{"rendered":"<h3>Churu Multipack Hairball Control\u00a0&#8211; skan\u0117st\u0173 rinkinys su tunu ir vi\u0161tiena. Tyrel\u0117se yra daug dr\u0117gm\u0117s, kuri yra b\u016btina gerai ka\u010di\u0173 sveikatai. Sud\u0117tyje n\u0117ra gr\u016bd\u0173, konservant\u0173 ir dirbtini\u0173 da\u017eikli\u0173.<\/h3>\n<ul>\n<li>Ekonomisks iepakojums.<\/li>\n<li>Kr\u0113m\u012bga konsistence un pikanta gar\u0161a.<\/li>\n<li>Rinkinyje rasite 14 g \u00d7 20 pakeli\u0173 &#8211; 280 g.<\/li>\n<li>Be gr\u016bd\u0173, konservant\u0173 ir dirbtini\u0173 da\u017eikli\u0173.<\/li>\n<li>Interakt\u012bvs veids, k\u0101 pavad\u012bt laiku kop\u0101 ar m\u0101jdz\u012bvnieku.<\/li>\n<li>Pakuot\u0117je 2 skirtingi tyreli\u0173 skoni\u0173 deriniai: su tunu ir vi\u0161tiena.<\/li>\n<\/ul>","protected":false},"excerpt":{"rendered":"<p>Churu Multipack Hairball Control\u00a0&#8211; skan\u0117st\u0173 rinkinys su tunu ir vi\u0161tiena. Tyrel\u0117se yra daug dr\u0117gm\u0117s, kuri yra b\u016btina gerai ka\u010di\u0173 sveikatai. Sud\u0117tyje n\u0117ra gr\u016bd\u0173, konservant\u0173 ir dirbtini\u0173 da\u017eikli\u0173. Ekonomi\u0161ka pakuot\u0117. Kremin\u0117 tekst\u016bra ir pikanti\u0161kas skonis. Rinkinyje rasite 14 g \u00d7 20 pakeli\u0173 &#8211; 280 g. Be gr\u016bd\u0173, konservant\u0173 ir dirbtini\u0173 da\u017eikli\u0173. Interaktyvus b\u016bdas praleisti laik\u0105 kartu&#8230;<\/p>","protected":false},"featured_media":40584,"comment_status":"closed","ping_status":"closed","template":"","meta":{"_acf_changed":false,"slim_seo":{"title":"Churu Multipack Hairball Control skan\u0117st\u0173 rinkinys kat\u0117ms, 20 vnt - Zooprekes24","description":"Churu Multipack Hairball Control\u00a0- skan\u0117st\u0173 rinkinys su tunu ir vi\u0161tiena. Tyrel\u0117se yra daug dr\u0117gm\u0117s, kuri yra b\u016btina gerai ka\u010di\u0173 sveikatai. Sud\u0117tyje n\u0117ra gr\u016bd\u0173,"},"iawp_total_views":38},"product_brand":[],"product_cat":[9027,9239,72,83,25,9018],"product_tag":[7671,2032],"class_list":{"0":"post-40440","1":"product","2":"type-product","3":"status-publish","4":"has-post-thumbnail","6":"product_cat-begrudis-maistas-kaciu-maistas","7":"product_cat-churu-katems","8":"product_cat-kaciu-maistas","9":"product_cat-kaciu-prekiu-gamintojai","10":"product_cat-katems","11":"product_cat-skanestai","12":"product_tag-churu-rinkinys-katems","13":"product_tag-skystas-kaciu-skanestas","14":"pa_pasaro-sudetis-tunas","15":"pa_pasaro-sudetis-vistiena","16":"pa_pasaro-sudetis-zuvis","17":"pa_prekiu-zenklai-churu","19":"first","20":"instock","21":"taxable","22":"shipping-taxable","23":"purchasable","24":"product-type-simple"},"acf":[],"_links":{"self":[{"href":"https:\/\/zooprekes24.lt\/lv\/wp-json\/wp\/v2\/product\/40440","targetHints":{"allow":["GET"]}}],"collection":[{"href":"https:\/\/zooprekes24.lt\/lv\/wp-json\/wp\/v2\/product"}],"about":[{"href":"https:\/\/zooprekes24.lt\/lv\/wp-json\/wp\/v2\/types\/product"}],"replies":[{"embeddable":true,"href":"https:\/\/zooprekes24.lt\/lv\/wp-json\/wp\/v2\/comments?post=40440"}],"wp:featuredmedia":[{"embeddable":true,"href":"https:\/\/zooprekes24.lt\/lv\/wp-json\/wp\/v2\/media\/40584"}],"wp:attachment":[{"href":"https:\/\/zooprekes24.lt\/lv\/wp-json\/wp\/v2\/media?parent=40440"}],"wp:term":[{"taxonomy":"product_brand","embeddable":true,"href":"https:\/\/zooprekes24.lt\/lv\/wp-json\/wp\/v2\/product_brand?post=40440"},{"taxonomy":"product_cat","embeddable":true,"href":"https:\/\/zooprekes24.lt\/lv\/wp-json\/wp\/v2\/product_cat?post=40440"},{"taxonomy":"product_tag","embeddable":true,"href":"https:\/\/zooprekes24.lt\/lv\/wp-json\/wp\/v2\/product_tag?post=40440"}],"curies":[{"name":"wp","href":"https:\/\/api.w.org\/{rel}","templated":true}]}}