{"id":40438,"date":"2025-09-16T10:40:19","date_gmt":"2025-09-16T08:40:19","guid":{"rendered":"https:\/\/zooprekes24.lt\/?post_type=product&#038;p=40438"},"modified":"2025-09-16T14:13:11","modified_gmt":"2025-09-16T12:13:11","slug":"churu-chicken-hairball-control-skanestai-katems-56g","status":"publish","type":"product","link":"https:\/\/zooprekes24.lt\/lv\/produktas\/churu-chicken-hairball-control-skanestai-katems-56g\/","title":{"rendered":"Churu Chicken Hairball Control skan\u0117stai kat\u0117ms 56 g"},"content":{"rendered":"<h3>Churu Chicken Hairball Control skan\u0117stuose yra daug dr\u0117gm\u0117s, kuri yra b\u016btina gerai ka\u010di\u0173 sveikatai. Sud\u0117tyje esantys komponentai padeda ma\u017einti kailio gumun\u0117li\u0173 susidarym\u0105. Tyreli\u0173 sud\u0117tyje n\u0117ra gr\u016bd\u0173, konservant\u0173 ir dirbtini\u0173 da\u017eikli\u0173.<\/h3>\n<ul>\n<li>Bez kalorij\u0101m.<\/li>\n<li>Kr\u0113m\u012bga konsistence un pikanta gar\u0161a.<\/li>\n<li>Be gr\u016bd\u0173, konservant\u0173 ir dirbtini\u0173 da\u017eikli\u0173.<\/li>\n<li>Izgatavots no vistas ga\u013cas no saimniec\u012bbas 100%.<\/li>\n<li>Interakt\u012bvs veids, k\u0101 pavad\u012bt laiku kop\u0101 ar m\u0101jdz\u012bvnieku.<\/li>\n<li>Veicina vesel\u012bgu gremo\u0161anu: ne\u0161\u0137\u012bsto\u0161as augu \u0161\u0137iedrvielas pal\u012bdz uztur\u0113t vesel\u012bgu gremo\u0161anas traktu un kontrol\u0113t matu salip\u0161anu.<\/li>\n<li>Taur\u012bns un E vitam\u012bns: taur\u012bns ir neaizvietojama aminosk\u0101be, kas pal\u012bdz ka\u0137iem saglab\u0101t norm\u0101lu redzi, sirds un nervu darb\u012bbu. E vitam\u012bns darbojas k\u0101 antioksidants.<\/li>\n<\/ul>","protected":false},"excerpt":{"rendered":"<p>Churu Chicken Hairball Control skan\u0117stuose yra daug dr\u0117gm\u0117s, kuri yra b\u016btina gerai ka\u010di\u0173 sveikatai. Sud\u0117tyje esantys komponentai padeda ma\u017einti kailio gumun\u0117li\u0173 susidarym\u0105. Tyreli\u0173 sud\u0117tyje n\u0117ra gr\u016bd\u0173, konservant\u0173 ir dirbtini\u0173 da\u017eikli\u0173. Nekaloringas. Kremin\u0117 tekst\u016bra ir pikanti\u0161kas skonis. Be gr\u016bd\u0173, konservant\u0173 ir dirbtini\u0173 da\u017eikli\u0173. Pagaminta i\u0161 100% \u016bkyje u\u017eaugintos vi\u0161tienos. Interaktyvus b\u016bdas praleisti laik\u0105 kartu su augintiniu&#8230;.<\/p>","protected":false},"featured_media":40439,"comment_status":"closed","ping_status":"closed","template":"","meta":{"_acf_changed":false,"slim_seo":{"title":"Churu Chicken Hairball Control skan\u0117stai kat\u0117ms 56 g - Zooprekes24","description":"Churu Chicken Hairball Control skan\u0117stuose yra daug dr\u0117gm\u0117s, kuri yra b\u016btina gerai ka\u010di\u0173 sveikatai. Sud\u0117tyje esantys komponentai padeda ma\u017einti kailio gumun\u0117li\u0173"},"iawp_total_views":49},"product_brand":[],"product_cat":[9027,9239,72,83,25,9018],"product_tag":[2008,2032],"class_list":{"0":"post-40438","1":"product","2":"type-product","3":"status-publish","4":"has-post-thumbnail","6":"product_cat-begrudis-maistas-kaciu-maistas","7":"product_cat-churu-katems","8":"product_cat-kaciu-maistas","9":"product_cat-kaciu-prekiu-gamintojai","10":"product_cat-katems","11":"product_cat-skanestai","12":"product_tag-kaciu-skanestai","13":"product_tag-skystas-kaciu-skanestas","14":"pa_pasaro-sudetis-vistiena","15":"pa_prekiu-zenklai-churu","17":"first","18":"instock","19":"taxable","20":"shipping-taxable","21":"purchasable","22":"product-type-simple"},"acf":[],"_links":{"self":[{"href":"https:\/\/zooprekes24.lt\/lv\/wp-json\/wp\/v2\/product\/40438","targetHints":{"allow":["GET"]}}],"collection":[{"href":"https:\/\/zooprekes24.lt\/lv\/wp-json\/wp\/v2\/product"}],"about":[{"href":"https:\/\/zooprekes24.lt\/lv\/wp-json\/wp\/v2\/types\/product"}],"replies":[{"embeddable":true,"href":"https:\/\/zooprekes24.lt\/lv\/wp-json\/wp\/v2\/comments?post=40438"}],"wp:featuredmedia":[{"embeddable":true,"href":"https:\/\/zooprekes24.lt\/lv\/wp-json\/wp\/v2\/media\/40439"}],"wp:attachment":[{"href":"https:\/\/zooprekes24.lt\/lv\/wp-json\/wp\/v2\/media?parent=40438"}],"wp:term":[{"taxonomy":"product_brand","embeddable":true,"href":"https:\/\/zooprekes24.lt\/lv\/wp-json\/wp\/v2\/product_brand?post=40438"},{"taxonomy":"product_cat","embeddable":true,"href":"https:\/\/zooprekes24.lt\/lv\/wp-json\/wp\/v2\/product_cat?post=40438"},{"taxonomy":"product_tag","embeddable":true,"href":"https:\/\/zooprekes24.lt\/lv\/wp-json\/wp\/v2\/product_tag?post=40438"}],"curies":[{"name":"wp","href":"https:\/\/api.w.org\/{rel}","templated":true}]}}