{"id":40422,"date":"2025-09-15T15:05:31","date_gmt":"2025-09-15T13:05:31","guid":{"rendered":"https:\/\/zooprekes24.lt\/?post_type=product&#038;p=40422"},"modified":"2026-03-02T14:06:56","modified_gmt":"2026-03-02T12:06:56","slug":"churu-multipack-tuna-skin-coat-skanestu-rinkinys-katems-20vnt","status":"publish","type":"product","link":"https:\/\/zooprekes24.lt\/lv\/produktas\/churu-multipack-tuna-skin-coat-skanestu-rinkinys-katems-20vnt\/","title":{"rendered":"Churu Multipack Tuna Skin &#038; Coat skan\u0117st\u0173 rinkinys kat\u0117ms, 20 vnt"},"content":{"rendered":"<h3>Churu Multipack Tuna Skin &amp; Coat &#8211; skan\u0117st\u0173 rinkinys su tunu ir tunu ir \u0161ukut\u0117m. Tyrel\u0117se yra daug dr\u0117gm\u0117s, kuri yra b\u016btina gerai ka\u010di\u0173 sveikatai. Sud\u0117tyje n\u0117ra gr\u016bd\u0173, konservant\u0173 ir dirbtini\u0173 da\u017eikli\u0173.<\/h3>\n<ul>\n<li>Ekonomisks iepakojums.<\/li>\n<li>Kr\u0113m\u012bga konsistence un pikanta gar\u0161a.<\/li>\n<li>Rinkinyje rasite 14 g \u00d7 20 pakeli\u0173 &#8211; 280 g.<\/li>\n<li>Be gr\u016bd\u0173, konservant\u0173 ir dirbtini\u0173 da\u017eikli\u0173.<\/li>\n<li>Interakt\u012bvs veids, k\u0101 pavad\u012bt laiku kop\u0101 ar m\u0101jdz\u012bvnieku.<\/li>\n<li>Pakuot\u0117je 2 skirtingi tyreli\u0173 skoni\u0173 deriniai: su tunu ir tunu ir \u0161ukut\u0117m.<\/li>\n<\/ul>","protected":false},"excerpt":{"rendered":"<p>Churu Multipack Tuna Skin &amp; Coat &#8211; skan\u0117st\u0173 rinkinys su tunu ir tunu ir \u0161ukut\u0117m. Tyrel\u0117se yra daug dr\u0117gm\u0117s, kuri yra b\u016btina gerai ka\u010di\u0173 sveikatai. Sud\u0117tyje n\u0117ra gr\u016bd\u0173, konservant\u0173 ir dirbtini\u0173 da\u017eikli\u0173. Ekonomi\u0161ka pakuot\u0117. Kremin\u0117 tekst\u016bra ir pikanti\u0161kas skonis. Rinkinyje rasite 14 g \u00d7 20 pakeli\u0173 &#8211; 280 g. Be gr\u016bd\u0173, konservant\u0173 ir dirbtini\u0173 da\u017eikli\u0173&#8230;.<\/p>","protected":false},"featured_media":40582,"comment_status":"closed","ping_status":"closed","template":"","meta":{"_acf_changed":false,"slim_seo":{"title":"Churu Multipack Tuna Skin & Coat skan\u0117st\u0173 rinkinys kat\u0117ms, 20 vnt - Zooprekes24","description":"Churu Multipack Tuna Skin &amp; Coat - skan\u0117st\u0173 rinkinys su tunu ir tunu ir \u0161ukut\u0117m. Tyrel\u0117se yra daug dr\u0117gm\u0117s, kuri yra b\u016btina gerai ka\u010di\u0173 sveikatai. Sud\u0117tyje"},"iawp_total_views":21},"product_brand":[],"product_cat":[9027,9239,72,83,25,9018],"product_tag":[7671,2032],"class_list":{"0":"post-40422","1":"product","2":"type-product","3":"status-publish","4":"has-post-thumbnail","6":"product_cat-begrudis-maistas-kaciu-maistas","7":"product_cat-churu-katems","8":"product_cat-kaciu-maistas","9":"product_cat-kaciu-prekiu-gamintojai","10":"product_cat-katems","11":"product_cat-skanestai","12":"product_tag-churu-rinkinys-katems","13":"product_tag-skystas-kaciu-skanestas","14":"pa_pasaro-sudetis-juros-gerybes","15":"pa_pasaro-sudetis-tunas","16":"pa_pasaro-sudetis-zuvis","17":"pa_prekiu-zenklai-churu","19":"first","20":"instock","21":"taxable","22":"shipping-taxable","23":"purchasable","24":"product-type-simple"},"acf":[],"_links":{"self":[{"href":"https:\/\/zooprekes24.lt\/lv\/wp-json\/wp\/v2\/product\/40422","targetHints":{"allow":["GET"]}}],"collection":[{"href":"https:\/\/zooprekes24.lt\/lv\/wp-json\/wp\/v2\/product"}],"about":[{"href":"https:\/\/zooprekes24.lt\/lv\/wp-json\/wp\/v2\/types\/product"}],"replies":[{"embeddable":true,"href":"https:\/\/zooprekes24.lt\/lv\/wp-json\/wp\/v2\/comments?post=40422"}],"wp:featuredmedia":[{"embeddable":true,"href":"https:\/\/zooprekes24.lt\/lv\/wp-json\/wp\/v2\/media\/40582"}],"wp:attachment":[{"href":"https:\/\/zooprekes24.lt\/lv\/wp-json\/wp\/v2\/media?parent=40422"}],"wp:term":[{"taxonomy":"product_brand","embeddable":true,"href":"https:\/\/zooprekes24.lt\/lv\/wp-json\/wp\/v2\/product_brand?post=40422"},{"taxonomy":"product_cat","embeddable":true,"href":"https:\/\/zooprekes24.lt\/lv\/wp-json\/wp\/v2\/product_cat?post=40422"},{"taxonomy":"product_tag","embeddable":true,"href":"https:\/\/zooprekes24.lt\/lv\/wp-json\/wp\/v2\/product_tag?post=40422"}],"curies":[{"name":"wp","href":"https:\/\/api.w.org\/{rel}","templated":true}]}}