{"id":40297,"date":"2025-09-11T14:46:40","date_gmt":"2025-09-11T12:46:40","guid":{"rendered":"https:\/\/zooprekes24.lt\/?post_type=product&#038;p=40297"},"modified":"2025-09-11T14:51:54","modified_gmt":"2025-09-11T12:51:54","slug":"brit-care-urinary-saltyje-isdziovinti-skanestai-katems-40g","status":"publish","type":"product","link":"https:\/\/zooprekes24.lt\/lv\/produktas\/brit-care-urinary-saltyje-isdziovinti-skanestai-katems-40g\/","title":{"rendered":"Brit Care Urinary \u0161altyje i\u0161d\u017eiovinti skan\u0117stai kat\u0117ms 40 g"},"content":{"rendered":"<h3>Brit Care Urinary l<span>iofilizuotas skan\u0117stas ir pa\u0161aro papildas suaugusioms sterilizuotoms kat\u0117ms. Su vi\u0161tiena, kalakutiena, probiotikais ir spanguol\u0117mis, palaiko vir\u0161kinim\u0105, imunitet\u0105 ir \u0161lapimo tak\u0173 sveikat\u0105.<\/span><\/h3>\n<ul>\n<li>Dabas.<\/li>\n<li>Spanguol\u0117s &#8211; \u0161lapimo tak\u0173 palaikymui.<\/li>\n<li>Sukurti sterilizuotoms suaugusioms kat\u0117ms.<\/li>\n<li>Probiotikai &#8211; geresniam vir\u0161kinimui ir imunitetui.<\/li>\n<li>Neapstr\u0101d\u0101ta, liofiliz\u0113ta: 96% svaiga ga\u013ca.<\/li>\n<li>Vi\u0161tiena ir kalakutiena &#8211; vertingi baltym\u0173 \u0161altiniai.<\/li>\n<li>Bez m\u0101ksl\u012bgiem konservantiem, aromatiz\u0113t\u0101jiem, kr\u0101sviel\u0101m un pievienot\u0101s s\u0101ls.<\/li>\n<li>Hidroliz\u0113ts raugs: nodro\u0161ina b\u016btiskas uzturvielas un veicina labu zarnu vesel\u012bbu.<\/li>\n<\/ul>","protected":false},"excerpt":{"rendered":"<p>Brit Care Urinary liofilizuotas skan\u0117stas ir pa\u0161aro papildas suaugusioms sterilizuotoms kat\u0117ms. Su vi\u0161tiena, kalakutiena, probiotikais ir spanguol\u0117mis, palaiko vir\u0161kinim\u0105, imunitet\u0105 ir \u0161lapimo tak\u0173 sveikat\u0105. Nat\u016bral\u016bs. Spanguol\u0117s &#8211; \u0161lapimo tak\u0173 palaikymui. Sukurti sterilizuotoms suaugusioms kat\u0117ms. Probiotikai &#8211; geresniam vir\u0161kinimui ir imunitetui. Neapdoroti, d\u017eiovinti \u0161altyje: 96% \u0161vie\u017eios m\u0117sos. Vi\u0161tiena ir kalakutiena &#8211; vertingi baltym\u0173 \u0161altiniai. Be dirbtini\u0173&#8230;<\/p>","protected":false},"featured_media":40298,"comment_status":"closed","ping_status":"closed","template":"","meta":{"_acf_changed":false,"slim_seo":{"title":"Brit Care Urinary \u0161altyje i\u0161d\u017eiovinti skan\u0117stai kat\u0117ms 40 g - Zooprekes24","description":"Brit Care Urinary l iofilizuotas skan\u0117stas ir pa\u0161aro papildas suaugusioms sterilizuotoms kat\u0117ms. Su vi\u0161tiena, kalakutiena, probiotikais ir spanguol\u0117mis, palaiko"},"iawp_total_views":31},"product_brand":[],"product_cat":[9047,72,83,25,9018],"product_tag":[871,6181,4591,385,386,391],"class_list":{"0":"post-40297","1":"product","2":"type-product","3":"status-publish","4":"has-post-thumbnail","6":"product_cat-brit-care-kaciu-prekiu-gamintojai","7":"product_cat-kaciu-maistas","8":"product_cat-kaciu-prekiu-gamintojai","9":"product_cat-katems","10":"product_cat-skanestai","11":"product_tag-brit-skanestai-suniui","12":"product_tag-freeze-dry-skanukai-sunims","13":"product_tag-funkciniai-skanestai-sunims","14":"product_tag-skanestas-suns-dresiravimui","15":"product_tag-skanukai-sunims","16":"product_tag-traskus-skanestai-sunims","17":"pa_pasaro-sudetis-kalakutiena","18":"pa_pasaro-sudetis-vistiena","19":"pa_prekiu-zenklai-brit-care","21":"first","22":"instock","23":"featured","24":"taxable","25":"shipping-taxable","26":"purchasable","27":"product-type-simple"},"acf":[],"_links":{"self":[{"href":"https:\/\/zooprekes24.lt\/lv\/wp-json\/wp\/v2\/product\/40297","targetHints":{"allow":["GET"]}}],"collection":[{"href":"https:\/\/zooprekes24.lt\/lv\/wp-json\/wp\/v2\/product"}],"about":[{"href":"https:\/\/zooprekes24.lt\/lv\/wp-json\/wp\/v2\/types\/product"}],"replies":[{"embeddable":true,"href":"https:\/\/zooprekes24.lt\/lv\/wp-json\/wp\/v2\/comments?post=40297"}],"wp:featuredmedia":[{"embeddable":true,"href":"https:\/\/zooprekes24.lt\/lv\/wp-json\/wp\/v2\/media\/40298"}],"wp:attachment":[{"href":"https:\/\/zooprekes24.lt\/lv\/wp-json\/wp\/v2\/media?parent=40297"}],"wp:term":[{"taxonomy":"product_brand","embeddable":true,"href":"https:\/\/zooprekes24.lt\/lv\/wp-json\/wp\/v2\/product_brand?post=40297"},{"taxonomy":"product_cat","embeddable":true,"href":"https:\/\/zooprekes24.lt\/lv\/wp-json\/wp\/v2\/product_cat?post=40297"},{"taxonomy":"product_tag","embeddable":true,"href":"https:\/\/zooprekes24.lt\/lv\/wp-json\/wp\/v2\/product_tag?post=40297"}],"curies":[{"name":"wp","href":"https:\/\/api.w.org\/{rel}","templated":true}]}}