{"id":40286,"date":"2025-09-11T11:33:20","date_gmt":"2025-09-11T09:33:20","guid":{"rendered":"https:\/\/zooprekes24.lt\/?post_type=product&#038;p=40286"},"modified":"2025-09-15T15:46:28","modified_gmt":"2025-09-15T13:46:28","slug":"trixie-junior-interaktyvus-zaislas-katems-su-kamuoliukais-rozinis-su-metine-spalva","status":"publish","type":"product","link":"https:\/\/zooprekes24.lt\/lv\/produktas\/trixie-junior-interaktyvus-zaislas-katems-su-kamuoliukais-rozinis-su-metine-spalva\/","title":{"rendered":"Trixie Junior interaktyvus \u017eaislas kat\u0117ms su kamuoliukais, ro\u017einis su m\u0117tine spalva"},"content":{"rendered":"","protected":false},"excerpt":{"rendered":"","protected":false},"featured_media":40287,"comment_status":"closed","ping_status":"closed","template":"","meta":{"_acf_changed":false,"slim_seo":{"title":"Trixie Junior interaktyvus \u017eaislas kat\u0117ms su kamuoliukais, ro\u017einis su m\u0117tine spalva - Zooprekes24","description":""},"iawp_total_views":23},"product_brand":[],"product_cat":[83,25,104,9222,9238],"product_tag":[],"class_list":{"0":"post-40286","1":"product","2":"type-product","3":"status-publish","4":"has-post-thumbnail","6":"product_cat-kaciu-prekiu-gamintojai","7":"product_cat-katems","8":"product_cat-kitos-kaciu-prekes","9":"product_cat-trixie-katems","10":"product_cat-zaislai-katems","11":"pa_prekiu-zenklai-trixie","12":"pa_zaislo-tipas-judantis","13":"pa_zaislo-tipas-lavinamasis","15":"first","16":"instock","17":"featured","18":"taxable","19":"shipping-taxable","20":"purchasable","21":"product-type-simple"},"acf":[],"_links":{"self":[{"href":"https:\/\/zooprekes24.lt\/lv\/wp-json\/wp\/v2\/product\/40286","targetHints":{"allow":["GET"]}}],"collection":[{"href":"https:\/\/zooprekes24.lt\/lv\/wp-json\/wp\/v2\/product"}],"about":[{"href":"https:\/\/zooprekes24.lt\/lv\/wp-json\/wp\/v2\/types\/product"}],"replies":[{"embeddable":true,"href":"https:\/\/zooprekes24.lt\/lv\/wp-json\/wp\/v2\/comments?post=40286"}],"wp:featuredmedia":[{"embeddable":true,"href":"https:\/\/zooprekes24.lt\/lv\/wp-json\/wp\/v2\/media\/40287"}],"wp:attachment":[{"href":"https:\/\/zooprekes24.lt\/lv\/wp-json\/wp\/v2\/media?parent=40286"}],"wp:term":[{"taxonomy":"product_brand","embeddable":true,"href":"https:\/\/zooprekes24.lt\/lv\/wp-json\/wp\/v2\/product_brand?post=40286"},{"taxonomy":"product_cat","embeddable":true,"href":"https:\/\/zooprekes24.lt\/lv\/wp-json\/wp\/v2\/product_cat?post=40286"},{"taxonomy":"product_tag","embeddable":true,"href":"https:\/\/zooprekes24.lt\/lv\/wp-json\/wp\/v2\/product_tag?post=40286"}],"curies":[{"name":"wp","href":"https:\/\/api.w.org\/{rel}","templated":true}]}}