{"id":40187,"date":"2025-09-09T10:06:55","date_gmt":"2025-09-09T08:06:55","guid":{"rendered":"https:\/\/zooprekes24.lt\/?post_type=product&#038;p=40187"},"modified":"2025-09-12T14:03:23","modified_gmt":"2025-09-12T12:03:23","slug":"trixie-minkstas-zaislas-sunims-suniukas-begarsis-baltas","status":"publish","type":"product","link":"https:\/\/zooprekes24.lt\/lv\/produktas\/trixie-minkstas-zaislas-sunims-suniukas-begarsis-baltas\/","title":{"rendered":"Trixie mink\u0161tas \u017eaislas \u0161unims \u0161uniukas, begarsis, baltas"},"content":{"rendered":"","protected":false},"excerpt":{"rendered":"","protected":false},"featured_media":40188,"comment_status":"closed","ping_status":"closed","template":"","meta":{"_acf_changed":false,"slim_seo":{"title":"Trixie mink\u0161tas \u017eaislas \u0161unims \u0161uniukas, begarsis, baltas - Zooprekes24","description":""},"iawp_total_views":4},"product_brand":[],"product_cat":[32,8999,31,9219,9024],"product_tag":[],"class_list":{"0":"post-40187","1":"product","2":"type-product","3":"status-publish","4":"has-post-thumbnail","6":"product_cat-kitos-sunu-prekes","7":"product_cat-sunims","8":"product_cat-sunu-prekiu-gamintojai","9":"product_cat-trixie-sunims","10":"product_cat-zaislai-sunims","11":"pa_prekiu-zenklai-trixie","12":"pa_zaislo-tipas-pliusinis","14":"first","15":"instock","16":"featured","17":"taxable","18":"shipping-taxable","19":"purchasable","20":"product-type-simple"},"acf":[],"_links":{"self":[{"href":"https:\/\/zooprekes24.lt\/lv\/wp-json\/wp\/v2\/product\/40187","targetHints":{"allow":["GET"]}}],"collection":[{"href":"https:\/\/zooprekes24.lt\/lv\/wp-json\/wp\/v2\/product"}],"about":[{"href":"https:\/\/zooprekes24.lt\/lv\/wp-json\/wp\/v2\/types\/product"}],"replies":[{"embeddable":true,"href":"https:\/\/zooprekes24.lt\/lv\/wp-json\/wp\/v2\/comments?post=40187"}],"wp:featuredmedia":[{"embeddable":true,"href":"https:\/\/zooprekes24.lt\/lv\/wp-json\/wp\/v2\/media\/40188"}],"wp:attachment":[{"href":"https:\/\/zooprekes24.lt\/lv\/wp-json\/wp\/v2\/media?parent=40187"}],"wp:term":[{"taxonomy":"product_brand","embeddable":true,"href":"https:\/\/zooprekes24.lt\/lv\/wp-json\/wp\/v2\/product_brand?post=40187"},{"taxonomy":"product_cat","embeddable":true,"href":"https:\/\/zooprekes24.lt\/lv\/wp-json\/wp\/v2\/product_cat?post=40187"},{"taxonomy":"product_tag","embeddable":true,"href":"https:\/\/zooprekes24.lt\/lv\/wp-json\/wp\/v2\/product_tag?post=40187"}],"curies":[{"name":"wp","href":"https:\/\/api.w.org\/{rel}","templated":true}]}}