{"id":40176,"date":"2025-09-09T09:35:45","date_gmt":"2025-09-09T07:35:45","guid":{"rendered":"https:\/\/zooprekes24.lt\/?post_type=product&#038;p=40176"},"modified":"2025-09-11T15:56:06","modified_gmt":"2025-09-11T13:56:06","slug":"trixie-junior-zaislas-sunims-triusis-cypsi-ir-ceza-rozinis","status":"publish","type":"product","link":"https:\/\/zooprekes24.lt\/lv\/produktas\/trixie-junior-zaislas-sunims-triusis-cypsi-ir-ceza-rozinis\/","title":{"rendered":"Trixie Junior \u017eaislas \u0161unims triu\u0161is, cypsi ir \u010de\u017ea, ro\u017einis"},"content":{"rendered":"","protected":false},"excerpt":{"rendered":"","protected":false},"featured_media":40178,"comment_status":"closed","ping_status":"closed","template":"","meta":{"_acf_changed":false,"slim_seo":{"title":"Trixie Junior \u017eaislas \u0161unims triu\u0161is, cypsi ir \u010de\u017ea, ro\u017einis - Zooprekes24","description":""},"iawp_total_views":5},"product_brand":[],"product_cat":[32,8999,31,9219,9024],"product_tag":[],"class_list":{"0":"post-40176","1":"product","2":"type-product","3":"status-publish","4":"has-post-thumbnail","6":"product_cat-kitos-sunu-prekes","7":"product_cat-sunims","8":"product_cat-sunu-prekiu-gamintojai","9":"product_cat-trixie-sunims","10":"product_cat-zaislai-sunims","11":"pa_prekiu-zenklai-trixie","12":"pa_zaislo-tipas-cypiantis","13":"pa_zaislo-tipas-pliusinis","14":"pa_zaislo-tipas-traskantis","16":"first","17":"instock","18":"featured","19":"taxable","20":"shipping-taxable","21":"purchasable","22":"product-type-simple"},"acf":[],"_links":{"self":[{"href":"https:\/\/zooprekes24.lt\/lv\/wp-json\/wp\/v2\/product\/40176","targetHints":{"allow":["GET"]}}],"collection":[{"href":"https:\/\/zooprekes24.lt\/lv\/wp-json\/wp\/v2\/product"}],"about":[{"href":"https:\/\/zooprekes24.lt\/lv\/wp-json\/wp\/v2\/types\/product"}],"replies":[{"embeddable":true,"href":"https:\/\/zooprekes24.lt\/lv\/wp-json\/wp\/v2\/comments?post=40176"}],"wp:featuredmedia":[{"embeddable":true,"href":"https:\/\/zooprekes24.lt\/lv\/wp-json\/wp\/v2\/media\/40178"}],"wp:attachment":[{"href":"https:\/\/zooprekes24.lt\/lv\/wp-json\/wp\/v2\/media?parent=40176"}],"wp:term":[{"taxonomy":"product_brand","embeddable":true,"href":"https:\/\/zooprekes24.lt\/lv\/wp-json\/wp\/v2\/product_brand?post=40176"},{"taxonomy":"product_cat","embeddable":true,"href":"https:\/\/zooprekes24.lt\/lv\/wp-json\/wp\/v2\/product_cat?post=40176"},{"taxonomy":"product_tag","embeddable":true,"href":"https:\/\/zooprekes24.lt\/lv\/wp-json\/wp\/v2\/product_tag?post=40176"}],"curies":[{"name":"wp","href":"https:\/\/api.w.org\/{rel}","templated":true}]}}