{"id":39314,"date":"2025-08-05T14:42:46","date_gmt":"2025-08-05T12:42:46","guid":{"rendered":"https:\/\/zooprekes24.lt\/?post_type=product&#038;p=39314"},"modified":"2025-08-07T10:56:02","modified_gmt":"2025-08-07T08:56:02","slug":"trixie-junior-zaislas-sunims-virvinis-kamuolys-pilkas-su-metine-ir-violetine-spalva","status":"publish","type":"product","link":"https:\/\/zooprekes24.lt\/lv\/produktas\/trixie-junior-zaislas-sunims-virvinis-kamuolys-pilkas-su-metine-ir-violetine-spalva\/","title":{"rendered":"Trixie Junior \u017eaislas \u0161unims virvinis kamuolys, pilkas su m\u0117tine ir violetine spalva"},"content":{"rendered":"","protected":false},"excerpt":{"rendered":"","protected":false},"featured_media":39315,"comment_status":"closed","ping_status":"closed","template":"","meta":{"_acf_changed":false,"slim_seo":{"title":"Trixie Junior \u017eaislas \u0161unims virvinis kamuolys, pilkas su m\u0117tine ir violetine spalva - Zooprekes24","description":""},"iawp_total_views":7},"product_brand":[],"product_cat":[32,8999,31,9219,9024],"product_tag":[],"class_list":{"0":"post-39314","1":"product","2":"type-product","3":"status-publish","4":"has-post-thumbnail","6":"product_cat-kitos-sunu-prekes","7":"product_cat-sunims","8":"product_cat-sunu-prekiu-gamintojai","9":"product_cat-trixie-sunims","10":"product_cat-zaislai-sunims","11":"pa_prekiu-zenklai-trixie","12":"pa_zaislo-tipas-kramtymui","13":"pa_zaislo-tipas-metymui","15":"first","16":"instock","17":"featured","18":"taxable","19":"shipping-taxable","20":"purchasable","21":"product-type-simple"},"acf":[],"_links":{"self":[{"href":"https:\/\/zooprekes24.lt\/lv\/wp-json\/wp\/v2\/product\/39314","targetHints":{"allow":["GET"]}}],"collection":[{"href":"https:\/\/zooprekes24.lt\/lv\/wp-json\/wp\/v2\/product"}],"about":[{"href":"https:\/\/zooprekes24.lt\/lv\/wp-json\/wp\/v2\/types\/product"}],"replies":[{"embeddable":true,"href":"https:\/\/zooprekes24.lt\/lv\/wp-json\/wp\/v2\/comments?post=39314"}],"wp:featuredmedia":[{"embeddable":true,"href":"https:\/\/zooprekes24.lt\/lv\/wp-json\/wp\/v2\/media\/39315"}],"wp:attachment":[{"href":"https:\/\/zooprekes24.lt\/lv\/wp-json\/wp\/v2\/media?parent=39314"}],"wp:term":[{"taxonomy":"product_brand","embeddable":true,"href":"https:\/\/zooprekes24.lt\/lv\/wp-json\/wp\/v2\/product_brand?post=39314"},{"taxonomy":"product_cat","embeddable":true,"href":"https:\/\/zooprekes24.lt\/lv\/wp-json\/wp\/v2\/product_cat?post=39314"},{"taxonomy":"product_tag","embeddable":true,"href":"https:\/\/zooprekes24.lt\/lv\/wp-json\/wp\/v2\/product_tag?post=39314"}],"curies":[{"name":"wp","href":"https:\/\/api.w.org\/{rel}","templated":true}]}}