{"id":39217,"date":"2025-08-04T10:13:30","date_gmt":"2025-08-04T08:13:30","guid":{"rendered":"https:\/\/zooprekes24.lt\/?post_type=product&#038;p=39217"},"modified":"2025-08-05T16:11:34","modified_gmt":"2025-08-05T14:11:34","slug":"trixie-dresuros-pele-sunims-dziutas-iv-dydziu","status":"publish","type":"product","link":"https:\/\/zooprekes24.lt\/lv\/produktas\/trixie-dresuros-pele-sunims-dziutas-iv-dydziu\/","title":{"rendered":"Trixie dres\u016bros pel\u0117 \u0161unims, d\u017eiutas, \u012fv. dyd\u017ei\u0173"},"content":{"rendered":"<p>I\u0161matavimai:<\/p>\n<ul>\n<li>Ma\u017eesn\u0117: \u00f8 9 x 29 cm \/ 43 cm,<\/li>\n<li>Didesn\u0117: \u00f8 12 x 58 cm \/ 88 cm.<\/li>\n<\/ul>","protected":false},"excerpt":{"rendered":"<p>I\u0161matavimai: Ma\u017eesn\u0117: \u00f8 9 x 29 cm \/ 43 cm, Didesn\u0117: \u00f8 12 x 58 cm \/ 88 cm.<\/p>","protected":false},"featured_media":39220,"comment_status":"closed","ping_status":"closed","template":"","meta":{"_acf_changed":false,"slim_seo":{"title":"Trixie dres\u016bros pel\u0117 \u0161unims, d\u017eiutas, \u012fv. dyd\u017ei\u0173 - Zooprekes24","description":"I\u0161matavimai: Ma\u017eesn\u0117: \u00f8 9 x 29 cm \/ 43 cm, Didesn\u0117: \u00f8 12 x 58 cm \/ 88 cm."},"iawp_total_views":15},"product_brand":[],"product_cat":[32,8999,31,9219,9024],"product_tag":[],"class_list":{"0":"post-39217","1":"product","2":"type-product","3":"status-publish","4":"has-post-thumbnail","6":"product_cat-kitos-sunu-prekes","7":"product_cat-sunims","8":"product_cat-sunu-prekiu-gamintojai","9":"product_cat-trixie-sunims","10":"product_cat-zaislai-sunims","11":"pa_prekiu-zenklai-trixie","12":"pa_zaislo-tipas-dresiravimui","13":"pa_zaislo-tipas-tampymui","15":"first","16":"instock","17":"featured","18":"taxable","19":"shipping-taxable","20":"purchasable","21":"product-type-variable"},"acf":[],"_links":{"self":[{"href":"https:\/\/zooprekes24.lt\/lv\/wp-json\/wp\/v2\/product\/39217","targetHints":{"allow":["GET"]}}],"collection":[{"href":"https:\/\/zooprekes24.lt\/lv\/wp-json\/wp\/v2\/product"}],"about":[{"href":"https:\/\/zooprekes24.lt\/lv\/wp-json\/wp\/v2\/types\/product"}],"replies":[{"embeddable":true,"href":"https:\/\/zooprekes24.lt\/lv\/wp-json\/wp\/v2\/comments?post=39217"}],"wp:featuredmedia":[{"embeddable":true,"href":"https:\/\/zooprekes24.lt\/lv\/wp-json\/wp\/v2\/media\/39220"}],"wp:attachment":[{"href":"https:\/\/zooprekes24.lt\/lv\/wp-json\/wp\/v2\/media?parent=39217"}],"wp:term":[{"taxonomy":"product_brand","embeddable":true,"href":"https:\/\/zooprekes24.lt\/lv\/wp-json\/wp\/v2\/product_brand?post=39217"},{"taxonomy":"product_cat","embeddable":true,"href":"https:\/\/zooprekes24.lt\/lv\/wp-json\/wp\/v2\/product_cat?post=39217"},{"taxonomy":"product_tag","embeddable":true,"href":"https:\/\/zooprekes24.lt\/lv\/wp-json\/wp\/v2\/product_tag?post=39217"}],"curies":[{"name":"wp","href":"https:\/\/api.w.org\/{rel}","templated":true}]}}