{"id":39172,"date":"2025-08-01T13:01:06","date_gmt":"2025-08-01T11:01:06","guid":{"rendered":"https:\/\/zooprekes24.lt\/?post_type=product&#038;p=39172"},"modified":"2025-08-06T11:03:02","modified_gmt":"2025-08-06T09:03:02","slug":"trixie-zaislas-gyvate-sunims-skirtas-idaryti-skanestais-arba-pastetu-neonine-zalia","status":"publish","type":"product","link":"https:\/\/zooprekes24.lt\/lv\/produktas\/trixie-zaislas-gyvate-sunims-skirtas-idaryti-skanestais-arba-pastetu-neonine-zalia\/","title":{"rendered":"Trixie \u017eaislas gyvat\u0117 \u0161unims, skirtas \u012fdaryti skan\u0117stais arba pa\u0161tetu, neonin\u0117 \u017ealia"},"content":{"rendered":"","protected":false},"excerpt":{"rendered":"","protected":false},"featured_media":39173,"comment_status":"closed","ping_status":"closed","template":"","meta":{"_acf_changed":false,"slim_seo":{"title":"Trixie \u017eaislas gyvat\u0117 \u0161unims, skirtas \u012fdaryti skan\u0117stais arba pa\u0161tetu, neonin\u0117 \u017ealia - Zooprekes24","description":""},"iawp_total_views":5},"product_brand":[],"product_cat":[32,8999,31,9219,9024],"product_tag":[],"class_list":{"0":"post-39172","1":"product","2":"type-product","3":"status-publish","4":"has-post-thumbnail","6":"product_cat-kitos-sunu-prekes","7":"product_cat-sunims","8":"product_cat-sunu-prekiu-gamintojai","9":"product_cat-trixie-sunims","10":"product_cat-zaislai-sunims","11":"pa_prekiu-zenklai-trixie","12":"pa_zaislo-tipas-lavinamasis","13":"pa_zaislo-tipas-tinka-idaryti-skanestais","15":"first","16":"instock","17":"featured","18":"taxable","19":"shipping-taxable","20":"purchasable","21":"product-type-simple"},"acf":[],"_links":{"self":[{"href":"https:\/\/zooprekes24.lt\/lv\/wp-json\/wp\/v2\/product\/39172","targetHints":{"allow":["GET"]}}],"collection":[{"href":"https:\/\/zooprekes24.lt\/lv\/wp-json\/wp\/v2\/product"}],"about":[{"href":"https:\/\/zooprekes24.lt\/lv\/wp-json\/wp\/v2\/types\/product"}],"replies":[{"embeddable":true,"href":"https:\/\/zooprekes24.lt\/lv\/wp-json\/wp\/v2\/comments?post=39172"}],"wp:featuredmedia":[{"embeddable":true,"href":"https:\/\/zooprekes24.lt\/lv\/wp-json\/wp\/v2\/media\/39173"}],"wp:attachment":[{"href":"https:\/\/zooprekes24.lt\/lv\/wp-json\/wp\/v2\/media?parent=39172"}],"wp:term":[{"taxonomy":"product_brand","embeddable":true,"href":"https:\/\/zooprekes24.lt\/lv\/wp-json\/wp\/v2\/product_brand?post=39172"},{"taxonomy":"product_cat","embeddable":true,"href":"https:\/\/zooprekes24.lt\/lv\/wp-json\/wp\/v2\/product_cat?post=39172"},{"taxonomy":"product_tag","embeddable":true,"href":"https:\/\/zooprekes24.lt\/lv\/wp-json\/wp\/v2\/product_tag?post=39172"}],"curies":[{"name":"wp","href":"https:\/\/api.w.org\/{rel}","templated":true}]}}