{"id":39148,"date":"2025-07-31T14:51:05","date_gmt":"2025-07-31T12:51:05","guid":{"rendered":"https:\/\/zooprekes24.lt\/?post_type=product&#038;p=39148"},"modified":"2025-08-01T14:11:43","modified_gmt":"2025-08-01T12:11:43","slug":"trixie-silikoninis-augintiniu-plauku-ir-puku-surinkimo-volelis-daugkartinio-naudojimo-plaunamas-po-vandeniu-xxl-dydis","status":"publish","type":"product","link":"https:\/\/zooprekes24.lt\/lv\/produktas\/trixie-silikoninis-augintiniu-plauku-ir-puku-surinkimo-volelis-daugkartinio-naudojimo-plaunamas-po-vandeniu-xxl-dydis\/","title":{"rendered":"Trixie silikoninis augintini\u0173 plauk\u0173 ir p\u016bk\u0173 surinkimo volelis, daugkartinio naudojimo-plaunamas po vandeniu, xxl dydis"},"content":{"rendered":"","protected":false},"excerpt":{"rendered":"","protected":false},"featured_media":39149,"comment_status":"closed","ping_status":"closed","template":"","meta":{"_acf_changed":false,"slim_seo":{"title":"Trixie silikoninis augintini\u0173 plauk\u0173 ir p\u016bk\u0173 surinkimo volelis, daugkartinio naudojimo-plaunamas po vandeniu, xxl dydis - Zooprekes24","description":""},"iawp_total_views":27},"product_brand":[],"product_cat":[78,9005,83,25,32,8999,31,9219,9222],"product_tag":[],"class_list":{"0":"post-39148","1":"product","2":"type-product","3":"status-publish","4":"has-post-thumbnail","6":"product_cat-higiena-ir-prieziura-katems","7":"product_cat-higienos-ir-valymo-priemones","8":"product_cat-kaciu-prekiu-gamintojai","9":"product_cat-katems","10":"product_cat-kitos-sunu-prekes","11":"product_cat-sunims","12":"product_cat-sunu-prekiu-gamintojai","13":"product_cat-trixie-sunims","14":"product_cat-trixie-katems","15":"pa_prekiu-zenklai-trixie","17":"first","18":"instock","19":"featured","20":"taxable","21":"shipping-taxable","22":"purchasable","23":"product-type-simple"},"acf":[],"_links":{"self":[{"href":"https:\/\/zooprekes24.lt\/lv\/wp-json\/wp\/v2\/product\/39148","targetHints":{"allow":["GET"]}}],"collection":[{"href":"https:\/\/zooprekes24.lt\/lv\/wp-json\/wp\/v2\/product"}],"about":[{"href":"https:\/\/zooprekes24.lt\/lv\/wp-json\/wp\/v2\/types\/product"}],"replies":[{"embeddable":true,"href":"https:\/\/zooprekes24.lt\/lv\/wp-json\/wp\/v2\/comments?post=39148"}],"wp:featuredmedia":[{"embeddable":true,"href":"https:\/\/zooprekes24.lt\/lv\/wp-json\/wp\/v2\/media\/39149"}],"wp:attachment":[{"href":"https:\/\/zooprekes24.lt\/lv\/wp-json\/wp\/v2\/media?parent=39148"}],"wp:term":[{"taxonomy":"product_brand","embeddable":true,"href":"https:\/\/zooprekes24.lt\/lv\/wp-json\/wp\/v2\/product_brand?post=39148"},{"taxonomy":"product_cat","embeddable":true,"href":"https:\/\/zooprekes24.lt\/lv\/wp-json\/wp\/v2\/product_cat?post=39148"},{"taxonomy":"product_tag","embeddable":true,"href":"https:\/\/zooprekes24.lt\/lv\/wp-json\/wp\/v2\/product_tag?post=39148"}],"curies":[{"name":"wp","href":"https:\/\/api.w.org\/{rel}","templated":true}]}}