{"id":39114,"date":"2025-07-31T12:51:46","date_gmt":"2025-07-31T10:51:46","guid":{"rendered":"https:\/\/zooprekes24.lt\/?post_type=product&#038;p=39114"},"modified":"2025-09-30T11:20:25","modified_gmt":"2025-09-30T09:20:25","slug":"trixie-nerudijancio-plieno-dubeneliu-komplektas-augintiniams-su-juodu-metaliniu-stovu-iv-dydziu","status":"publish","type":"product","link":"https:\/\/zooprekes24.lt\/lv\/produktas\/trixie-nerudijancio-plieno-dubeneliu-komplektas-augintiniams-su-juodu-metaliniu-stovu-iv-dydziu\/","title":{"rendered":"Trixie ner\u016bdijan\u010dio plieno duben\u0117li\u0173 komplektas augintiniams su juodu metaliniu stovu, \u012fv. dyd\u017ei\u0173"},"content":{"rendered":"<p>I\u0161matavimai:<\/p>\n<ul>\n<li>Duben\u0117liai: <span>2 \u00d7 0.2 L \/ \u00f8 11 cm, Stovas: 24 \u00d7 6 \u00d7 14 cm,<\/span><\/li>\n<li>Duben\u0117liai: 2 x 0.45 L \/ \u2300 13 cm, Stovas: 28 x 6 x 15 cm,<\/li>\n<li>Duben\u0117liai: 2 x 0.75 L \/ \u2300 17 cm, Stovas: 33 x 8 x 19 cm.<\/li>\n<\/ul>","protected":false},"excerpt":{"rendered":"<p>I\u0161matavimai: Duben\u0117liai: 2 \u00d7 0.2 L \/ \u00f8 11 cm, Stovas: 24 \u00d7 6 \u00d7 14 cm, Duben\u0117liai: 2 x 0.45 L \/ \u2300 13 cm, Stovas: 28 x 6 x 15 cm, Duben\u0117liai: 2 x 0.75 L \/ \u2300 17 cm, Stovas: 33 x 8 x 19 cm.<\/p>","protected":false},"featured_media":39118,"comment_status":"closed","ping_status":"closed","template":"","meta":{"_acf_changed":false,"slim_seo":{"title":"Trixie ner\u016bdijan\u010dio plieno duben\u0117li\u0173 komplektas augintiniams su juodu metaliniu stovu, \u012fv. dyd\u017ei\u0173 - Zooprekes24","description":"I\u0161matavimai: Duben\u0117liai: 2 \u00d7 0.2 L \/ \u00f8 11 cm, Stovas: 24 \u00d7 6 \u00d7 14 cm, Duben\u0117liai: 2 x 0.45 L \/ \u2300 13 cm, Stovas: 28 x 6 x 15 cm, Duben\u0117liai: 2 x 0.75 L \/ \u2300 17 cm"},"iawp_total_views":8},"product_brand":[],"product_cat":[9057,9140,83,25,104,32,8999,31,9222,9219],"product_tag":[],"class_list":{"0":"post-39114","1":"product","2":"type-product","3":"status-publish","4":"has-post-thumbnail","6":"product_cat-dubeneliai-ir-girdyklos","7":"product_cat-dubeneliai-ir-girdyklos-kitos-kaciu-prekes","8":"product_cat-kaciu-prekiu-gamintojai","9":"product_cat-katems","10":"product_cat-kitos-kaciu-prekes","11":"product_cat-kitos-sunu-prekes","12":"product_cat-sunims","13":"product_cat-sunu-prekiu-gamintojai","14":"product_cat-trixie-katems","15":"product_cat-trixie-sunims","16":"pa_prekiu-zenklai-trixie","18":"first","19":"instock","20":"featured","21":"taxable","22":"shipping-taxable","23":"purchasable","24":"product-type-variable"},"acf":[],"_links":{"self":[{"href":"https:\/\/zooprekes24.lt\/lv\/wp-json\/wp\/v2\/product\/39114","targetHints":{"allow":["GET"]}}],"collection":[{"href":"https:\/\/zooprekes24.lt\/lv\/wp-json\/wp\/v2\/product"}],"about":[{"href":"https:\/\/zooprekes24.lt\/lv\/wp-json\/wp\/v2\/types\/product"}],"replies":[{"embeddable":true,"href":"https:\/\/zooprekes24.lt\/lv\/wp-json\/wp\/v2\/comments?post=39114"}],"wp:featuredmedia":[{"embeddable":true,"href":"https:\/\/zooprekes24.lt\/lv\/wp-json\/wp\/v2\/media\/39118"}],"wp:attachment":[{"href":"https:\/\/zooprekes24.lt\/lv\/wp-json\/wp\/v2\/media?parent=39114"}],"wp:term":[{"taxonomy":"product_brand","embeddable":true,"href":"https:\/\/zooprekes24.lt\/lv\/wp-json\/wp\/v2\/product_brand?post=39114"},{"taxonomy":"product_cat","embeddable":true,"href":"https:\/\/zooprekes24.lt\/lv\/wp-json\/wp\/v2\/product_cat?post=39114"},{"taxonomy":"product_tag","embeddable":true,"href":"https:\/\/zooprekes24.lt\/lv\/wp-json\/wp\/v2\/product_tag?post=39114"}],"curies":[{"name":"wp","href":"https:\/\/api.w.org\/{rel}","templated":true}]}}