{"id":39091,"date":"2025-07-31T11:58:12","date_gmt":"2025-07-31T09:58:12","guid":{"rendered":"https:\/\/zooprekes24.lt\/?post_type=product&#038;p=39091"},"modified":"2025-08-01T14:33:51","modified_gmt":"2025-08-01T12:33:51","slug":"trixie-plastikinis-dubenelis-augintiniams-neslystantis-iv-dydziu-ir-spalvu-sunkesnis","status":"publish","type":"product","link":"https:\/\/zooprekes24.lt\/lv\/produktas\/trixie-plastikinis-dubenelis-augintiniams-neslystantis-iv-dydziu-ir-spalvu-sunkesnis\/","title":{"rendered":"Trixie plastikinis duben\u0117lis augintiniams, neslystantis, \u012fv. dyd\u017ei\u0173 ir spalv\u0173"},"content":{"rendered":"","protected":false},"excerpt":{"rendered":"","protected":false},"featured_media":39098,"comment_status":"closed","ping_status":"closed","template":"","meta":{"_acf_changed":false,"slim_seo":{"title":"Trixie plastikinis duben\u0117lis augintiniams, neslystantis, \u012fv. dyd\u017ei\u0173 ir spalv\u0173 - Zooprekes24","description":""},"iawp_total_views":12},"product_brand":[],"product_cat":[9057,9140,83,25,104,32,8999,31,9222,9219],"product_tag":[],"class_list":{"0":"post-39091","1":"product","2":"type-product","3":"status-publish","4":"has-post-thumbnail","6":"product_cat-dubeneliai-ir-girdyklos","7":"product_cat-dubeneliai-ir-girdyklos-kitos-kaciu-prekes","8":"product_cat-kaciu-prekiu-gamintojai","9":"product_cat-katems","10":"product_cat-kitos-kaciu-prekes","11":"product_cat-kitos-sunu-prekes","12":"product_cat-sunims","13":"product_cat-sunu-prekiu-gamintojai","14":"product_cat-trixie-katems","15":"product_cat-trixie-sunims","16":"pa_prekiu-zenklai-trixie","18":"first","19":"instock","20":"featured","21":"taxable","22":"shipping-taxable","23":"purchasable","24":"product-type-variable"},"acf":[],"_links":{"self":[{"href":"https:\/\/zooprekes24.lt\/lv\/wp-json\/wp\/v2\/product\/39091","targetHints":{"allow":["GET"]}}],"collection":[{"href":"https:\/\/zooprekes24.lt\/lv\/wp-json\/wp\/v2\/product"}],"about":[{"href":"https:\/\/zooprekes24.lt\/lv\/wp-json\/wp\/v2\/types\/product"}],"replies":[{"embeddable":true,"href":"https:\/\/zooprekes24.lt\/lv\/wp-json\/wp\/v2\/comments?post=39091"}],"wp:featuredmedia":[{"embeddable":true,"href":"https:\/\/zooprekes24.lt\/lv\/wp-json\/wp\/v2\/media\/39098"}],"wp:attachment":[{"href":"https:\/\/zooprekes24.lt\/lv\/wp-json\/wp\/v2\/media?parent=39091"}],"wp:term":[{"taxonomy":"product_brand","embeddable":true,"href":"https:\/\/zooprekes24.lt\/lv\/wp-json\/wp\/v2\/product_brand?post=39091"},{"taxonomy":"product_cat","embeddable":true,"href":"https:\/\/zooprekes24.lt\/lv\/wp-json\/wp\/v2\/product_cat?post=39091"},{"taxonomy":"product_tag","embeddable":true,"href":"https:\/\/zooprekes24.lt\/lv\/wp-json\/wp\/v2\/product_tag?post=39091"}],"curies":[{"name":"wp","href":"https:\/\/api.w.org\/{rel}","templated":true}]}}