{"id":39035,"date":"2025-07-30T14:36:42","date_gmt":"2025-07-30T12:36:42","guid":{"rendered":"https:\/\/zooprekes24.lt\/?post_type=product&#038;p=39035"},"modified":"2025-08-01T14:42:15","modified_gmt":"2025-08-01T12:42:15","slug":"trixie-keramikinis-dubeneliu-komplektas-augintiniams-su-juodu-metaliniu-stovu-iv-dydziu-baltos-spalvos-su-dizainu","status":"publish","type":"product","link":"https:\/\/zooprekes24.lt\/lv\/produktas\/trixie-keramikinis-dubeneliu-komplektas-augintiniams-su-juodu-metaliniu-stovu-iv-dydziu-baltos-spalvos-su-dizainu\/","title":{"rendered":"Trixie keramikinis duben\u0117li\u0173 komplektas augintiniams su juodu metaliniu stovu, \u012fv. dyd\u017ei\u0173, baltos spalvos su dizainu"},"content":{"rendered":"<p>I\u0161matavimai:<\/p>\n<ul>\n<li>Duben\u0117liai: 2 x 0.25 L \/ \u2300 13 cm, Stovas: 27 x 7 x 14 cm,<\/li>\n<li>Duben\u0117liai: 2 x 0.6 L \/ \u2300 15 cm, Stovas: 32 x 9 x 15 cm,<\/li>\n<li>Duben\u0117liai: 2 x 1.6 L \/ \u2300 20 cm, Stovas: 41 x 10 x 20 cm.<\/li>\n<\/ul>","protected":false},"excerpt":{"rendered":"<p>I\u0161matavimai: Duben\u0117liai: 2 x 0.25 L \/ \u2300 13 cm, Stovas: 27 x 7 x 14 cm, Duben\u0117liai: 2 x 0.6 L \/ \u2300 15 cm, Stovas: 32 x 9 x 15 cm, Duben\u0117liai: 2 x 1.6 L \/ \u2300 20 cm, Stovas: 41 x 10 x 20 cm.<\/p>","protected":false},"featured_media":39039,"comment_status":"closed","ping_status":"closed","template":"","meta":{"_acf_changed":false,"slim_seo":{"title":"Trixie keramikinis duben\u0117li\u0173 komplektas augintiniams su juodu metaliniu stovu, \u012fv. dyd\u017ei\u0173, baltos spalvos su dizainu - Zooprekes24","description":"I\u0161matavimai: Duben\u0117liai: 2 x 0.25 L \/ \u2300 13 cm, Stovas: 27 x 7 x 14 cm, Duben\u0117liai: 2 x 0.6 L \/ \u2300 15 cm, Stovas: 32 x 9 x 15 cm, Duben\u0117liai: 2 x 1.6 L \/ \u2300 20 cm,"},"iawp_total_views":19},"product_brand":[],"product_cat":[9140,9057,83,25,104,32,8999,31,9219,9222],"product_tag":[],"class_list":{"0":"post-39035","1":"product","2":"type-product","3":"status-publish","4":"has-post-thumbnail","6":"product_cat-dubeneliai-ir-girdyklos-kitos-kaciu-prekes","7":"product_cat-dubeneliai-ir-girdyklos","8":"product_cat-kaciu-prekiu-gamintojai","9":"product_cat-katems","10":"product_cat-kitos-kaciu-prekes","11":"product_cat-kitos-sunu-prekes","12":"product_cat-sunims","13":"product_cat-sunu-prekiu-gamintojai","14":"product_cat-trixie-sunims","15":"product_cat-trixie-katems","16":"pa_prekiu-zenklai-trixie","18":"first","19":"instock","20":"featured","21":"taxable","22":"shipping-taxable","23":"purchasable","24":"product-type-variable"},"acf":[],"_links":{"self":[{"href":"https:\/\/zooprekes24.lt\/lv\/wp-json\/wp\/v2\/product\/39035","targetHints":{"allow":["GET"]}}],"collection":[{"href":"https:\/\/zooprekes24.lt\/lv\/wp-json\/wp\/v2\/product"}],"about":[{"href":"https:\/\/zooprekes24.lt\/lv\/wp-json\/wp\/v2\/types\/product"}],"replies":[{"embeddable":true,"href":"https:\/\/zooprekes24.lt\/lv\/wp-json\/wp\/v2\/comments?post=39035"}],"wp:featuredmedia":[{"embeddable":true,"href":"https:\/\/zooprekes24.lt\/lv\/wp-json\/wp\/v2\/media\/39039"}],"wp:attachment":[{"href":"https:\/\/zooprekes24.lt\/lv\/wp-json\/wp\/v2\/media?parent=39035"}],"wp:term":[{"taxonomy":"product_brand","embeddable":true,"href":"https:\/\/zooprekes24.lt\/lv\/wp-json\/wp\/v2\/product_brand?post=39035"},{"taxonomy":"product_cat","embeddable":true,"href":"https:\/\/zooprekes24.lt\/lv\/wp-json\/wp\/v2\/product_cat?post=39035"},{"taxonomy":"product_tag","embeddable":true,"href":"https:\/\/zooprekes24.lt\/lv\/wp-json\/wp\/v2\/product_tag?post=39035"}],"curies":[{"name":"wp","href":"https:\/\/api.w.org\/{rel}","templated":true}]}}