{"id":39008,"date":"2025-07-30T13:36:22","date_gmt":"2025-07-30T11:36:22","guid":{"rendered":"https:\/\/zooprekes24.lt\/?post_type=product&#038;p=39008"},"modified":"2025-08-01T14:53:36","modified_gmt":"2025-08-01T12:53:36","slug":"trixie-keramikinis-dubenelis-augintiniams-iv-dydziu-juodas-su-peduciu-dizainu","status":"publish","type":"product","link":"https:\/\/zooprekes24.lt\/lv\/produktas\/trixie-keramikinis-dubenelis-augintiniams-iv-dydziu-juodas-su-peduciu-dizainu\/","title":{"rendered":"Trixie keramikinis duben\u0117lis augintiniams, \u012fv. dyd\u017ei\u0173, juodas su p\u0117du\u010di\u0173 dizainu"},"content":{"rendered":"","protected":false},"excerpt":{"rendered":"","protected":false},"featured_media":39011,"comment_status":"closed","ping_status":"closed","template":"","meta":{"_acf_changed":false,"slim_seo":{"title":"Trixie keramikinis duben\u0117lis augintiniams, \u012fv. dyd\u017ei\u0173, juodas su p\u0117du\u010di\u0173 dizainu - Zooprekes24","description":""},"iawp_total_views":7},"product_brand":[],"product_cat":[9057,9140,83,25,104,32,8999,31,9222,9219],"product_tag":[],"class_list":{"0":"post-39008","1":"product","2":"type-product","3":"status-publish","4":"has-post-thumbnail","6":"product_cat-dubeneliai-ir-girdyklos","7":"product_cat-dubeneliai-ir-girdyklos-kitos-kaciu-prekes","8":"product_cat-kaciu-prekiu-gamintojai","9":"product_cat-katems","10":"product_cat-kitos-kaciu-prekes","11":"product_cat-kitos-sunu-prekes","12":"product_cat-sunims","13":"product_cat-sunu-prekiu-gamintojai","14":"product_cat-trixie-katems","15":"product_cat-trixie-sunims","16":"pa_prekiu-zenklai-trixie","18":"first","19":"instock","20":"featured","21":"taxable","22":"shipping-taxable","23":"purchasable","24":"product-type-variable"},"acf":[],"_links":{"self":[{"href":"https:\/\/zooprekes24.lt\/lv\/wp-json\/wp\/v2\/product\/39008","targetHints":{"allow":["GET"]}}],"collection":[{"href":"https:\/\/zooprekes24.lt\/lv\/wp-json\/wp\/v2\/product"}],"about":[{"href":"https:\/\/zooprekes24.lt\/lv\/wp-json\/wp\/v2\/types\/product"}],"replies":[{"embeddable":true,"href":"https:\/\/zooprekes24.lt\/lv\/wp-json\/wp\/v2\/comments?post=39008"}],"wp:featuredmedia":[{"embeddable":true,"href":"https:\/\/zooprekes24.lt\/lv\/wp-json\/wp\/v2\/media\/39011"}],"wp:attachment":[{"href":"https:\/\/zooprekes24.lt\/lv\/wp-json\/wp\/v2\/media?parent=39008"}],"wp:term":[{"taxonomy":"product_brand","embeddable":true,"href":"https:\/\/zooprekes24.lt\/lv\/wp-json\/wp\/v2\/product_brand?post=39008"},{"taxonomy":"product_cat","embeddable":true,"href":"https:\/\/zooprekes24.lt\/lv\/wp-json\/wp\/v2\/product_cat?post=39008"},{"taxonomy":"product_tag","embeddable":true,"href":"https:\/\/zooprekes24.lt\/lv\/wp-json\/wp\/v2\/product_tag?post=39008"}],"curies":[{"name":"wp","href":"https:\/\/api.w.org\/{rel}","templated":true}]}}