{"id":38992,"date":"2025-07-30T12:49:45","date_gmt":"2025-07-30T10:49:45","guid":{"rendered":"https:\/\/zooprekes24.lt\/?post_type=product&#038;p=38992"},"modified":"2025-07-31T15:51:32","modified_gmt":"2025-07-31T13:51:32","slug":"trixie-tvirtas-kilpos-formos-antsnukis-sunims-iv-dydziu-juodas","status":"publish","type":"product","link":"https:\/\/zooprekes24.lt\/lv\/produktas\/trixie-tvirtas-kilpos-formos-antsnukis-sunims-iv-dydziu-juodas\/","title":{"rendered":"Trixie tvirtas kilpos formos antsnukis \u0161unims, \u012fv. dyd\u017ei\u0173, juodas"},"content":{"rendered":"<p>I\u0161matavimai:<\/p>\n<ul>\n<li><strong>M-L:<\/strong> vidin\u0117 antsnukio apimtis: 22-30 cm, snukio dir\u017eelis: 30-18 cm,<\/li>\n<li><strong>L-XL:<\/strong> vidin\u0117 antsnukio apimtis: 23-34 cm, snukio dir\u017eelis: 34-23 cm,<\/li>\n<li><strong>XL-XXL:<\/strong> vidin\u0117 antsnukio apimtis: 28-38 cm, snukio dir\u017eelis: 38-28 cm.<\/li>\n<\/ul>","protected":false},"excerpt":{"rendered":"<p>I\u0161matavimai: M-L: vidin\u0117 antsnukio apimtis: 22-30 cm, snukio dir\u017eelis: 30-18 cm, L-XL: vidin\u0117 antsnukio apimtis: 23-34 cm, snukio dir\u017eelis: 34-23 cm, XL-XXL: vidin\u0117 antsnukio apimtis: 28-38 cm, snukio dir\u017eelis: 38-28 cm.<\/p>","protected":false},"featured_media":38998,"comment_status":"closed","ping_status":"closed","template":"","meta":{"_acf_changed":false,"slim_seo":{"title":"Trixie tvirtas kilpos formos antsnukis \u0161unims, \u012fv. dyd\u017ei\u0173, juodas - Zooprekes24","description":"I\u0161matavimai: M-L: vidin\u0117 antsnukio apimtis: 22-30 cm, snukio dir\u017eelis: 30-18 cm, L-XL: vidin\u0117 antsnukio apimtis: 23-34 cm, snukio dir\u017eelis: 34-23 cm, XL-XXL: vi"},"iawp_total_views":4},"product_brand":[],"product_cat":[32,9074,8999,31,9219],"product_tag":[],"class_list":{"0":"post-38992","1":"product","2":"type-product","3":"status-publish","4":"has-post-thumbnail","6":"product_cat-kitos-sunu-prekes","7":"product_cat-pavadeliai-antsnukiai-petnesos","8":"product_cat-sunims","9":"product_cat-sunu-prekiu-gamintojai","10":"product_cat-trixie-sunims","11":"pa_prekiu-zenklai-trixie","12":"pa_veisles-dydis-didelems-veislems","13":"pa_veisles-dydis-vidutinems-veislems","15":"first","16":"instock","17":"featured","18":"taxable","19":"shipping-taxable","20":"purchasable","21":"product-type-variable"},"acf":[],"_links":{"self":[{"href":"https:\/\/zooprekes24.lt\/lv\/wp-json\/wp\/v2\/product\/38992","targetHints":{"allow":["GET"]}}],"collection":[{"href":"https:\/\/zooprekes24.lt\/lv\/wp-json\/wp\/v2\/product"}],"about":[{"href":"https:\/\/zooprekes24.lt\/lv\/wp-json\/wp\/v2\/types\/product"}],"replies":[{"embeddable":true,"href":"https:\/\/zooprekes24.lt\/lv\/wp-json\/wp\/v2\/comments?post=38992"}],"wp:featuredmedia":[{"embeddable":true,"href":"https:\/\/zooprekes24.lt\/lv\/wp-json\/wp\/v2\/media\/38998"}],"wp:attachment":[{"href":"https:\/\/zooprekes24.lt\/lv\/wp-json\/wp\/v2\/media?parent=38992"}],"wp:term":[{"taxonomy":"product_brand","embeddable":true,"href":"https:\/\/zooprekes24.lt\/lv\/wp-json\/wp\/v2\/product_brand?post=38992"},{"taxonomy":"product_cat","embeddable":true,"href":"https:\/\/zooprekes24.lt\/lv\/wp-json\/wp\/v2\/product_cat?post=38992"},{"taxonomy":"product_tag","embeddable":true,"href":"https:\/\/zooprekes24.lt\/lv\/wp-json\/wp\/v2\/product_tag?post=38992"}],"curies":[{"name":"wp","href":"https:\/\/api.w.org\/{rel}","templated":true}]}}