{"id":38973,"date":"2025-07-30T11:59:40","date_gmt":"2025-07-30T09:59:40","guid":{"rendered":"https:\/\/zooprekes24.lt\/?post_type=product&#038;p=38973"},"modified":"2025-07-31T15:42:55","modified_gmt":"2025-07-31T13:42:55","slug":"trixie-minkstas-antsnukis-bukanosiams-sunims-iv-dydziu-pilkas","status":"publish","type":"product","link":"https:\/\/zooprekes24.lt\/lv\/produktas\/trixie-minkstas-antsnukis-bukanosiams-sunims-iv-dydziu-pilkas\/","title":{"rendered":"Trixie mink\u0161tas antsnukis bukanosiams \u0161unims, \u012fv. dyd\u017ei\u0173, pilkas"},"content":{"rendered":"<p>I\u0161matavimai:<\/p>\n<ul>\n<li><span><strong>S:<\/strong> galvos dir\u017eelis: 23 cm (pritaikyta Kavalieriaus karaliaus Karolio spanieliams, Mopsams),<\/span><\/li>\n<li><span><strong>S-M:<\/strong> galvos dir\u017eelis: 31 cm (pritaikyta Pranc\u016bz\u0173 buldogams),<\/span><\/li>\n<li><span><strong>M:<\/strong> galvos dir\u017eelis: 40 cm (pritaikyta Angl\u0173 buldogams).<\/span><\/li>\n<\/ul>","protected":false},"excerpt":{"rendered":"<p>I\u0161matavimai: S: galvos dir\u017eelis: 23 cm (pritaikyta Kavalieriaus karaliaus Karolio spanieliams, Mopsams), S-M: galvos dir\u017eelis: 31 cm (pritaikyta Pranc\u016bz\u0173 buldogams), M: galvos dir\u017eelis: 40 cm (pritaikyta Angl\u0173 buldogams).<\/p>","protected":false},"featured_media":38978,"comment_status":"closed","ping_status":"closed","template":"","meta":{"_acf_changed":false,"slim_seo":{"title":"Trixie mink\u0161tas antsnukis bukanosiams \u0161unims, \u012fv. dyd\u017ei\u0173, pilkas - Zooprekes24","description":"I\u0161matavimai: S: galvos dir\u017eelis: 23 cm (pritaikyta Kavalieriaus karaliaus Karolio spanieliams, Mopsams), S-M: galvos dir\u017eelis: 31 cm (pritaikyta Pranc\u016bz\u0173 buldog"},"iawp_total_views":37},"product_brand":[],"product_cat":[32,9074,8999,31,9219],"product_tag":[],"class_list":{"0":"post-38973","1":"product","2":"type-product","3":"status-publish","4":"has-post-thumbnail","6":"product_cat-kitos-sunu-prekes","7":"product_cat-pavadeliai-antsnukiai-petnesos","8":"product_cat-sunims","9":"product_cat-sunu-prekiu-gamintojai","10":"product_cat-trixie-sunims","11":"pa_prekiu-zenklai-trixie","12":"pa_veisles-dydis-mazoms-veislems","13":"pa_veisles-dydis-vidutinems-veislems","15":"first","16":"instock","17":"featured","18":"taxable","19":"shipping-taxable","20":"purchasable","21":"product-type-variable"},"acf":[],"_links":{"self":[{"href":"https:\/\/zooprekes24.lt\/lv\/wp-json\/wp\/v2\/product\/38973","targetHints":{"allow":["GET"]}}],"collection":[{"href":"https:\/\/zooprekes24.lt\/lv\/wp-json\/wp\/v2\/product"}],"about":[{"href":"https:\/\/zooprekes24.lt\/lv\/wp-json\/wp\/v2\/types\/product"}],"replies":[{"embeddable":true,"href":"https:\/\/zooprekes24.lt\/lv\/wp-json\/wp\/v2\/comments?post=38973"}],"wp:featuredmedia":[{"embeddable":true,"href":"https:\/\/zooprekes24.lt\/lv\/wp-json\/wp\/v2\/media\/38978"}],"wp:attachment":[{"href":"https:\/\/zooprekes24.lt\/lv\/wp-json\/wp\/v2\/media?parent=38973"}],"wp:term":[{"taxonomy":"product_brand","embeddable":true,"href":"https:\/\/zooprekes24.lt\/lv\/wp-json\/wp\/v2\/product_brand?post=38973"},{"taxonomy":"product_cat","embeddable":true,"href":"https:\/\/zooprekes24.lt\/lv\/wp-json\/wp\/v2\/product_cat?post=38973"},{"taxonomy":"product_tag","embeddable":true,"href":"https:\/\/zooprekes24.lt\/lv\/wp-json\/wp\/v2\/product_tag?post=38973"}],"curies":[{"name":"wp","href":"https:\/\/api.w.org\/{rel}","templated":true}]}}