{"id":38963,"date":"2025-07-30T11:36:23","date_gmt":"2025-07-30T09:36:23","guid":{"rendered":"https:\/\/zooprekes24.lt\/?post_type=product&#038;p=38963"},"modified":"2025-07-31T15:33:43","modified_gmt":"2025-07-31T13:33:43","slug":"trixie-flex-guminis-antsnukis-sunims-iv-dydziu-juodas","status":"publish","type":"product","link":"https:\/\/zooprekes24.lt\/lv\/produktas\/trixie-flex-guminis-antsnukis-sunims-iv-dydziu-juodas\/","title":{"rendered":"Trixie Flex guminis antsnukis \u0161unims, \u012fv. dyd\u017ei\u0173, juodas"},"content":{"rendered":"<p>I\u0161matavimai:<\/p>\n<ul>\n<li><strong>S:<\/strong> vidin\u0117 antsnukio apimtis: 19 cm, galvos dir\u017eelis: iki 18 cm,<\/li>\n<li><strong>M:<\/strong> vidin\u0117 antsnukio apimtis: 25 cm, galvos dir\u017eelis: iki 19 cm,<\/li>\n<li><strong>L:<\/strong> vidin\u0117 antsnukio apimtis: 31 cm, galvos dir\u017eelis: iki 26 cm,<\/li>\n<li><strong>L-XL:<\/strong> vidin\u0117 antsnukio apimtis: 35 cm, galvos dir\u017eelis: iki 30 cm.<\/li>\n<\/ul>","protected":false},"excerpt":{"rendered":"<p>I\u0161matavimai: S: vidin\u0117 antsnukio apimtis: 19 cm, galvos dir\u017eelis: iki 18 cm, M: vidin\u0117 antsnukio apimtis: 25 cm, galvos dir\u017eelis: iki 19 cm, L: vidin\u0117 antsnukio apimtis: 31 cm, galvos dir\u017eelis: iki 26 cm, L-XL: vidin\u0117 antsnukio apimtis: 35 cm, galvos dir\u017eelis: iki 30 cm.<\/p>","protected":false},"featured_media":38971,"comment_status":"closed","ping_status":"closed","template":"","meta":{"_acf_changed":false,"slim_seo":{"title":"Trixie Flex guminis antsnukis \u0161unims, \u012fv. dyd\u017ei\u0173, juodas - Zooprekes24","description":"I\u0161matavimai: S: vidin\u0117 antsnukio apimtis: 19 cm, galvos dir\u017eelis: iki 18 cm, M: vidin\u0117 antsnukio apimtis: 25 cm, galvos dir\u017eelis: iki 19 cm, L: vidin\u0117 antsnukio"},"iawp_total_views":46},"product_brand":[],"product_cat":[32,9074,8999,31,9219],"product_tag":[],"class_list":{"0":"post-38963","1":"product","2":"type-product","3":"status-publish","4":"has-post-thumbnail","6":"product_cat-kitos-sunu-prekes","7":"product_cat-pavadeliai-antsnukiai-petnesos","8":"product_cat-sunims","9":"product_cat-sunu-prekiu-gamintojai","10":"product_cat-trixie-sunims","11":"pa_prekiu-zenklai-trixie","12":"pa_veisles-dydis-didelems-veislems","13":"pa_veisles-dydis-mazoms-veislems","14":"pa_veisles-dydis-vidutinems-veislems","15":"pa_veisles-dydis-visu-dydziu-veislems","17":"first","18":"instock","19":"featured","20":"taxable","21":"shipping-taxable","22":"purchasable","23":"product-type-variable"},"acf":[],"_links":{"self":[{"href":"https:\/\/zooprekes24.lt\/lv\/wp-json\/wp\/v2\/product\/38963","targetHints":{"allow":["GET"]}}],"collection":[{"href":"https:\/\/zooprekes24.lt\/lv\/wp-json\/wp\/v2\/product"}],"about":[{"href":"https:\/\/zooprekes24.lt\/lv\/wp-json\/wp\/v2\/types\/product"}],"replies":[{"embeddable":true,"href":"https:\/\/zooprekes24.lt\/lv\/wp-json\/wp\/v2\/comments?post=38963"}],"wp:featuredmedia":[{"embeddable":true,"href":"https:\/\/zooprekes24.lt\/lv\/wp-json\/wp\/v2\/media\/38971"}],"wp:attachment":[{"href":"https:\/\/zooprekes24.lt\/lv\/wp-json\/wp\/v2\/media?parent=38963"}],"wp:term":[{"taxonomy":"product_brand","embeddable":true,"href":"https:\/\/zooprekes24.lt\/lv\/wp-json\/wp\/v2\/product_brand?post=38963"},{"taxonomy":"product_cat","embeddable":true,"href":"https:\/\/zooprekes24.lt\/lv\/wp-json\/wp\/v2\/product_cat?post=38963"},{"taxonomy":"product_tag","embeddable":true,"href":"https:\/\/zooprekes24.lt\/lv\/wp-json\/wp\/v2\/product_tag?post=38963"}],"curies":[{"name":"wp","href":"https:\/\/api.w.org\/{rel}","templated":true}]}}