{"id":38899,"date":"2025-07-29T13:19:50","date_gmt":"2025-07-29T11:19:50","guid":{"rendered":"https:\/\/zooprekes24.lt\/?post_type=product&#038;p=38899"},"modified":"2025-07-29T16:43:38","modified_gmt":"2025-07-29T14:43:38","slug":"trixie-i-zeme-isukamas-sraigtinis-kuoliukas-suns-pririsimui-lauke-chromuotas-pavirsius","status":"publish","type":"product","link":"https:\/\/zooprekes24.lt\/lv\/produktas\/trixie-i-zeme-isukamas-sraigtinis-kuoliukas-suns-pririsimui-lauke-chromuotas-pavirsius\/","title":{"rendered":"Trixie \u012f \u017eem\u0119 \u012fsukamas sraigtinis kuoliukas \u0161uns priri\u0161imui lauke, chromuotas pavir\u0161ius"},"content":{"rendered":"","protected":false},"excerpt":{"rendered":"","protected":false},"featured_media":38900,"comment_status":"closed","ping_status":"closed","template":"","meta":{"_acf_changed":false,"slim_seo":{"title":"Trixie \u012f \u017eem\u0119 \u012fsukamas sraigtinis kuoliukas \u0161uns priri\u0161imui lauke, chromuotas pavir\u0161ius - Zooprekes24","description":""},"iawp_total_views":57},"product_brand":[],"product_cat":[9221,32,8999,31,9219],"product_tag":[],"class_list":{"0":"post-38899","1":"product","2":"type-product","3":"status-publish","4":"has-post-thumbnail","6":"product_cat-kelioniu-ir-isvyku-prekes-sunims","7":"product_cat-kitos-sunu-prekes","8":"product_cat-sunims","9":"product_cat-sunu-prekiu-gamintojai","10":"product_cat-trixie-sunims","11":"pa_prekiu-zenklai-trixie","13":"first","14":"instock","15":"featured","16":"taxable","17":"shipping-taxable","18":"purchasable","19":"product-type-simple"},"acf":[],"_links":{"self":[{"href":"https:\/\/zooprekes24.lt\/lv\/wp-json\/wp\/v2\/product\/38899","targetHints":{"allow":["GET"]}}],"collection":[{"href":"https:\/\/zooprekes24.lt\/lv\/wp-json\/wp\/v2\/product"}],"about":[{"href":"https:\/\/zooprekes24.lt\/lv\/wp-json\/wp\/v2\/types\/product"}],"replies":[{"embeddable":true,"href":"https:\/\/zooprekes24.lt\/lv\/wp-json\/wp\/v2\/comments?post=38899"}],"wp:featuredmedia":[{"embeddable":true,"href":"https:\/\/zooprekes24.lt\/lv\/wp-json\/wp\/v2\/media\/38900"}],"wp:attachment":[{"href":"https:\/\/zooprekes24.lt\/lv\/wp-json\/wp\/v2\/media?parent=38899"}],"wp:term":[{"taxonomy":"product_brand","embeddable":true,"href":"https:\/\/zooprekes24.lt\/lv\/wp-json\/wp\/v2\/product_brand?post=38899"},{"taxonomy":"product_cat","embeddable":true,"href":"https:\/\/zooprekes24.lt\/lv\/wp-json\/wp\/v2\/product_cat?post=38899"},{"taxonomy":"product_tag","embeddable":true,"href":"https:\/\/zooprekes24.lt\/lv\/wp-json\/wp\/v2\/product_tag?post=38899"}],"curies":[{"name":"wp","href":"https:\/\/api.w.org\/{rel}","templated":true}]}}