{"id":38747,"date":"2025-07-28T12:03:41","date_gmt":"2025-07-28T10:03:41","guid":{"rendered":"https:\/\/zooprekes24.lt\/?post_type=product&#038;p=38747"},"modified":"2025-07-29T10:44:27","modified_gmt":"2025-07-29T08:44:27","slug":"trixie-maiseliai-sunu-ismatoms-juodi-ir-pilki","status":"publish","type":"product","link":"https:\/\/zooprekes24.lt\/lv\/produktas\/trixie-maiseliai-sunu-ismatoms-juodi-ir-pilki\/","title":{"rendered":"Trixie mai\u0161eliai \u0161un\u0173 i\u0161matoms, juodi ir pilki"},"content":{"rendered":"","protected":false},"excerpt":{"rendered":"","protected":false},"featured_media":38749,"comment_status":"closed","ping_status":"closed","template":"","meta":{"_acf_changed":false,"slim_seo":{"title":"Trixie mai\u0161eliai \u0161un\u0173 i\u0161matoms, juodi ir pilki - Zooprekes24","description":""},"iawp_total_views":5},"product_brand":[],"product_cat":[9005,32,8999,31,9219],"product_tag":[1239,1240,1245,1246],"class_list":{"0":"post-38747","1":"product","2":"type-product","3":"status-publish","4":"has-post-thumbnail","6":"product_cat-higienos-ir-valymo-priemones","7":"product_cat-kitos-sunu-prekes","8":"product_cat-sunims","9":"product_cat-sunu-prekiu-gamintojai","10":"product_cat-trixie-sunims","11":"product_tag-fekaliju-maiseliai","12":"product_tag-ismatu-maiseliai","13":"product_tag-maiseliai-sunu-ekskrementams","14":"product_tag-maiseliai-sunu-ismatoms","15":"pa_prekiu-zenklai-trixie","17":"first","18":"instock","19":"featured","20":"taxable","21":"shipping-taxable","22":"purchasable","23":"product-type-simple"},"acf":[],"_links":{"self":[{"href":"https:\/\/zooprekes24.lt\/lv\/wp-json\/wp\/v2\/product\/38747","targetHints":{"allow":["GET"]}}],"collection":[{"href":"https:\/\/zooprekes24.lt\/lv\/wp-json\/wp\/v2\/product"}],"about":[{"href":"https:\/\/zooprekes24.lt\/lv\/wp-json\/wp\/v2\/types\/product"}],"replies":[{"embeddable":true,"href":"https:\/\/zooprekes24.lt\/lv\/wp-json\/wp\/v2\/comments?post=38747"}],"wp:featuredmedia":[{"embeddable":true,"href":"https:\/\/zooprekes24.lt\/lv\/wp-json\/wp\/v2\/media\/38749"}],"wp:attachment":[{"href":"https:\/\/zooprekes24.lt\/lv\/wp-json\/wp\/v2\/media?parent=38747"}],"wp:term":[{"taxonomy":"product_brand","embeddable":true,"href":"https:\/\/zooprekes24.lt\/lv\/wp-json\/wp\/v2\/product_brand?post=38747"},{"taxonomy":"product_cat","embeddable":true,"href":"https:\/\/zooprekes24.lt\/lv\/wp-json\/wp\/v2\/product_cat?post=38747"},{"taxonomy":"product_tag","embeddable":true,"href":"https:\/\/zooprekes24.lt\/lv\/wp-json\/wp\/v2\/product_tag?post=38747"}],"curies":[{"name":"wp","href":"https:\/\/api.w.org\/{rel}","templated":true}]}}