{"id":38659,"date":"2025-07-23T14:32:11","date_gmt":"2025-07-23T12:32:11","guid":{"rendered":"https:\/\/zooprekes24.lt\/?post_type=product&#038;p=38659"},"modified":"2025-07-29T15:12:26","modified_gmt":"2025-07-29T13:12:26","slug":"trixie-skudo-iata-kilimelis-skirtas-augintiniu-transportavimo-boksui-dezei-iv-dydziu-sviesiai-pilkas","status":"publish","type":"product","link":"https:\/\/zooprekes24.lt\/lv\/produktas\/trixie-skudo-iata-kilimelis-skirtas-augintiniu-transportavimo-boksui-dezei-iv-dydziu-sviesiai-pilkas\/","title":{"rendered":"Trixie Skudo IATA kilim\u0117lis skirtas augintini\u0173 transportavimo boksui-d\u0117\u017eei,  \u012fv. dyd\u017ei\u0173, \u0161viesiai pilkas"},"content":{"rendered":"<p>Kilim\u0117li\u0173 i\u0161matavimai:<\/p>\n<ul>\n<li><strong>XS:<\/strong> 24 x 39 cm,<\/li>\n<li><strong>XS-S:<\/strong> 27 x 44 cm,<\/li>\n<li><strong>S-M:<\/strong> 36 x 56 cm,<\/li>\n<li><strong>M: <\/strong>42 x 62 cm,<\/li>\n<li><strong>M-L:<\/strong> 46 x 76 cm,<\/li>\n<li><strong>L: <\/strong>52 x 83 cm.<\/li>\n<\/ul>","protected":false},"excerpt":{"rendered":"<p>Kilim\u0117li\u0173 i\u0161matavimai: XS: 24 x 39 cm, XS-S: 27 x 44 cm, S-M: 36 x 56 cm, M: 42 x 62 cm, M-L: 46 x 76 cm, L: 52 x 83 cm.<\/p>","protected":false},"featured_media":38667,"comment_status":"closed","ping_status":"closed","template":"","meta":{"_acf_changed":false,"slim_seo":{"title":"Trixie Skudo IATA kilim\u0117lis skirtas augintini\u0173 transportavimo boksui-d\u0117\u017eei, \u012fv. dyd\u017ei\u0173, \u0161viesiai pilkas - Zooprekes24","description":"Kilim\u0117li\u0173 i\u0161matavimai: XS: 24 x 39 cm, XS-S: 27 x 44 cm, S-M: 36 x 56 cm, M: 42 x 62 cm, M-L: 46 x 76 cm, L: 52 x 83 cm."},"iawp_total_views":41},"product_brand":[],"product_cat":[9078,9223,83,25,9225,9221,104,32,8999,31,9222,9219],"product_tag":[],"class_list":{"0":"post-38659","1":"product","2":"type-product","3":"status-publish","4":"has-post-thumbnail","6":"product_cat-guoliai-patiesimai-transportavimo-priemones-sunims","7":"product_cat-guoliai-patiesimai-transportavimo-priemones-katems","8":"product_cat-kaciu-prekiu-gamintojai","9":"product_cat-katems","10":"product_cat-kelioniu-ir-isvyku-prekes-katems","11":"product_cat-kelioniu-ir-isvyku-prekes-sunims","12":"product_cat-kitos-kaciu-prekes","13":"product_cat-kitos-sunu-prekes","14":"product_cat-sunims","15":"product_cat-sunu-prekiu-gamintojai","16":"product_cat-trixie-katems","17":"product_cat-trixie-sunims","18":"pa_prekiu-zenklai-trixie","20":"first","21":"instock","22":"featured","23":"taxable","24":"shipping-taxable","25":"purchasable","26":"product-type-variable"},"acf":[],"_links":{"self":[{"href":"https:\/\/zooprekes24.lt\/lv\/wp-json\/wp\/v2\/product\/38659","targetHints":{"allow":["GET"]}}],"collection":[{"href":"https:\/\/zooprekes24.lt\/lv\/wp-json\/wp\/v2\/product"}],"about":[{"href":"https:\/\/zooprekes24.lt\/lv\/wp-json\/wp\/v2\/types\/product"}],"replies":[{"embeddable":true,"href":"https:\/\/zooprekes24.lt\/lv\/wp-json\/wp\/v2\/comments?post=38659"}],"wp:featuredmedia":[{"embeddable":true,"href":"https:\/\/zooprekes24.lt\/lv\/wp-json\/wp\/v2\/media\/38667"}],"wp:attachment":[{"href":"https:\/\/zooprekes24.lt\/lv\/wp-json\/wp\/v2\/media?parent=38659"}],"wp:term":[{"taxonomy":"product_brand","embeddable":true,"href":"https:\/\/zooprekes24.lt\/lv\/wp-json\/wp\/v2\/product_brand?post=38659"},{"taxonomy":"product_cat","embeddable":true,"href":"https:\/\/zooprekes24.lt\/lv\/wp-json\/wp\/v2\/product_cat?post=38659"},{"taxonomy":"product_tag","embeddable":true,"href":"https:\/\/zooprekes24.lt\/lv\/wp-json\/wp\/v2\/product_tag?post=38659"}],"curies":[{"name":"wp","href":"https:\/\/api.w.org\/{rel}","templated":true}]}}