{"id":38648,"date":"2025-07-23T13:49:06","date_gmt":"2025-07-23T11:49:06","guid":{"rendered":"https:\/\/zooprekes24.lt\/?post_type=product&#038;p=38648"},"modified":"2025-07-28T10:27:48","modified_gmt":"2025-07-28T08:27:48","slug":"trixie-skudo-iata-rinkinys-skirtas-paruosti-augintiniu-transportavimo-boksa-deze-skrydziui-lektuvu","status":"publish","type":"product","link":"https:\/\/zooprekes24.lt\/lv\/produktas\/trixie-skudo-iata-rinkinys-skirtas-paruosti-augintiniu-transportavimo-boksa-deze-skrydziui-lektuvu\/","title":{"rendered":"Trixie Skudo IATA rinkinys skirtas paruo\u0161ti augintini\u0173 transportavimo boks\u0105-d\u0117\u017e\u0119 skryd\u017eiui l\u0117ktuvu"},"content":{"rendered":"","protected":false},"excerpt":{"rendered":"","protected":false},"featured_media":38656,"comment_status":"closed","ping_status":"closed","template":"","meta":{"_acf_changed":false,"slim_seo":{"title":"Trixie Skudo IATA rinkinys skirtas paruo\u0161ti augintini\u0173 transportavimo boks\u0105-d\u0117\u017e\u0119 skryd\u017eiui l\u0117ktuvu - Zooprekes24","description":""},"iawp_total_views":17},"product_brand":[],"product_cat":[9223,9078,83,25,9225,9221,104,32,8999,31,9222,9219],"product_tag":[],"class_list":{"0":"post-38648","1":"product","2":"type-product","3":"status-publish","4":"has-post-thumbnail","6":"product_cat-guoliai-patiesimai-transportavimo-priemones-katems","7":"product_cat-guoliai-patiesimai-transportavimo-priemones-sunims","8":"product_cat-kaciu-prekiu-gamintojai","9":"product_cat-katems","10":"product_cat-kelioniu-ir-isvyku-prekes-katems","11":"product_cat-kelioniu-ir-isvyku-prekes-sunims","12":"product_cat-kitos-kaciu-prekes","13":"product_cat-kitos-sunu-prekes","14":"product_cat-sunims","15":"product_cat-sunu-prekiu-gamintojai","16":"product_cat-trixie-katems","17":"product_cat-trixie-sunims","18":"pa_prekiu-zenklai-trixie","20":"first","21":"instock","22":"featured","23":"taxable","24":"shipping-taxable","25":"purchasable","26":"product-type-simple"},"acf":[],"_links":{"self":[{"href":"https:\/\/zooprekes24.lt\/lv\/wp-json\/wp\/v2\/product\/38648","targetHints":{"allow":["GET"]}}],"collection":[{"href":"https:\/\/zooprekes24.lt\/lv\/wp-json\/wp\/v2\/product"}],"about":[{"href":"https:\/\/zooprekes24.lt\/lv\/wp-json\/wp\/v2\/types\/product"}],"replies":[{"embeddable":true,"href":"https:\/\/zooprekes24.lt\/lv\/wp-json\/wp\/v2\/comments?post=38648"}],"wp:featuredmedia":[{"embeddable":true,"href":"https:\/\/zooprekes24.lt\/lv\/wp-json\/wp\/v2\/media\/38656"}],"wp:attachment":[{"href":"https:\/\/zooprekes24.lt\/lv\/wp-json\/wp\/v2\/media?parent=38648"}],"wp:term":[{"taxonomy":"product_brand","embeddable":true,"href":"https:\/\/zooprekes24.lt\/lv\/wp-json\/wp\/v2\/product_brand?post=38648"},{"taxonomy":"product_cat","embeddable":true,"href":"https:\/\/zooprekes24.lt\/lv\/wp-json\/wp\/v2\/product_cat?post=38648"},{"taxonomy":"product_tag","embeddable":true,"href":"https:\/\/zooprekes24.lt\/lv\/wp-json\/wp\/v2\/product_tag?post=38648"}],"curies":[{"name":"wp","href":"https:\/\/api.w.org\/{rel}","templated":true}]}}