{"id":38595,"date":"2025-07-23T10:16:20","date_gmt":"2025-07-23T08:16:20","guid":{"rendered":"https:\/\/zooprekes24.lt\/?post_type=product&#038;p=38595"},"modified":"2025-07-28T15:37:37","modified_gmt":"2025-07-28T13:37:37","slug":"genia-velfast-apsaugine-apykakle-gaubtas-sunims-ir-katems-7-skirtingi-dydziai-su-paminkstinimu","status":"publish","type":"product","link":"https:\/\/zooprekes24.lt\/lv\/produktas\/genia-velfast-apsaugine-apykakle-gaubtas-sunims-ir-katems-7-skirtingi-dydziai-su-paminkstinimu\/","title":{"rendered":"Genia Velfast apsaugin\u0117 apykakl\u0117-gaubtas \u0161unims ir kat\u0117ms, 7 skirtingi dyd\u017eiai, su pamink\u0161tinimu"},"content":{"rendered":"<h3><span>Genia Velfast &#8211; apsauginis, permatomas gaubtas \u0161unims ir kat\u0117ms su dvigubu neopreno apvadu.<\/span><\/h3>\n<ul>\n<li><span>Atskiri gaubto u\u017esegimai.<\/span><\/li>\n<li>Greitai ir lengvai pritvirtinama.<\/li>\n<li><span>Apsaugo galv\u0105, pilv\u0105 ir letenas.<\/span><\/li>\n<li>I\u0161graviruota linijomis, kurios apsaugo nuo \u012fbr\u0117\u017eim\u0173.<\/li>\n<li>D\u0117l neopreno apvado gaubtas sugeria sm\u016bgius bei triuk\u0161m\u0105 ir taip palengvina gyv\u016bno prisitaikym\u0105.<\/li>\n<\/ul>","protected":false},"excerpt":{"rendered":"<p>Genia Velfast &#8211; apsauginis, permatomas gaubtas \u0161unims ir kat\u0117ms su dvigubu neopreno apvadu. Atskiri gaubto u\u017esegimai. Greitai ir lengvai pritvirtinama. Apsaugo galv\u0105, pilv\u0105 ir letenas. I\u0161graviruota linijomis, kurios apsaugo nuo \u012fbr\u0117\u017eim\u0173. D\u0117l neopreno apvado gaubtas sugeria sm\u016bgius bei triuk\u0161m\u0105 ir taip palengvina gyv\u016bno prisitaikym\u0105.<\/p>","protected":false},"featured_media":38605,"comment_status":"closed","ping_status":"closed","template":"","meta":{"_acf_changed":false,"slim_seo":{"title":"Genia Velfast apsaugin\u0117 apykakl\u0117-gaubtas \u0161unims ir kat\u0117ms, 7 skirtingi dyd\u017eiai, su pamink\u0161tinimu - Zooprekes24","description":"Genia Velfast - apsauginis, permatomas gaubtas \u0161unims ir kat\u0117ms su dvigubu neopreno apvadu. Atskiri gaubto u\u017esegimai. Greitai ir lengvai pritvirtinama. Apsaugo"},"iawp_total_views":247},"product_brand":[],"product_cat":[25,104,32,9026,9025,8999],"product_tag":[],"class_list":{"0":"post-38595","1":"product","2":"type-product","3":"status-publish","4":"has-post-thumbnail","6":"product_cat-katems","7":"product_cat-kitos-kaciu-prekes","8":"product_cat-kitos-sunu-prekes","9":"product_cat-prieziuros-priemones-sunims","10":"product_cat-prieziuros-priemones-katems","11":"product_cat-sunims","12":"pa_prekiu-zenklai-genia","14":"first","15":"instock","16":"featured","17":"taxable","18":"shipping-taxable","19":"purchasable","20":"product-type-variable"},"acf":[],"_links":{"self":[{"href":"https:\/\/zooprekes24.lt\/lv\/wp-json\/wp\/v2\/product\/38595","targetHints":{"allow":["GET"]}}],"collection":[{"href":"https:\/\/zooprekes24.lt\/lv\/wp-json\/wp\/v2\/product"}],"about":[{"href":"https:\/\/zooprekes24.lt\/lv\/wp-json\/wp\/v2\/types\/product"}],"replies":[{"embeddable":true,"href":"https:\/\/zooprekes24.lt\/lv\/wp-json\/wp\/v2\/comments?post=38595"}],"wp:featuredmedia":[{"embeddable":true,"href":"https:\/\/zooprekes24.lt\/lv\/wp-json\/wp\/v2\/media\/38605"}],"wp:attachment":[{"href":"https:\/\/zooprekes24.lt\/lv\/wp-json\/wp\/v2\/media?parent=38595"}],"wp:term":[{"taxonomy":"product_brand","embeddable":true,"href":"https:\/\/zooprekes24.lt\/lv\/wp-json\/wp\/v2\/product_brand?post=38595"},{"taxonomy":"product_cat","embeddable":true,"href":"https:\/\/zooprekes24.lt\/lv\/wp-json\/wp\/v2\/product_cat?post=38595"},{"taxonomy":"product_tag","embeddable":true,"href":"https:\/\/zooprekes24.lt\/lv\/wp-json\/wp\/v2\/product_tag?post=38595"}],"curies":[{"name":"wp","href":"https:\/\/api.w.org\/{rel}","templated":true}]}}