{"id":38565,"date":"2025-07-22T12:17:06","date_gmt":"2025-07-22T10:17:06","guid":{"rendered":"https:\/\/zooprekes24.lt\/?post_type=product&#038;p=38565"},"modified":"2025-07-28T14:55:16","modified_gmt":"2025-07-28T12:55:16","slug":"expertus-tofu-kaciu-kraikas-bekvapis","status":"publish","type":"product","link":"https:\/\/zooprekes24.lt\/lv\/produktas\/expertus-tofu-kaciu-kraikas-bekvapis\/","title":{"rendered":"Expertus Tofu ka\u010di\u0173 kraikas, Bekvapis"},"content":{"rendered":"<h3><span data-contrast=\"auto\">Expertus Tofu &#8211; tai viena<\/span><span data-contrast=\"auto\">s<\/span><span data-contrast=\"auto\"> jaun\u0101k\u0101s dab\u012bgo pakai\u0161u \u0161\u0137irnes ka\u0137iem. Izgatavots no 100% dab\u012bgo zir\u0146u <\/span><span data-contrast=\"auto\">\u0161\u0137iedra<\/span><span data-contrast=\"auto\">, <\/span><span data-contrast=\"auto\">b\u016bt .<\/span><span data-contrast=\"auto\">\u00a0<\/span><span data-contrast=\"auto\">jebkur\u0161 <\/span><span data-contrast=\"auto\">sint\u0113tisk\u0101s piedevas un kr\u0101svielas<\/span><span data-contrast=\"auto\">. <a href=\"https:\/\/zooprekes24.lt\/lv\/?s=Kraikas&amp;post_type=product&amp;product_cat=0\" target=\"_blank\" rel=\"noopener noreferrer\">Ka\u0137u pakai\u0161i<\/a> \u0101tri absorb\u0113 mitrumu un neitraliz\u0113 nepat\u012bkamas smakas. Tas ir ar\u012b \u012bpa\u0161i saudz\u012bgs <\/span><span data-contrast=\"auto\">jut\u012bg\u0101m ka\u0137u p\u0113d\u0101m.<\/span><span data-contrast=\"auto\">\u00a0<\/span><span data-contrast=\"auto\">Kad pakai\u0161i sa\u0146em mitrumu, tie p\u0101riet uz\u00a0<\/span><span data-contrast=\"auto\">cietiem gabali\u0146iem,\u00a0<\/span><span data-contrast=\"auto\">L\u012bdz <\/span><span data-contrast=\"auto\">iz\u0146emt no ka\u0137a pakai\u0161u kastes <\/span><span data-contrast=\"auto\">viegli un \u0101tri.<\/span><\/h3>\n<ul>\n<li>Bekvapis, ta\u010diau puikiai neutralizuoja nemalonius kvapus.<\/li>\n<li>J\u016bsu m\u012blu\u013ca p\u0113das vienm\u0113r paliek t\u012bras, neatst\u0101jot p\u0113das, un j\u016bsu m\u0101joklis ir piln\u012bgi t\u012brs.<\/li>\n<li>Pateicoties dabiskajam sast\u0101vam, pakai\u0161i ir biolo\u0123iski no\u0101rd\u0101mi un \u0161\u0137\u012bst \u016bden\u012b. Var dro\u0161i izskalot tualet\u0113.<\/li>\n<li>Atkritumi ir piln\u012bgi videi draudz\u012bgi. Produkts ir biolo\u0123iski no\u0101rd\u0101ms, to var kompost\u0113t un izmantot k\u0101 dabisku m\u0113slojumu.<\/li>\n<li>Pagrindin\u0117 Expertus kraiko sudedamoji dalis &#8211; \u017eirni\u0173 l\u0105steliena. Jo sud\u0117tyje n\u0117ra joki\u0173 sintetini\u0173\u202fpried\u0173 ir da\u017eikli\u0173, tod\u0117l jis yra netoksi\u0161kas ir 100% saugus kat\u0117ms.<\/li>\n<li>Tofu pakai\u0161u izgatavo\u0161anai netiek izmantota koksne, t\u0101p\u0113c netiek izcirsti koki, t\u0101d\u0113j\u0101di aizsarg\u0101jot vidi. Pateicoties unik\u0101laj\u0101m sast\u0101vda\u013c\u0101m, pakai\u0161u pakai\u0161i nesadal\u0101s, t\u0101p\u0113c tie ir dro\u0161i gan m\u0101jdz\u012bvniekiem, gan vi\u0146u saimniekiem.<\/li>\n<\/ul>","protected":false},"excerpt":{"rendered":"<p>Expertus Tofu &#8211; tai vienas naujausi\u0173 nat\u016brali\u0173 kraik\u0173 r\u016b\u0161i\u0173, skirt\u0173 kat\u0117ms. Pagamintas i\u0161 100% nat\u016bralios \u017eirni\u0173 l\u0105stelienos, be\u00a0joki\u0173 sintetini\u0173 pried\u0173 ir da\u017eikli\u0173. Ka\u010di\u0173 kraikas greitai sugeria dr\u0117gm\u0119 ir neutralizuoja nemalonius kvapus. Be to, jis ypa\u010d \u0161velnus jautrioms kat\u0117s p\u0117dut\u0117ms.\u00a0Gav\u0119s dr\u0117gm\u0117s \u0161is kraikas su\u0161oka \u012f\u00a0kietus grumstelius,\u00a0kuriuos i\u0161 kat\u0117s tualeto pa\u0161alinsite lengvai ir greitai. Bekvapis, ta\u010diau puikiai&#8230;<\/p>","protected":false},"featured_media":38569,"comment_status":"closed","ping_status":"closed","template":"","meta":{"_acf_changed":false,"slim_seo":{"title":"Expertus Tofu ka\u010di\u0173 kraikas, Bekvapis - Zooprekes24","description":"Expertus Tofu - tai viena s naujausi\u0173 nat\u016brali\u0173 kraik\u0173 r\u016b\u0161i\u0173, skirt\u0173 kat\u0117ms. Pagamintas i\u0161 100% nat\u016bralios \u017eirni\u0173 l\u0105stelienos , be \u00a0 joki\u0173 sintetini\u0173 pried\u0173 ir"},"iawp_total_views":99},"product_brand":[],"product_cat":[78,25,9009],"product_tag":[],"class_list":{"0":"post-38565","1":"product","2":"type-product","3":"status-publish","4":"has-post-thumbnail","6":"product_cat-higiena-ir-prieziura-katems","7":"product_cat-katems","8":"product_cat-kraikas","9":"pa_kraiko-rusis-tofu","10":"pa_prekiu-zenklai-expertus","12":"first","13":"instock","14":"featured","15":"taxable","16":"shipping-taxable","17":"purchasable","18":"product-type-variable"},"acf":[],"_links":{"self":[{"href":"https:\/\/zooprekes24.lt\/lv\/wp-json\/wp\/v2\/product\/38565","targetHints":{"allow":["GET"]}}],"collection":[{"href":"https:\/\/zooprekes24.lt\/lv\/wp-json\/wp\/v2\/product"}],"about":[{"href":"https:\/\/zooprekes24.lt\/lv\/wp-json\/wp\/v2\/types\/product"}],"replies":[{"embeddable":true,"href":"https:\/\/zooprekes24.lt\/lv\/wp-json\/wp\/v2\/comments?post=38565"}],"wp:featuredmedia":[{"embeddable":true,"href":"https:\/\/zooprekes24.lt\/lv\/wp-json\/wp\/v2\/media\/38569"}],"wp:attachment":[{"href":"https:\/\/zooprekes24.lt\/lv\/wp-json\/wp\/v2\/media?parent=38565"}],"wp:term":[{"taxonomy":"product_brand","embeddable":true,"href":"https:\/\/zooprekes24.lt\/lv\/wp-json\/wp\/v2\/product_brand?post=38565"},{"taxonomy":"product_cat","embeddable":true,"href":"https:\/\/zooprekes24.lt\/lv\/wp-json\/wp\/v2\/product_cat?post=38565"},{"taxonomy":"product_tag","embeddable":true,"href":"https:\/\/zooprekes24.lt\/lv\/wp-json\/wp\/v2\/product_tag?post=38565"}],"curies":[{"name":"wp","href":"https:\/\/api.w.org\/{rel}","templated":true}]}}