{"id":38508,"date":"2025-07-21T12:02:56","date_gmt":"2025-07-21T10:02:56","guid":{"rendered":"https:\/\/zooprekes24.lt\/?post_type=product&#038;p=38508"},"modified":"2025-07-28T15:43:14","modified_gmt":"2025-07-28T13:43:14","slug":"genia-necky-apsaugine-apykakle-gaubtas-sunims-ir-katems-8-skirtingi-dydziai-matines-spalvos","status":"publish","type":"product","link":"https:\/\/zooprekes24.lt\/lv\/produktas\/genia-necky-apsaugine-apykakle-gaubtas-sunims-ir-katems-8-skirtingi-dydziai-matines-spalvos\/","title":{"rendered":"Genia Necky apsaugin\u0117 apykakl\u0117-gaubtas \u0161unims ir kat\u0117ms, 8 skirtingi dyd\u017eiai, matin\u0117s spalvos"},"content":{"rendered":"<h3><span>Genia Necky &#8211; apsauginis, matin\u0117s spalvos gaubtas \u0161unims ir kat\u0117ms.<\/span><\/h3>\n<ul>\n<li><span>Atskiri gaubto u\u017esegimai.<\/span><\/li>\n<li>Greitai ir lengvai pritvirtinama.<\/li>\n<li><span>Apsaugo galv\u0105, pilv\u0105 ir letenas.<\/span><\/li>\n<li><span>Nuo 2 iki 3 dyd\u017eio reguliavimo pozicij\u0173 ties kaklu.<\/span><\/li>\n<li>I\u0161graviruota linijomis, kurios apsaugo nuo \u012fbr\u0117\u017eim\u0173.<\/li>\n<li><span>Anga, skirta pakabinti ir nuimti pasirinkta gaubt\u0105 &#8211; tereikia truktelti.<\/span><\/li>\n<li>Greito u\u017esegimo sistema, sutvirtinta dvigubomis kilpel\u0117mis u\u017epakalin\u0117je dalyje.<\/li>\n<li>Banguotas i\u0161orinis gaubto kra\u0161tas suma\u017eina priekin\u012f sm\u016bg\u012f ir diskomfort\u0105 augintiniui.<\/li>\n<\/ul>","protected":false},"excerpt":{"rendered":"<p>Genia Necky &#8211; apsauginis, matin\u0117s spalvos gaubtas \u0161unims ir kat\u0117ms. Atskiri gaubto u\u017esegimai. Greitai ir lengvai pritvirtinama. Apsaugo galv\u0105, pilv\u0105 ir letenas. Nuo 2 iki 3 dyd\u017eio reguliavimo pozicij\u0173 ties kaklu. I\u0161graviruota linijomis, kurios apsaugo nuo \u012fbr\u0117\u017eim\u0173. Anga, skirta pakabinti ir nuimti pasirinkta gaubt\u0105 &#8211; tereikia truktelti. Greito u\u017esegimo sistema, sutvirtinta dvigubomis kilpel\u0117mis u\u017epakalin\u0117je dalyje&#8230;.<\/p>","protected":false},"featured_media":38518,"comment_status":"closed","ping_status":"closed","template":"","meta":{"_acf_changed":false,"slim_seo":{"title":"Genia Necky apsaugin\u0117 apykakl\u0117-gaubtas \u0161unims ir kat\u0117ms, 8 skirtingi dyd\u017eiai, matin\u0117s spalvos - Zooprekes24","description":"Genia Necky - apsauginis, matin\u0117s spalvos gaubtas \u0161unims ir kat\u0117ms. Atskiri gaubto u\u017esegimai. Greitai ir lengvai pritvirtinama. Apsaugo galv\u0105, pilv\u0105 ir letenas."},"iawp_total_views":50},"product_brand":[],"product_cat":[25,104,32,9025,9026,8999],"product_tag":[],"class_list":{"0":"post-38508","1":"product","2":"type-product","3":"status-publish","4":"has-post-thumbnail","6":"product_cat-katems","7":"product_cat-kitos-kaciu-prekes","8":"product_cat-kitos-sunu-prekes","9":"product_cat-prieziuros-priemones-katems","10":"product_cat-prieziuros-priemones-sunims","11":"product_cat-sunims","12":"pa_prekiu-zenklai-genia","14":"first","15":"instock","16":"featured","17":"taxable","18":"shipping-taxable","19":"purchasable","20":"product-type-variable"},"acf":[],"_links":{"self":[{"href":"https:\/\/zooprekes24.lt\/lv\/wp-json\/wp\/v2\/product\/38508","targetHints":{"allow":["GET"]}}],"collection":[{"href":"https:\/\/zooprekes24.lt\/lv\/wp-json\/wp\/v2\/product"}],"about":[{"href":"https:\/\/zooprekes24.lt\/lv\/wp-json\/wp\/v2\/types\/product"}],"replies":[{"embeddable":true,"href":"https:\/\/zooprekes24.lt\/lv\/wp-json\/wp\/v2\/comments?post=38508"}],"wp:featuredmedia":[{"embeddable":true,"href":"https:\/\/zooprekes24.lt\/lv\/wp-json\/wp\/v2\/media\/38518"}],"wp:attachment":[{"href":"https:\/\/zooprekes24.lt\/lv\/wp-json\/wp\/v2\/media?parent=38508"}],"wp:term":[{"taxonomy":"product_brand","embeddable":true,"href":"https:\/\/zooprekes24.lt\/lv\/wp-json\/wp\/v2\/product_brand?post=38508"},{"taxonomy":"product_cat","embeddable":true,"href":"https:\/\/zooprekes24.lt\/lv\/wp-json\/wp\/v2\/product_cat?post=38508"},{"taxonomy":"product_tag","embeddable":true,"href":"https:\/\/zooprekes24.lt\/lv\/wp-json\/wp\/v2\/product_tag?post=38508"}],"curies":[{"name":"wp","href":"https:\/\/api.w.org\/{rel}","templated":true}]}}