{"id":38419,"date":"2025-07-16T13:53:01","date_gmt":"2025-07-16T11:53:01","guid":{"rendered":"https:\/\/zooprekes24.lt\/?post_type=product&#038;p=38419"},"modified":"2025-07-29T14:55:58","modified_gmt":"2025-07-29T12:55:58","slug":"trixie-regular-maiselis-skanestams-iv-spalvu","status":"publish","type":"product","link":"https:\/\/zooprekes24.lt\/lv\/produktas\/trixie-regular-maiselis-skanestams-iv-spalvu\/","title":{"rendered":"Trixie Regular mai\u0161elis skan\u0117stams, \u012fv. spalv\u0173"},"content":{"rendered":"","protected":false},"excerpt":{"rendered":"","protected":false},"featured_media":38420,"comment_status":"closed","ping_status":"closed","template":"","meta":{"_acf_changed":false,"slim_seo":{"title":"Trixie Regular mai\u0161elis skan\u0117stams, \u012fv. spalv\u0173 - Zooprekes24","description":""},"iawp_total_views":27},"product_brand":[],"product_cat":[9079,9221,32,8999,31,9219],"product_tag":[],"class_list":{"0":"post-38419","1":"product","2":"type-product","3":"status-publish","4":"has-post-thumbnail","6":"product_cat-drabuziai-ir-aksesuarai","7":"product_cat-kelioniu-ir-isvyku-prekes-sunims","8":"product_cat-kitos-sunu-prekes","9":"product_cat-sunims","10":"product_cat-sunu-prekiu-gamintojai","11":"product_cat-trixie-sunims","12":"pa_prekiu-zenklai-trixie","14":"first","15":"instock","16":"featured","17":"taxable","18":"shipping-taxable","19":"purchasable","20":"product-type-simple"},"acf":[],"_links":{"self":[{"href":"https:\/\/zooprekes24.lt\/lv\/wp-json\/wp\/v2\/product\/38419","targetHints":{"allow":["GET"]}}],"collection":[{"href":"https:\/\/zooprekes24.lt\/lv\/wp-json\/wp\/v2\/product"}],"about":[{"href":"https:\/\/zooprekes24.lt\/lv\/wp-json\/wp\/v2\/types\/product"}],"replies":[{"embeddable":true,"href":"https:\/\/zooprekes24.lt\/lv\/wp-json\/wp\/v2\/comments?post=38419"}],"wp:featuredmedia":[{"embeddable":true,"href":"https:\/\/zooprekes24.lt\/lv\/wp-json\/wp\/v2\/media\/38420"}],"wp:attachment":[{"href":"https:\/\/zooprekes24.lt\/lv\/wp-json\/wp\/v2\/media?parent=38419"}],"wp:term":[{"taxonomy":"product_brand","embeddable":true,"href":"https:\/\/zooprekes24.lt\/lv\/wp-json\/wp\/v2\/product_brand?post=38419"},{"taxonomy":"product_cat","embeddable":true,"href":"https:\/\/zooprekes24.lt\/lv\/wp-json\/wp\/v2\/product_cat?post=38419"},{"taxonomy":"product_tag","embeddable":true,"href":"https:\/\/zooprekes24.lt\/lv\/wp-json\/wp\/v2\/product_tag?post=38419"}],"curies":[{"name":"wp","href":"https:\/\/api.w.org\/{rel}","templated":true}]}}