{"id":38384,"date":"2025-07-16T11:29:35","date_gmt":"2025-07-16T09:29:35","guid":{"rendered":"https:\/\/zooprekes24.lt\/?post_type=product&#038;p=38384"},"modified":"2025-07-29T14:58:32","modified_gmt":"2025-07-29T12:58:32","slug":"trixie-skirtingu-dizainu-klikeriai-iv-spalvu-1vnt","status":"publish","type":"product","link":"https:\/\/zooprekes24.lt\/lv\/produktas\/trixie-skirtingu-dizainu-klikeriai-iv-spalvu-1vnt\/","title":{"rendered":"Trixie skirting\u0173 dizain\u0173 klikeriai, \u012fv. spalv\u0173, 1 vnt"},"content":{"rendered":"","protected":false},"excerpt":{"rendered":"","protected":false},"featured_media":38395,"comment_status":"closed","ping_status":"closed","template":"","meta":{"_acf_changed":false,"slim_seo":{"title":"Trixie skirting\u0173 dizain\u0173 klikeriai, \u012fv. spalv\u0173, 1 vnt - Zooprekes24","description":""},"iawp_total_views":8},"product_brand":[],"product_cat":[9221,32,8999,31,9219],"product_tag":[],"class_list":{"0":"post-38384","1":"product","2":"type-product","3":"status-publish","4":"has-post-thumbnail","6":"product_cat-kelioniu-ir-isvyku-prekes-sunims","7":"product_cat-kitos-sunu-prekes","8":"product_cat-sunims","9":"product_cat-sunu-prekiu-gamintojai","10":"product_cat-trixie-sunims","11":"pa_prekiu-zenklai-trixie","13":"first","14":"instock","15":"featured","16":"taxable","17":"shipping-taxable","18":"purchasable","19":"product-type-variable"},"acf":[],"_links":{"self":[{"href":"https:\/\/zooprekes24.lt\/lv\/wp-json\/wp\/v2\/product\/38384","targetHints":{"allow":["GET"]}}],"collection":[{"href":"https:\/\/zooprekes24.lt\/lv\/wp-json\/wp\/v2\/product"}],"about":[{"href":"https:\/\/zooprekes24.lt\/lv\/wp-json\/wp\/v2\/types\/product"}],"replies":[{"embeddable":true,"href":"https:\/\/zooprekes24.lt\/lv\/wp-json\/wp\/v2\/comments?post=38384"}],"wp:featuredmedia":[{"embeddable":true,"href":"https:\/\/zooprekes24.lt\/lv\/wp-json\/wp\/v2\/media\/38395"}],"wp:attachment":[{"href":"https:\/\/zooprekes24.lt\/lv\/wp-json\/wp\/v2\/media?parent=38384"}],"wp:term":[{"taxonomy":"product_brand","embeddable":true,"href":"https:\/\/zooprekes24.lt\/lv\/wp-json\/wp\/v2\/product_brand?post=38384"},{"taxonomy":"product_cat","embeddable":true,"href":"https:\/\/zooprekes24.lt\/lv\/wp-json\/wp\/v2\/product_cat?post=38384"},{"taxonomy":"product_tag","embeddable":true,"href":"https:\/\/zooprekes24.lt\/lv\/wp-json\/wp\/v2\/product_tag?post=38384"}],"curies":[{"name":"wp","href":"https:\/\/api.w.org\/{rel}","templated":true}]}}