{"id":38301,"date":"2025-07-15T13:01:36","date_gmt":"2025-07-15T11:01:36","guid":{"rendered":"https:\/\/zooprekes24.lt\/?post_type=product&#038;p=38301"},"modified":"2025-07-29T11:19:19","modified_gmt":"2025-07-29T09:19:19","slug":"trixie-wings-augintinio-transportavimo-krepsys-i-lektuva-pilkas-su-melynu","status":"publish","type":"product","link":"https:\/\/zooprekes24.lt\/lv\/produktas\/trixie-wings-augintinio-transportavimo-krepsys-i-lektuva-pilkas-su-melynu\/","title":{"rendered":"Trixie Wings augintinio transportavimo krep\u0161ys \u012f l\u0117ktuv\u0105, pilkas su m\u0117lynu"},"content":{"rendered":"","protected":false},"excerpt":{"rendered":"","protected":false},"featured_media":38304,"comment_status":"closed","ping_status":"closed","template":"","meta":{"_acf_changed":false,"slim_seo":{"title":"Trixie Wings augintinio transportavimo krep\u0161ys \u012f l\u0117ktuv\u0105, pilkas su m\u0117lynu - Zooprekes24","description":""},"iawp_total_views":40},"product_brand":[],"product_cat":[9223,9078,83,25,9225,9221,104,32,8999,31,9219,9222],"product_tag":[],"class_list":{"0":"post-38301","1":"product","2":"type-product","3":"status-publish","4":"has-post-thumbnail","6":"product_cat-guoliai-patiesimai-transportavimo-priemones-katems","7":"product_cat-guoliai-patiesimai-transportavimo-priemones-sunims","8":"product_cat-kaciu-prekiu-gamintojai","9":"product_cat-katems","10":"product_cat-kelioniu-ir-isvyku-prekes-katems","11":"product_cat-kelioniu-ir-isvyku-prekes-sunims","12":"product_cat-kitos-kaciu-prekes","13":"product_cat-kitos-sunu-prekes","14":"product_cat-sunims","15":"product_cat-sunu-prekiu-gamintojai","16":"product_cat-trixie-sunims","17":"product_cat-trixie-katems","18":"pa_prekiu-zenklai-trixie","19":"pa_suns-amzius-jauniems","20":"pa_suns-amzius-senjorams","21":"pa_suns-amzius-suaugusiems","22":"pa_suns-amzius-visiems-amziams","23":"pa_veisles-dydis-mazoms-veislems","24":"pa_veisles-dydis-vidutinems-veislems","26":"first","27":"instock","28":"featured","29":"taxable","30":"shipping-taxable","31":"purchasable","32":"product-type-simple"},"acf":[],"_links":{"self":[{"href":"https:\/\/zooprekes24.lt\/lv\/wp-json\/wp\/v2\/product\/38301","targetHints":{"allow":["GET"]}}],"collection":[{"href":"https:\/\/zooprekes24.lt\/lv\/wp-json\/wp\/v2\/product"}],"about":[{"href":"https:\/\/zooprekes24.lt\/lv\/wp-json\/wp\/v2\/types\/product"}],"replies":[{"embeddable":true,"href":"https:\/\/zooprekes24.lt\/lv\/wp-json\/wp\/v2\/comments?post=38301"}],"wp:featuredmedia":[{"embeddable":true,"href":"https:\/\/zooprekes24.lt\/lv\/wp-json\/wp\/v2\/media\/38304"}],"wp:attachment":[{"href":"https:\/\/zooprekes24.lt\/lv\/wp-json\/wp\/v2\/media?parent=38301"}],"wp:term":[{"taxonomy":"product_brand","embeddable":true,"href":"https:\/\/zooprekes24.lt\/lv\/wp-json\/wp\/v2\/product_brand?post=38301"},{"taxonomy":"product_cat","embeddable":true,"href":"https:\/\/zooprekes24.lt\/lv\/wp-json\/wp\/v2\/product_cat?post=38301"},{"taxonomy":"product_tag","embeddable":true,"href":"https:\/\/zooprekes24.lt\/lv\/wp-json\/wp\/v2\/product_tag?post=38301"}],"curies":[{"name":"wp","href":"https:\/\/api.w.org\/{rel}","templated":true}]}}