{"id":38290,"date":"2025-07-15T12:38:53","date_gmt":"2025-07-15T10:38:53","guid":{"rendered":"https:\/\/zooprekes24.lt\/?post_type=product&#038;p=38290"},"modified":"2025-07-29T11:21:18","modified_gmt":"2025-07-29T09:21:18","slug":"trixie-ryan-transportavimo-krepsys-augintiniams-juodas","status":"publish","type":"product","link":"https:\/\/zooprekes24.lt\/lv\/produktas\/trixie-ryan-transportavimo-krepsys-augintiniams-juodas\/","title":{"rendered":"Trixie Ryan transportavimo krep\u0161ys augintiniams, juodas"},"content":{"rendered":"<p>I\u0161matavimai:<\/p>\n<p>Ma\u017eesnio dyd\u017eio krep\u0161ys: 26 x 27 x 47 cm (sveriantiems iki 6 kg),<\/p>\n<p>Didesnio dyd\u017eio krep\u0161ys: 30 x 30 x 54 cm (sveriantiems iki 10 kg).<\/p>","protected":false},"excerpt":{"rendered":"<p>I\u0161matavimai: Ma\u017eesnio dyd\u017eio krep\u0161ys: 26 x 27 x 47 cm (sveriantiems iki 6 kg), Didesnio dyd\u017eio krep\u0161ys: 30 x 30 x 54 cm (sveriantiems iki 10 kg).<\/p>","protected":false},"featured_media":38293,"comment_status":"closed","ping_status":"closed","template":"","meta":{"_acf_changed":false,"slim_seo":{"title":"Trixie Ryan transportavimo krep\u0161ys augintiniams, juodas - Zooprekes24","description":"I\u0161matavimai: Ma\u017eesnio dyd\u017eio krep\u0161ys: 26 x 27 x 47 cm (sveriantiems iki 6 kg), Didesnio dyd\u017eio krep\u0161ys: 30 x 30 x 54 cm (sveriantiems iki 10 kg)."},"iawp_total_views":14},"product_brand":[],"product_cat":[9078,9223,83,25,9225,9221,104,32,8999,31,9219,9222],"product_tag":[],"class_list":{"0":"post-38290","1":"product","2":"type-product","3":"status-publish","4":"has-post-thumbnail","6":"product_cat-guoliai-patiesimai-transportavimo-priemones-sunims","7":"product_cat-guoliai-patiesimai-transportavimo-priemones-katems","8":"product_cat-kaciu-prekiu-gamintojai","9":"product_cat-katems","10":"product_cat-kelioniu-ir-isvyku-prekes-katems","11":"product_cat-kelioniu-ir-isvyku-prekes-sunims","12":"product_cat-kitos-kaciu-prekes","13":"product_cat-kitos-sunu-prekes","14":"product_cat-sunims","15":"product_cat-sunu-prekiu-gamintojai","16":"product_cat-trixie-sunims","17":"product_cat-trixie-katems","18":"pa_prekiu-zenklai-trixie","19":"pa_suns-amzius-jauniems","20":"pa_suns-amzius-senjorams","21":"pa_suns-amzius-suaugusiems","22":"pa_suns-amzius-visiems-amziams","23":"pa_veisles-dydis-mazoms-veislems","24":"pa_veisles-dydis-vidutinems-veislems","26":"first","27":"instock","28":"featured","29":"taxable","30":"shipping-taxable","31":"purchasable","32":"product-type-variable"},"acf":[],"_links":{"self":[{"href":"https:\/\/zooprekes24.lt\/lv\/wp-json\/wp\/v2\/product\/38290","targetHints":{"allow":["GET"]}}],"collection":[{"href":"https:\/\/zooprekes24.lt\/lv\/wp-json\/wp\/v2\/product"}],"about":[{"href":"https:\/\/zooprekes24.lt\/lv\/wp-json\/wp\/v2\/types\/product"}],"replies":[{"embeddable":true,"href":"https:\/\/zooprekes24.lt\/lv\/wp-json\/wp\/v2\/comments?post=38290"}],"wp:featuredmedia":[{"embeddable":true,"href":"https:\/\/zooprekes24.lt\/lv\/wp-json\/wp\/v2\/media\/38293"}],"wp:attachment":[{"href":"https:\/\/zooprekes24.lt\/lv\/wp-json\/wp\/v2\/media?parent=38290"}],"wp:term":[{"taxonomy":"product_brand","embeddable":true,"href":"https:\/\/zooprekes24.lt\/lv\/wp-json\/wp\/v2\/product_brand?post=38290"},{"taxonomy":"product_cat","embeddable":true,"href":"https:\/\/zooprekes24.lt\/lv\/wp-json\/wp\/v2\/product_cat?post=38290"},{"taxonomy":"product_tag","embeddable":true,"href":"https:\/\/zooprekes24.lt\/lv\/wp-json\/wp\/v2\/product_tag?post=38290"}],"curies":[{"name":"wp","href":"https:\/\/api.w.org\/{rel}","templated":true}]}}