{"id":38260,"date":"2025-07-15T11:09:33","date_gmt":"2025-07-15T09:09:33","guid":{"rendered":"https:\/\/zooprekes24.lt\/?post_type=product&#038;p=38260"},"modified":"2025-07-29T11:29:17","modified_gmt":"2025-07-29T09:29:17","slug":"trixie-juosmens-dirzas-seimininkui-su-pavadeliu-suniui-begiojimui-siaurietiskam-ejimui-ir-kt-juodas","status":"publish","type":"product","link":"https:\/\/zooprekes24.lt\/lv\/produktas\/trixie-juosmens-dirzas-seimininkui-su-pavadeliu-suniui-begiojimui-siaurietiskam-ejimui-ir-kt-juodas\/","title":{"rendered":"Trixie juosmens dir\u017eas \u0161eimininkui su pavad\u0117liu \u0161uniui &#8211; b\u0117giojimui, \u0161iaurieti\u0161kam \u0117jimui ir kt., juodas"},"content":{"rendered":"","protected":false},"excerpt":{"rendered":"","protected":false},"featured_media":38264,"comment_status":"closed","ping_status":"closed","template":"","meta":{"_acf_changed":false,"slim_seo":{"title":"Trixie juosmens dir\u017eas \u0161eimininkui su pavad\u0117liu \u0161uniui - b\u0117giojimui, \u0161iaurieti\u0161kam \u0117jimui ir kt., juodas - Zooprekes24","description":""},"iawp_total_views":26},"product_brand":[],"product_cat":[9221,32,9074,8999,31,9219],"product_tag":[],"class_list":{"0":"post-38260","1":"product","2":"type-product","3":"status-publish","4":"has-post-thumbnail","6":"product_cat-kelioniu-ir-isvyku-prekes-sunims","7":"product_cat-kitos-sunu-prekes","8":"product_cat-pavadeliai-antsnukiai-petnesos","9":"product_cat-sunims","10":"product_cat-sunu-prekiu-gamintojai","11":"product_cat-trixie-sunims","12":"pa_prekiu-zenklai-trixie","13":"pa_suns-amzius-jauniems","14":"pa_suns-amzius-senjorams","15":"pa_suns-amzius-suaugusiems","16":"pa_suns-amzius-visiems-amziams","17":"pa_veisles-dydis-didelems-veislems","18":"pa_veisles-dydis-mazoms-veislems","19":"pa_veisles-dydis-vidutinems-veislems","20":"pa_veisles-dydis-visu-dydziu-veislems","22":"first","23":"instock","24":"featured","25":"taxable","26":"shipping-taxable","27":"purchasable","28":"product-type-simple"},"acf":[],"_links":{"self":[{"href":"https:\/\/zooprekes24.lt\/lv\/wp-json\/wp\/v2\/product\/38260","targetHints":{"allow":["GET"]}}],"collection":[{"href":"https:\/\/zooprekes24.lt\/lv\/wp-json\/wp\/v2\/product"}],"about":[{"href":"https:\/\/zooprekes24.lt\/lv\/wp-json\/wp\/v2\/types\/product"}],"replies":[{"embeddable":true,"href":"https:\/\/zooprekes24.lt\/lv\/wp-json\/wp\/v2\/comments?post=38260"}],"wp:featuredmedia":[{"embeddable":true,"href":"https:\/\/zooprekes24.lt\/lv\/wp-json\/wp\/v2\/media\/38264"}],"wp:attachment":[{"href":"https:\/\/zooprekes24.lt\/lv\/wp-json\/wp\/v2\/media?parent=38260"}],"wp:term":[{"taxonomy":"product_brand","embeddable":true,"href":"https:\/\/zooprekes24.lt\/lv\/wp-json\/wp\/v2\/product_brand?post=38260"},{"taxonomy":"product_cat","embeddable":true,"href":"https:\/\/zooprekes24.lt\/lv\/wp-json\/wp\/v2\/product_cat?post=38260"},{"taxonomy":"product_tag","embeddable":true,"href":"https:\/\/zooprekes24.lt\/lv\/wp-json\/wp\/v2\/product_tag?post=38260"}],"curies":[{"name":"wp","href":"https:\/\/api.w.org\/{rel}","templated":true}]}}