{"id":38121,"date":"2025-07-11T10:51:00","date_gmt":"2025-07-11T08:51:00","guid":{"rendered":"https:\/\/zooprekes24.lt\/?post_type=product&#038;p=38121"},"modified":"2025-07-29T15:07:29","modified_gmt":"2025-07-29T13:07:29","slug":"trixie-mikropluosto-ranksluostis-augintiniams-su-kisenemis-rankoms-pilkas","status":"publish","type":"product","link":"https:\/\/zooprekes24.lt\/lv\/produktas\/trixie-mikropluosto-ranksluostis-augintiniams-su-kisenemis-rankoms-pilkas\/","title":{"rendered":"Trixie mikropluo\u0161to rank\u0161luostis augintiniams su ki\u0161en\u0117mis rankoms, pilkas"},"content":{"rendered":"","protected":false},"excerpt":{"rendered":"","protected":false},"featured_media":38122,"comment_status":"closed","ping_status":"closed","template":"","meta":{"_acf_changed":false,"slim_seo":{"title":"Trixie mikropluo\u0161to rank\u0161luostis augintiniams su ki\u0161en\u0117mis rankoms, pilkas - Zooprekes24","description":""},"iawp_total_views":4},"product_brand":[],"product_cat":[9005,9221,32,8999,31,9219],"product_tag":[],"class_list":{"0":"post-38121","1":"product","2":"type-product","3":"status-publish","4":"has-post-thumbnail","6":"product_cat-higienos-ir-valymo-priemones","7":"product_cat-kelioniu-ir-isvyku-prekes-sunims","8":"product_cat-kitos-sunu-prekes","9":"product_cat-sunims","10":"product_cat-sunu-prekiu-gamintojai","11":"product_cat-trixie-sunims","12":"pa_prekiu-zenklai-trixie","14":"first","15":"instock","16":"featured","17":"taxable","18":"shipping-taxable","19":"purchasable","20":"product-type-simple"},"acf":[],"_links":{"self":[{"href":"https:\/\/zooprekes24.lt\/lv\/wp-json\/wp\/v2\/product\/38121","targetHints":{"allow":["GET"]}}],"collection":[{"href":"https:\/\/zooprekes24.lt\/lv\/wp-json\/wp\/v2\/product"}],"about":[{"href":"https:\/\/zooprekes24.lt\/lv\/wp-json\/wp\/v2\/types\/product"}],"replies":[{"embeddable":true,"href":"https:\/\/zooprekes24.lt\/lv\/wp-json\/wp\/v2\/comments?post=38121"}],"wp:featuredmedia":[{"embeddable":true,"href":"https:\/\/zooprekes24.lt\/lv\/wp-json\/wp\/v2\/media\/38122"}],"wp:attachment":[{"href":"https:\/\/zooprekes24.lt\/lv\/wp-json\/wp\/v2\/media?parent=38121"}],"wp:term":[{"taxonomy":"product_brand","embeddable":true,"href":"https:\/\/zooprekes24.lt\/lv\/wp-json\/wp\/v2\/product_brand?post=38121"},{"taxonomy":"product_cat","embeddable":true,"href":"https:\/\/zooprekes24.lt\/lv\/wp-json\/wp\/v2\/product_cat?post=38121"},{"taxonomy":"product_tag","embeddable":true,"href":"https:\/\/zooprekes24.lt\/lv\/wp-json\/wp\/v2\/product_tag?post=38121"}],"curies":[{"name":"wp","href":"https:\/\/api.w.org\/{rel}","templated":true}]}}