{"id":38094,"date":"2025-07-10T15:46:08","date_gmt":"2025-07-10T13:46:08","guid":{"rendered":"https:\/\/zooprekes24.lt\/?post_type=product&#038;p=38094"},"modified":"2025-07-29T11:46:55","modified_gmt":"2025-07-29T09:46:55","slug":"trixie-samoa-classic-kelioninis-patiesalas-sunims-sviesiai-melynas-su-pilku","status":"publish","type":"product","link":"https:\/\/zooprekes24.lt\/lv\/produktas\/trixie-samoa-classic-kelioninis-patiesalas-sunims-sviesiai-melynas-su-pilku\/","title":{"rendered":"Trixie Samoa Classic kelioninis patiesalas \u0161unims, \u0161viesiai m\u0117lynas su pilku"},"content":{"rendered":"","protected":false},"excerpt":{"rendered":"","protected":false},"featured_media":38098,"comment_status":"closed","ping_status":"closed","template":"","meta":{"_acf_changed":false,"slim_seo":{"title":"Trixie Samoa Classic kelioninis patiesalas \u0161unims, \u0161viesiai m\u0117lynas su pilku - Zooprekes24","description":""},"iawp_total_views":18},"product_brand":[],"product_cat":[9078,9221,32,8999,31,9219],"product_tag":[],"class_list":{"0":"post-38094","1":"product","2":"type-product","3":"status-publish","4":"has-post-thumbnail","6":"product_cat-guoliai-patiesimai-transportavimo-priemones-sunims","7":"product_cat-kelioniu-ir-isvyku-prekes-sunims","8":"product_cat-kitos-sunu-prekes","9":"product_cat-sunims","10":"product_cat-sunu-prekiu-gamintojai","11":"product_cat-trixie-sunims","12":"pa_prekiu-zenklai-trixie","13":"pa_suns-amzius-jauniems","14":"pa_suns-amzius-senjorams","15":"pa_suns-amzius-suaugusiems","16":"pa_suns-amzius-visiems-amziams","17":"pa_veisles-dydis-didelems-veislems","18":"pa_veisles-dydis-mazoms-veislems","19":"pa_veisles-dydis-vidutinems-veislems","20":"pa_veisles-dydis-visu-dydziu-veislems","22":"first","23":"instock","24":"featured","25":"taxable","26":"shipping-taxable","27":"purchasable","28":"product-type-variable"},"acf":[],"_links":{"self":[{"href":"https:\/\/zooprekes24.lt\/lv\/wp-json\/wp\/v2\/product\/38094","targetHints":{"allow":["GET"]}}],"collection":[{"href":"https:\/\/zooprekes24.lt\/lv\/wp-json\/wp\/v2\/product"}],"about":[{"href":"https:\/\/zooprekes24.lt\/lv\/wp-json\/wp\/v2\/types\/product"}],"replies":[{"embeddable":true,"href":"https:\/\/zooprekes24.lt\/lv\/wp-json\/wp\/v2\/comments?post=38094"}],"wp:featuredmedia":[{"embeddable":true,"href":"https:\/\/zooprekes24.lt\/lv\/wp-json\/wp\/v2\/media\/38098"}],"wp:attachment":[{"href":"https:\/\/zooprekes24.lt\/lv\/wp-json\/wp\/v2\/media?parent=38094"}],"wp:term":[{"taxonomy":"product_brand","embeddable":true,"href":"https:\/\/zooprekes24.lt\/lv\/wp-json\/wp\/v2\/product_brand?post=38094"},{"taxonomy":"product_cat","embeddable":true,"href":"https:\/\/zooprekes24.lt\/lv\/wp-json\/wp\/v2\/product_cat?post=38094"},{"taxonomy":"product_tag","embeddable":true,"href":"https:\/\/zooprekes24.lt\/lv\/wp-json\/wp\/v2\/product_tag?post=38094"}],"curies":[{"name":"wp","href":"https:\/\/api.w.org\/{rel}","templated":true}]}}