{"id":38009,"date":"2025-07-10T12:15:59","date_gmt":"2025-07-10T10:15:59","guid":{"rendered":"https:\/\/zooprekes24.lt\/?post_type=product&#038;p=38009"},"modified":"2025-07-11T13:50:10","modified_gmt":"2025-07-11T11:50:10","slug":"trixie-reguliuojamos-petnesos-sunims-skirtos-keliaujant-automobiliu-juodos","status":"publish","type":"product","link":"https:\/\/zooprekes24.lt\/lv\/produktas\/trixie-reguliuojamos-petnesos-sunims-skirtos-keliaujant-automobiliu-juodos\/","title":{"rendered":"Trixie reguliuojamos petne\u0161os \u0161unims, skirtos keliaujant automobiliu, juodos"},"content":{"rendered":"<p>Dyd\u017ei\u0173 i\u0161matavimai:<\/p>\n<ul>\n<li>XS-S (20-50 cm, 15 mm), pilvo apimtis 20-50 cm.<\/li>\n<li>S (30-60 cm, 20 mm), pilvo apimtis 30-60 cm.<\/li>\n<li>M (50-70 cm, 25 mm), pilvo apimtis 50-70 cm.<\/li>\n<li>L (70-90 cm, 25 mm), pilvo apimtis 70-90 cm.<\/li>\n<\/ul>","protected":false},"excerpt":{"rendered":"<p>Dyd\u017ei\u0173 i\u0161matavimai: XS-S (20-50 cm, 15 mm), pilvo apimtis 20-50 cm. S (30-60 cm, 20 mm), pilvo apimtis 30-60 cm. M (50-70 cm, 25 mm), pilvo apimtis 50-70 cm. L (70-90 cm, 25 mm), pilvo apimtis 70-90 cm.<\/p>","protected":false},"featured_media":38013,"comment_status":"closed","ping_status":"closed","template":"","meta":{"_acf_changed":false,"slim_seo":{"title":"Trixie reguliuojamos petne\u0161os \u0161unims, skirtos keliaujant automobiliu, juodos - Zooprekes24","description":"Dyd\u017ei\u0173 i\u0161matavimai: XS-S (20-50 cm, 15 mm), pilvo apimtis 20-50 cm. S (30-60 cm, 20 mm), pilvo apimtis 30-60 cm. M (50-70 cm, 25 mm), pilvo apimtis 50-70 cm. L"},"iawp_total_views":46},"product_brand":[],"product_cat":[9221,32,8999,31,9219],"product_tag":[],"class_list":{"0":"post-38009","1":"product","2":"type-product","3":"status-publish","4":"has-post-thumbnail","6":"product_cat-kelioniu-ir-isvyku-prekes-sunims","7":"product_cat-kitos-sunu-prekes","8":"product_cat-sunims","9":"product_cat-sunu-prekiu-gamintojai","10":"product_cat-trixie-sunims","11":"pa_prekiu-zenklai-trixie","12":"pa_suns-amzius-jauniems","13":"pa_suns-amzius-senjorams","14":"pa_suns-amzius-suaugusiems","15":"pa_suns-amzius-visiems-amziams","16":"pa_veisles-dydis-didelems-veislems","17":"pa_veisles-dydis-mazoms-veislems","18":"pa_veisles-dydis-vidutinems-veislems","19":"pa_veisles-dydis-visu-dydziu-veislems","21":"first","22":"instock","23":"featured","24":"taxable","25":"shipping-taxable","26":"purchasable","27":"product-type-variable"},"acf":[],"_links":{"self":[{"href":"https:\/\/zooprekes24.lt\/lv\/wp-json\/wp\/v2\/product\/38009","targetHints":{"allow":["GET"]}}],"collection":[{"href":"https:\/\/zooprekes24.lt\/lv\/wp-json\/wp\/v2\/product"}],"about":[{"href":"https:\/\/zooprekes24.lt\/lv\/wp-json\/wp\/v2\/types\/product"}],"replies":[{"embeddable":true,"href":"https:\/\/zooprekes24.lt\/lv\/wp-json\/wp\/v2\/comments?post=38009"}],"wp:featuredmedia":[{"embeddable":true,"href":"https:\/\/zooprekes24.lt\/lv\/wp-json\/wp\/v2\/media\/38013"}],"wp:attachment":[{"href":"https:\/\/zooprekes24.lt\/lv\/wp-json\/wp\/v2\/media?parent=38009"}],"wp:term":[{"taxonomy":"product_brand","embeddable":true,"href":"https:\/\/zooprekes24.lt\/lv\/wp-json\/wp\/v2\/product_brand?post=38009"},{"taxonomy":"product_cat","embeddable":true,"href":"https:\/\/zooprekes24.lt\/lv\/wp-json\/wp\/v2\/product_cat?post=38009"},{"taxonomy":"product_tag","embeddable":true,"href":"https:\/\/zooprekes24.lt\/lv\/wp-json\/wp\/v2\/product_tag?post=38009"}],"curies":[{"name":"wp","href":"https:\/\/api.w.org\/{rel}","templated":true}]}}