{"id":37977,"date":"2025-07-10T10:58:37","date_gmt":"2025-07-10T08:58:37","guid":{"rendered":"https:\/\/zooprekes24.lt\/?post_type=product&#038;p=37977"},"modified":"2025-07-11T13:42:02","modified_gmt":"2025-07-11T11:42:02","slug":"trixie-bagazines-dangcio-fiksatorius-automobilio-vedinimui-10cm","status":"publish","type":"product","link":"https:\/\/zooprekes24.lt\/lv\/produktas\/trixie-bagazines-dangcio-fiksatorius-automobilio-vedinimui-10cm\/","title":{"rendered":"Trixie baga\u017ein\u0117s dang\u010dio fiksatorius automobilio v\u0117dinimui, 10 cm"},"content":{"rendered":"","protected":false},"excerpt":{"rendered":"","protected":false},"featured_media":37981,"comment_status":"closed","ping_status":"closed","template":"","meta":{"_acf_changed":false,"slim_seo":{"title":"Trixie baga\u017ein\u0117s dang\u010dio fiksatorius automobilio v\u0117dinimui, 10 cm - Zooprekes24","description":""},"iawp_total_views":6},"product_brand":[],"product_cat":[9221,32,8999,31,9219],"product_tag":[],"class_list":{"0":"post-37977","1":"product","2":"type-product","3":"status-publish","4":"has-post-thumbnail","6":"product_cat-kelioniu-ir-isvyku-prekes-sunims","7":"product_cat-kitos-sunu-prekes","8":"product_cat-sunims","9":"product_cat-sunu-prekiu-gamintojai","10":"product_cat-trixie-sunims","11":"pa_prekiu-zenklai-trixie","13":"first","14":"instock","15":"featured","16":"taxable","17":"shipping-taxable","18":"purchasable","19":"product-type-simple"},"acf":[],"_links":{"self":[{"href":"https:\/\/zooprekes24.lt\/lv\/wp-json\/wp\/v2\/product\/37977","targetHints":{"allow":["GET"]}}],"collection":[{"href":"https:\/\/zooprekes24.lt\/lv\/wp-json\/wp\/v2\/product"}],"about":[{"href":"https:\/\/zooprekes24.lt\/lv\/wp-json\/wp\/v2\/types\/product"}],"replies":[{"embeddable":true,"href":"https:\/\/zooprekes24.lt\/lv\/wp-json\/wp\/v2\/comments?post=37977"}],"wp:featuredmedia":[{"embeddable":true,"href":"https:\/\/zooprekes24.lt\/lv\/wp-json\/wp\/v2\/media\/37981"}],"wp:attachment":[{"href":"https:\/\/zooprekes24.lt\/lv\/wp-json\/wp\/v2\/media?parent=37977"}],"wp:term":[{"taxonomy":"product_brand","embeddable":true,"href":"https:\/\/zooprekes24.lt\/lv\/wp-json\/wp\/v2\/product_brand?post=37977"},{"taxonomy":"product_cat","embeddable":true,"href":"https:\/\/zooprekes24.lt\/lv\/wp-json\/wp\/v2\/product_cat?post=37977"},{"taxonomy":"product_tag","embeddable":true,"href":"https:\/\/zooprekes24.lt\/lv\/wp-json\/wp\/v2\/product_tag?post=37977"}],"curies":[{"name":"wp","href":"https:\/\/api.w.org\/{rel}","templated":true}]}}