{"id":37943,"date":"2025-07-09T17:43:38","date_gmt":"2025-07-09T15:43:38","guid":{"rendered":"https:\/\/zooprekes24.lt\/?post_type=product&#038;p=37943"},"modified":"2025-07-10T09:02:58","modified_gmt":"2025-07-10T07:02:58","slug":"animonda-vom-feinsten-adult-konservai-sunims-su-jautiena-ir-vistienos-krutinele","status":"publish","type":"product","link":"https:\/\/zooprekes24.lt\/lv\/produktas\/animonda-vom-feinsten-adult-konservai-sunims-su-jautiena-ir-vistienos-krutinele\/","title":{"rendered":"Animonda Vom Feinsten Adult konservai \u0161unims su jautiena ir vi\u0161tienos kr\u016btin\u0117le"},"content":{"rendered":"<h3>Animonda Vom Feinsten konservai su jautiena ir vi\u0161tienos kr\u016btin\u0117le puikus ir lengvas b\u016bdas palepinti J\u016bs\u0173 augintin\u012f. Sud\u0117tyje n\u0117ra soj\u0173 ar gr\u016bd\u0173 priemai\u0161\u0173, dirbtini\u0173 da\u017eom\u0173j\u0173 med\u017eiag\u0173 bei skonio stiprikli\u0173.<\/h3>\n<ul>\n<li>\u0112diena pagatavo\u0161an\u0101 tiek izmantota tikai dab\u012bga ga\u013ca.<\/li>\n<li>Konservai tinkami \u0161unims turintiems jautr\u0173 skrand\u012f.<\/li>\n<li>Optim\u0101la uzturvielu un olbaltumvielu uzs\u016bk\u0161an\u0101s, pateicoties r\u016bp\u012bgi sagatavot\u0101m svaig\u0101m sast\u0101vda\u013c\u0101m.<\/li>\n<li>Aizz\u012bmogotais, viegli lietojamais iepakojums lieliski saglab\u0101 dab\u012bgo gar\u0161u un arom\u0101tu un aizsarg\u0101 no mikrobiem un bakt\u0113rij\u0101m, kas var kait\u0113t j\u016bsu m\u0101jdz\u012bvniekam.<\/li>\n<\/ul>","protected":false},"excerpt":{"rendered":"<p>Animonda Vom Feinsten konservai su jautiena ir vi\u0161tienos kr\u016btin\u0117le puikus ir lengvas b\u016bdas palepinti J\u016bs\u0173 augintin\u012f. Sud\u0117tyje n\u0117ra soj\u0173 ar gr\u016bd\u0173 priemai\u0161\u0173, dirbtini\u0173 da\u017eom\u0173j\u0173 med\u017eiag\u0173 bei skonio stiprikli\u0173. \u0116dalui gaminti naudojama tik nat\u016brali m\u0117sa. Konservai tinkami \u0161unims turintiems jautr\u0173 skrand\u012f. Optimalus maistini\u0173 med\u017eiag\u0173 ir baltym\u0173 \u012fsisavinimas d\u0117ka kruop\u0161\u010diai paruo\u0161t\u0173 \u0161vie\u017ei\u0173 ingredient\u0173. Sandari, patogi naudoti pakuot\u0117&#8230;<\/p>","protected":false},"featured_media":37944,"comment_status":"closed","ping_status":"closed","template":"","meta":{"_acf_changed":false,"slim_seo":{"title":"Animonda Vom Feinsten Adult konservai \u0161unims su jautiena ir vi\u0161tienos kr\u016btin\u0117le - Zooprekes24","description":"Animonda Vom Feinsten konservai su jautiena ir vi\u0161tienos kr\u016btin\u0117le puikus ir lengvas b\u016bdas palepinti J\u016bs\u0173 augintin\u012f. Sud\u0117tyje n\u0117ra soj\u0173 ar gr\u016bd\u0173 priemai\u0161\u0173, dirb"},"iawp_total_views":23},"product_brand":[],"product_cat":[9007,9004,8999,29,31],"product_tag":[177,200],"class_list":{"0":"post-37943","1":"product","2":"type-product","3":"status-publish","4":"has-post-thumbnail","6":"product_cat-animonda-sunims","7":"product_cat-slapias-maistas","8":"product_cat-sunims","9":"product_cat-sunu-maistas","10":"product_cat-sunu-prekiu-gamintojai","11":"product_tag-edalas-sunims","12":"product_tag-super-premium-maistas-sunims","13":"pa_pasaro-sudetis-jautiena","14":"pa_pasaro-sudetis-paukstiena","15":"pa_pasaro-sudetis-vistiena","16":"pa_prekiu-zenklai-animonda","17":"pa_suns-amzius-suaugusiems","18":"pa_veisles-dydis-didelems-veislems","19":"pa_veisles-dydis-mazoms-veislems","20":"pa_veisles-dydis-vidutinems-veislems","21":"pa_veisles-dydis-visu-dydziu-veislems","23":"first","24":"instock","25":"featured","26":"taxable","27":"shipping-taxable","28":"purchasable","29":"product-type-variable"},"acf":[],"_links":{"self":[{"href":"https:\/\/zooprekes24.lt\/lv\/wp-json\/wp\/v2\/product\/37943","targetHints":{"allow":["GET"]}}],"collection":[{"href":"https:\/\/zooprekes24.lt\/lv\/wp-json\/wp\/v2\/product"}],"about":[{"href":"https:\/\/zooprekes24.lt\/lv\/wp-json\/wp\/v2\/types\/product"}],"replies":[{"embeddable":true,"href":"https:\/\/zooprekes24.lt\/lv\/wp-json\/wp\/v2\/comments?post=37943"}],"wp:featuredmedia":[{"embeddable":true,"href":"https:\/\/zooprekes24.lt\/lv\/wp-json\/wp\/v2\/media\/37944"}],"wp:attachment":[{"href":"https:\/\/zooprekes24.lt\/lv\/wp-json\/wp\/v2\/media?parent=37943"}],"wp:term":[{"taxonomy":"product_brand","embeddable":true,"href":"https:\/\/zooprekes24.lt\/lv\/wp-json\/wp\/v2\/product_brand?post=37943"},{"taxonomy":"product_cat","embeddable":true,"href":"https:\/\/zooprekes24.lt\/lv\/wp-json\/wp\/v2\/product_cat?post=37943"},{"taxonomy":"product_tag","embeddable":true,"href":"https:\/\/zooprekes24.lt\/lv\/wp-json\/wp\/v2\/product_tag?post=37943"}],"curies":[{"name":"wp","href":"https:\/\/api.w.org\/{rel}","templated":true}]}}