{"id":37761,"date":"2025-06-30T16:26:09","date_gmt":"2025-06-30T14:26:09","guid":{"rendered":"https:\/\/zooprekes24.lt\/?post_type=product&#038;p=37761"},"modified":"2025-06-30T17:21:20","modified_gmt":"2025-06-30T15:21:20","slug":"good-wood-small-kavamedzio-saka-kaulas-sunims-iki-10kg","status":"publish","type":"product","link":"https:\/\/zooprekes24.lt\/lv\/produktas\/good-wood-small-kavamedzio-saka-kaulas-sunims-iki-10kg\/","title":{"rendered":"Good Wood Small kavamed\u017eio \u0161aka-kaulas \u0161unims iki 10 kg"},"content":{"rendered":"","protected":false},"excerpt":{"rendered":"","protected":false},"featured_media":37763,"comment_status":"closed","ping_status":"closed","template":"","meta":{"_acf_changed":false,"slim_seo":{"title":"Good Wood Small kavamed\u017eio \u0161aka-kaulas \u0161unims iki 10 kg - Zooprekes24","description":""},"iawp_total_views":95},"product_brand":[],"product_cat":[9039,8999,30],"product_tag":[],"class_list":{"0":"post-37761","1":"product","2":"type-product","3":"status-publish","4":"has-post-thumbnail","6":"product_cat-kaulai-ir-susukta-oda","7":"product_cat-sunims","8":"product_cat-sunu-skanestai","9":"pa_prekiu-zenklai-chewllagen","10":"pa_suns-amzius-jauniems","11":"pa_suns-amzius-senjorams","12":"pa_suns-amzius-suaugusiems","13":"pa_suns-amzius-visiems-amziams","14":"pa_veisles-dydis-mazoms-veislems","16":"first","17":"instock","18":"featured","19":"taxable","20":"shipping-taxable","21":"purchasable","22":"product-type-simple"},"acf":[],"_links":{"self":[{"href":"https:\/\/zooprekes24.lt\/lv\/wp-json\/wp\/v2\/product\/37761","targetHints":{"allow":["GET"]}}],"collection":[{"href":"https:\/\/zooprekes24.lt\/lv\/wp-json\/wp\/v2\/product"}],"about":[{"href":"https:\/\/zooprekes24.lt\/lv\/wp-json\/wp\/v2\/types\/product"}],"replies":[{"embeddable":true,"href":"https:\/\/zooprekes24.lt\/lv\/wp-json\/wp\/v2\/comments?post=37761"}],"wp:featuredmedia":[{"embeddable":true,"href":"https:\/\/zooprekes24.lt\/lv\/wp-json\/wp\/v2\/media\/37763"}],"wp:attachment":[{"href":"https:\/\/zooprekes24.lt\/lv\/wp-json\/wp\/v2\/media?parent=37761"}],"wp:term":[{"taxonomy":"product_brand","embeddable":true,"href":"https:\/\/zooprekes24.lt\/lv\/wp-json\/wp\/v2\/product_brand?post=37761"},{"taxonomy":"product_cat","embeddable":true,"href":"https:\/\/zooprekes24.lt\/lv\/wp-json\/wp\/v2\/product_cat?post=37761"},{"taxonomy":"product_tag","embeddable":true,"href":"https:\/\/zooprekes24.lt\/lv\/wp-json\/wp\/v2\/product_tag?post=37761"}],"curies":[{"name":"wp","href":"https:\/\/api.w.org\/{rel}","templated":true}]}}