{"id":37738,"date":"2025-06-30T12:01:13","date_gmt":"2025-06-30T10:01:13","guid":{"rendered":"https:\/\/zooprekes24.lt\/?post_type=product&#038;p=37738"},"modified":"2025-06-30T13:14:50","modified_gmt":"2025-06-30T11:14:50","slug":"eukanuba-veterinary-diets-dermatosis-ocean-fish-potato-sausas-maistas-sunims","status":"publish","type":"product","link":"https:\/\/zooprekes24.lt\/lv\/produktas\/eukanuba-veterinary-diets-dermatosis-ocean-fish-potato-sausas-maistas-sunims\/","title":{"rendered":"Eukanuba Veterinary Diets Dermatosis Ocean Fish &#038; Potato sausas maistas \u0161unims"},"content":{"rendered":"","protected":false},"excerpt":{"rendered":"<p>Ma\u017e\u0173 veisli\u0173 \u0161uniukams skirtas visavertis sausas pa\u0161aras su vi\u0161tiena ir ry\u017eiais.<\/p>","protected":false},"featured_media":37742,"comment_status":"closed","ping_status":"closed","template":"","meta":{"_acf_changed":false,"slim_seo":{"title":"Eukanuba Veterinary Diets Dermatosis Ocean Fish & Potato sausas maistas \u0161unims - Zooprekes24","description":"Ma\u017e\u0173 veisli\u0173 \u0161uniukams skirtas visavertis sausas pa\u0161aras su vi\u0161tiena ir ry\u017eiais."},"iawp_total_views":43},"product_brand":[],"product_cat":[9213,9002,8999,29,31,9035],"product_tag":[],"class_list":{"0":"post-37738","1":"product","2":"type-product","3":"status-publish","4":"has-post-thumbnail","6":"product_cat-eukanuba","7":"product_cat-sausas-maistas","8":"product_cat-sunims","9":"product_cat-sunu-maistas","10":"product_cat-sunu-prekiu-gamintojai","11":"product_cat-veterinarine-dieta","12":"pa_pasaro-sudetis-bulves","13":"pa_pasaro-sudetis-zuvis","14":"pa_prekiu-zenklai-eukanuba","15":"pa_suns-amzius-suaugusiems","16":"pa_veisles-dydis-didelems-veislems","17":"pa_veisles-dydis-mazoms-veislems","18":"pa_veisles-dydis-vidutinems-veislems","19":"pa_veisles-dydis-visu-dydziu-veislems","21":"first","22":"instock","23":"taxable","24":"shipping-taxable","25":"purchasable","26":"product-type-variable"},"acf":[],"_links":{"self":[{"href":"https:\/\/zooprekes24.lt\/lv\/wp-json\/wp\/v2\/product\/37738","targetHints":{"allow":["GET"]}}],"collection":[{"href":"https:\/\/zooprekes24.lt\/lv\/wp-json\/wp\/v2\/product"}],"about":[{"href":"https:\/\/zooprekes24.lt\/lv\/wp-json\/wp\/v2\/types\/product"}],"replies":[{"embeddable":true,"href":"https:\/\/zooprekes24.lt\/lv\/wp-json\/wp\/v2\/comments?post=37738"}],"wp:featuredmedia":[{"embeddable":true,"href":"https:\/\/zooprekes24.lt\/lv\/wp-json\/wp\/v2\/media\/37742"}],"wp:attachment":[{"href":"https:\/\/zooprekes24.lt\/lv\/wp-json\/wp\/v2\/media?parent=37738"}],"wp:term":[{"taxonomy":"product_brand","embeddable":true,"href":"https:\/\/zooprekes24.lt\/lv\/wp-json\/wp\/v2\/product_brand?post=37738"},{"taxonomy":"product_cat","embeddable":true,"href":"https:\/\/zooprekes24.lt\/lv\/wp-json\/wp\/v2\/product_cat?post=37738"},{"taxonomy":"product_tag","embeddable":true,"href":"https:\/\/zooprekes24.lt\/lv\/wp-json\/wp\/v2\/product_tag?post=37738"}],"curies":[{"name":"wp","href":"https:\/\/api.w.org\/{rel}","templated":true}]}}