{"id":37718,"date":"2025-06-28T12:59:39","date_gmt":"2025-06-28T10:59:39","guid":{"rendered":"https:\/\/zooprekes24.lt\/?post_type=product&#038;p=37718"},"modified":"2025-06-28T13:08:23","modified_gmt":"2025-06-28T11:08:23","slug":"eukanuba-adult-s-m-salmon-barley-sausas-maistas-sunims-12kg","status":"publish","type":"product","link":"https:\/\/zooprekes24.lt\/lv\/produktas\/eukanuba-adult-s-m-salmon-barley-sausas-maistas-sunims-12kg\/","title":{"rendered":"Eukanuba Adult S\/M Salmon &#038; Barley sausas maistas \u0161unims 12 kg"},"content":{"rendered":"","protected":false},"excerpt":{"rendered":"<p>Ma\u017e\u0173 veisli\u0173 \u0161uniukams skirtas visavertis sausas pa\u0161aras su vi\u0161tiena ir ry\u017eiais.<\/p>","protected":false},"featured_media":37719,"comment_status":"closed","ping_status":"closed","template":"","meta":{"_acf_changed":false,"slim_seo":{"title":"Eukanuba Adult S\/M Salmon & Barley sausas maistas \u0161unims 12 kg - Zooprekes24","description":"Ma\u017e\u0173 veisli\u0173 \u0161uniukams skirtas visavertis sausas pa\u0161aras su vi\u0161tiena ir ry\u017eiais."},"iawp_total_views":34},"product_brand":[],"product_cat":[9213,9002,8999,29,31],"product_tag":[],"class_list":{"0":"post-37718","1":"product","2":"type-product","3":"status-publish","4":"has-post-thumbnail","6":"product_cat-eukanuba","7":"product_cat-sausas-maistas","8":"product_cat-sunims","9":"product_cat-sunu-maistas","10":"product_cat-sunu-prekiu-gamintojai","11":"pa_pasaro-sudetis-lasisa","12":"pa_pasaro-sudetis-zuvis","13":"pa_prekiu-zenklai-eukanuba","14":"pa_suns-amzius-suaugusiems","15":"pa_veisles-dydis-mazoms-veislems","16":"pa_veisles-dydis-vidutinems-veislems","18":"first","19":"instock","20":"taxable","21":"shipping-taxable","22":"purchasable","23":"product-type-simple"},"acf":[],"_links":{"self":[{"href":"https:\/\/zooprekes24.lt\/lv\/wp-json\/wp\/v2\/product\/37718","targetHints":{"allow":["GET"]}}],"collection":[{"href":"https:\/\/zooprekes24.lt\/lv\/wp-json\/wp\/v2\/product"}],"about":[{"href":"https:\/\/zooprekes24.lt\/lv\/wp-json\/wp\/v2\/types\/product"}],"replies":[{"embeddable":true,"href":"https:\/\/zooprekes24.lt\/lv\/wp-json\/wp\/v2\/comments?post=37718"}],"wp:featuredmedia":[{"embeddable":true,"href":"https:\/\/zooprekes24.lt\/lv\/wp-json\/wp\/v2\/media\/37719"}],"wp:attachment":[{"href":"https:\/\/zooprekes24.lt\/lv\/wp-json\/wp\/v2\/media?parent=37718"}],"wp:term":[{"taxonomy":"product_brand","embeddable":true,"href":"https:\/\/zooprekes24.lt\/lv\/wp-json\/wp\/v2\/product_brand?post=37718"},{"taxonomy":"product_cat","embeddable":true,"href":"https:\/\/zooprekes24.lt\/lv\/wp-json\/wp\/v2\/product_cat?post=37718"},{"taxonomy":"product_tag","embeddable":true,"href":"https:\/\/zooprekes24.lt\/lv\/wp-json\/wp\/v2\/product_tag?post=37718"}],"curies":[{"name":"wp","href":"https:\/\/api.w.org\/{rel}","templated":true}]}}