{"id":37683,"date":"2025-06-27T16:40:08","date_gmt":"2025-06-27T14:40:08","guid":{"rendered":"https:\/\/zooprekes24.lt\/?post_type=product&#038;p=37683"},"modified":"2025-06-27T18:53:10","modified_gmt":"2025-06-27T16:53:10","slug":"eukanuba-sensitive-digestion-adult-all-breed-chicken-sausas-maistas-sunims-12kg","status":"publish","type":"product","link":"https:\/\/zooprekes24.lt\/lv\/produktas\/eukanuba-sensitive-digestion-adult-all-breed-chicken-sausas-maistas-sunims-12kg\/","title":{"rendered":"Eukanuba Sensitive Digestion Adult All Breed Chicken sausas maistas \u0161unims 12 kg"},"content":{"rendered":"","protected":false},"excerpt":{"rendered":"<p>Ma\u017e\u0173 veisli\u0173 \u0161uniukams skirtas visavertis sausas pa\u0161aras su vi\u0161tiena ir ry\u017eiais.<\/p>","protected":false},"featured_media":37684,"comment_status":"closed","ping_status":"closed","template":"","meta":{"_acf_changed":false,"slim_seo":{"title":"Eukanuba Sensitive Digestion Adult All Breed Chicken sausas maistas \u0161unims 12 kg - Zooprekes24","description":"Ma\u017e\u0173 veisli\u0173 \u0161uniukams skirtas visavertis sausas pa\u0161aras su vi\u0161tiena ir ry\u017eiais."},"iawp_total_views":17},"product_brand":[],"product_cat":[9213,9002,8999,29,31],"product_tag":[],"class_list":{"0":"post-37683","1":"product","2":"type-product","3":"status-publish","4":"has-post-thumbnail","6":"product_cat-eukanuba","7":"product_cat-sausas-maistas","8":"product_cat-sunims","9":"product_cat-sunu-maistas","10":"product_cat-sunu-prekiu-gamintojai","11":"pa_pasaro-sudetis-vistiena","12":"pa_prekiu-zenklai-eukanuba","13":"pa_suns-amzius-suaugusiems","14":"pa_veisles-dydis-didelems-veislems","15":"pa_veisles-dydis-mazoms-veislems","16":"pa_veisles-dydis-vidutinems-veislems","17":"pa_veisles-dydis-visu-dydziu-veislems","19":"first","20":"instock","21":"taxable","22":"shipping-taxable","23":"purchasable","24":"product-type-simple"},"acf":[],"_links":{"self":[{"href":"https:\/\/zooprekes24.lt\/lv\/wp-json\/wp\/v2\/product\/37683","targetHints":{"allow":["GET"]}}],"collection":[{"href":"https:\/\/zooprekes24.lt\/lv\/wp-json\/wp\/v2\/product"}],"about":[{"href":"https:\/\/zooprekes24.lt\/lv\/wp-json\/wp\/v2\/types\/product"}],"replies":[{"embeddable":true,"href":"https:\/\/zooprekes24.lt\/lv\/wp-json\/wp\/v2\/comments?post=37683"}],"wp:featuredmedia":[{"embeddable":true,"href":"https:\/\/zooprekes24.lt\/lv\/wp-json\/wp\/v2\/media\/37684"}],"wp:attachment":[{"href":"https:\/\/zooprekes24.lt\/lv\/wp-json\/wp\/v2\/media?parent=37683"}],"wp:term":[{"taxonomy":"product_brand","embeddable":true,"href":"https:\/\/zooprekes24.lt\/lv\/wp-json\/wp\/v2\/product_brand?post=37683"},{"taxonomy":"product_cat","embeddable":true,"href":"https:\/\/zooprekes24.lt\/lv\/wp-json\/wp\/v2\/product_cat?post=37683"},{"taxonomy":"product_tag","embeddable":true,"href":"https:\/\/zooprekes24.lt\/lv\/wp-json\/wp\/v2\/product_tag?post=37683"}],"curies":[{"name":"wp","href":"https:\/\/api.w.org\/{rel}","templated":true}]}}