{"id":37637,"date":"2025-06-26T13:16:19","date_gmt":"2025-06-26T11:16:19","guid":{"rendered":"https:\/\/zooprekes24.lt\/?post_type=product&#038;p=37637"},"modified":"2025-06-27T11:10:23","modified_gmt":"2025-06-27T09:10:23","slug":"eukanuba-adult-large-breed-chicken-sausas-maistas-sunims","status":"publish","type":"product","link":"https:\/\/zooprekes24.lt\/lv\/produktas\/eukanuba-adult-large-breed-chicken-sausas-maistas-sunims\/","title":{"rendered":"Eukanuba Adult Large Breed Chicken sausas maistas \u0161unims"},"content":{"rendered":"","protected":false},"excerpt":{"rendered":"<p>Ma\u017e\u0173 veisli\u0173 \u0161uniukams skirtas visavertis sausas pa\u0161aras su vi\u0161tiena ir ry\u017eiais.<\/p>","protected":false},"featured_media":37641,"comment_status":"closed","ping_status":"closed","template":"","meta":{"_acf_changed":false,"slim_seo":{"title":"Eukanuba Adult Large Breed Chicken sausas maistas \u0161unims - Zooprekes24","description":"Ma\u017e\u0173 veisli\u0173 \u0161uniukams skirtas visavertis sausas pa\u0161aras su vi\u0161tiena ir ry\u017eiais."},"iawp_total_views":36},"product_brand":[],"product_cat":[9213,9002,8999,29,31],"product_tag":[],"class_list":{"0":"post-37637","1":"product","2":"type-product","3":"status-publish","4":"has-post-thumbnail","6":"product_cat-eukanuba","7":"product_cat-sausas-maistas","8":"product_cat-sunims","9":"product_cat-sunu-maistas","10":"product_cat-sunu-prekiu-gamintojai","11":"pa_pasaro-sudetis-vistiena","12":"pa_prekiu-zenklai-eukanuba","13":"pa_suns-amzius-suaugusiems","14":"pa_veisles-dydis-didelems-veislems","16":"first","17":"instock","18":"taxable","19":"shipping-taxable","20":"purchasable","21":"product-type-variable"},"acf":[],"_links":{"self":[{"href":"https:\/\/zooprekes24.lt\/lv\/wp-json\/wp\/v2\/product\/37637","targetHints":{"allow":["GET"]}}],"collection":[{"href":"https:\/\/zooprekes24.lt\/lv\/wp-json\/wp\/v2\/product"}],"about":[{"href":"https:\/\/zooprekes24.lt\/lv\/wp-json\/wp\/v2\/types\/product"}],"replies":[{"embeddable":true,"href":"https:\/\/zooprekes24.lt\/lv\/wp-json\/wp\/v2\/comments?post=37637"}],"wp:featuredmedia":[{"embeddable":true,"href":"https:\/\/zooprekes24.lt\/lv\/wp-json\/wp\/v2\/media\/37641"}],"wp:attachment":[{"href":"https:\/\/zooprekes24.lt\/lv\/wp-json\/wp\/v2\/media?parent=37637"}],"wp:term":[{"taxonomy":"product_brand","embeddable":true,"href":"https:\/\/zooprekes24.lt\/lv\/wp-json\/wp\/v2\/product_brand?post=37637"},{"taxonomy":"product_cat","embeddable":true,"href":"https:\/\/zooprekes24.lt\/lv\/wp-json\/wp\/v2\/product_cat?post=37637"},{"taxonomy":"product_tag","embeddable":true,"href":"https:\/\/zooprekes24.lt\/lv\/wp-json\/wp\/v2\/product_tag?post=37637"}],"curies":[{"name":"wp","href":"https:\/\/api.w.org\/{rel}","templated":true}]}}