{"id":37551,"date":"2025-06-25T14:38:06","date_gmt":"2025-06-25T12:38:06","guid":{"rendered":"https:\/\/zooprekes24.lt\/?post_type=product&#038;p=37551"},"modified":"2025-06-26T17:42:14","modified_gmt":"2025-06-26T15:42:14","slug":"gemon-kitten-chicken-rice-sausas-maistas-kaciukams","status":"publish","type":"product","link":"https:\/\/zooprekes24.lt\/lv\/produktas\/gemon-kitten-chicken-rice-sausas-maistas-kaciukams\/","title":{"rendered":"Gemon Kitten Chicken &#038; Rice sausas maistas ka\u010diukams"},"content":{"rendered":"","protected":false},"excerpt":{"rendered":"<p>Ma\u017e\u0173 veisli\u0173 \u0161uniukams skirtas visavertis sausas pa\u0161aras su vi\u0161tiena ir ry\u017eiais.<\/p>","protected":false},"featured_media":37555,"comment_status":"closed","ping_status":"closed","template":"","meta":{"_acf_changed":false,"slim_seo":{"title":"Gemon Kitten Chicken & Rice sausas maistas ka\u010diukams - Zooprekes24","description":"Ma\u017e\u0173 veisli\u0173 \u0161uniukams skirtas visavertis sausas pa\u0161aras su vi\u0161tiena ir ry\u017eiais."},"iawp_total_views":61},"product_brand":[],"product_cat":[9211,72,83,25,9016],"product_tag":[],"class_list":{"0":"post-37551","1":"product","2":"type-product","3":"status-publish","4":"has-post-thumbnail","6":"product_cat-gemon-katems","7":"product_cat-kaciu-maistas","8":"product_cat-kaciu-prekiu-gamintojai","9":"product_cat-katems","10":"product_cat-sausas-maistas-kaciu-maistas","11":"pa_pasaro-sudetis-ryziai","12":"pa_pasaro-sudetis-vistiena","13":"pa_prekiu-zenklai-gemon","15":"first","16":"instock","17":"taxable","18":"shipping-taxable","19":"purchasable","20":"product-type-variable"},"acf":[],"_links":{"self":[{"href":"https:\/\/zooprekes24.lt\/lv\/wp-json\/wp\/v2\/product\/37551","targetHints":{"allow":["GET"]}}],"collection":[{"href":"https:\/\/zooprekes24.lt\/lv\/wp-json\/wp\/v2\/product"}],"about":[{"href":"https:\/\/zooprekes24.lt\/lv\/wp-json\/wp\/v2\/types\/product"}],"replies":[{"embeddable":true,"href":"https:\/\/zooprekes24.lt\/lv\/wp-json\/wp\/v2\/comments?post=37551"}],"wp:featuredmedia":[{"embeddable":true,"href":"https:\/\/zooprekes24.lt\/lv\/wp-json\/wp\/v2\/media\/37555"}],"wp:attachment":[{"href":"https:\/\/zooprekes24.lt\/lv\/wp-json\/wp\/v2\/media?parent=37551"}],"wp:term":[{"taxonomy":"product_brand","embeddable":true,"href":"https:\/\/zooprekes24.lt\/lv\/wp-json\/wp\/v2\/product_brand?post=37551"},{"taxonomy":"product_cat","embeddable":true,"href":"https:\/\/zooprekes24.lt\/lv\/wp-json\/wp\/v2\/product_cat?post=37551"},{"taxonomy":"product_tag","embeddable":true,"href":"https:\/\/zooprekes24.lt\/lv\/wp-json\/wp\/v2\/product_tag?post=37551"}],"curies":[{"name":"wp","href":"https:\/\/api.w.org\/{rel}","templated":true}]}}