{"id":37371,"date":"2025-06-19T14:36:27","date_gmt":"2025-06-19T12:36:27","guid":{"rendered":"https:\/\/zooprekes24.lt\/?post_type=product&#038;p=37371"},"modified":"2025-06-19T14:53:46","modified_gmt":"2025-06-19T12:53:46","slug":"monge-bfb-natural-superpremium-adult-active-chicken-sausas-maistas-sunims-15kg","status":"publish","type":"product","link":"https:\/\/zooprekes24.lt\/lv\/produktas\/monge-bfb-natural-superpremium-adult-active-chicken-sausas-maistas-sunims-15kg\/","title":{"rendered":"Monge BFB Natural Superpremium Adult Active Chicken sausas maistas \u0161unims 15 kg"},"content":{"rendered":"<h3 class=\"MsoNoSpacing\">Monge BFB Natural Superpremium Adult Active Chicken &#8211; visavertis sausas maistas labai aktyviems, suaugusiems, vis\u0173 veisli\u0173 \u0161unims nuo 1 met\u0173 am\u017eiaus. M\u0117sa yra pagrindinis ingredientas ir baltym\u0173 \u0161altinis kiekviename Monge Natural Superpremium \u0117dale. Be to, produktuose gr\u016bd\u0173 kiekis yra suma\u017eintas ir n\u0117ra sojos.<\/h3>\n<ul>\n<li>Ra\u017eots It\u0101lij\u0101.<\/li>\n<li>Nav pievienotu kr\u0101svielu vai m\u0101ksl\u012bgo konservantu.<\/li>\n<li>Pirm\u0101 sast\u0101vda\u013ca ir vistas ga\u013ca. Bar\u012bbas recepti raksturo t\u0101s sagremojam\u012bba un gar\u0161a, pateicoties ga\u013cas svaigumam.<\/li>\n<li>Recept\u016bra ir papildin\u0101ta ar jaun\u0101s paaudzes XOS (ksilolligosahar\u012bdiem), kas ir prebioti\u0137i, kuri veicina zarnu vesel\u012bbu.<\/li>\n<li>\u012apa\u0161i izstr\u0101d\u0101ta j\u016bsu su\u0146a vesel\u012bbai, izmantojot augst\u0101k\u0101s kvalit\u0101tes uzturvielas un p\u0101rbaud\u012bta, izmantojot It\u0101lij\u0101 veikto testu.<\/li>\n<li><span>Satur ar\u012b glikozam\u012bna un hondroit\u012bna sulf\u0101tu, kas veicina loc\u012btavu att\u012bst\u012bbu, savuk\u0101rt l\u012bdzsvarota kalcija un fosfora attiec\u012bba nodro\u0161ina pareizu kaulu un loc\u012btavu vesel\u012bbu.<\/span><\/li>\n<\/ul>","protected":false},"excerpt":{"rendered":"<p class=\"MsoNoSpacing\">Saus\u0101 bar\u012bba ar vistas ga\u013cu gr\u016bsn\u0101m un lakt\u0113jo\u0161\u0101m kuc\u0113m un kuc\u0113niem.<\/p>","protected":false},"featured_media":37377,"comment_status":"closed","ping_status":"closed","template":"","meta":{"_acf_changed":false,"slim_seo":{"title":"Monge BFB Natural Superpremium Adult Active Chicken sausas maistas \u0161unims 15 kg - Zooprekes24","description":"Saus\u0101 bar\u012bba ar vistas ga\u013cu gr\u016bsn\u0101m un lakt\u0113jo\u0161\u0101m kuc\u0113m un kuc\u0113niem."},"iawp_total_views":42},"product_brand":[],"product_cat":[9192,9002,8999,29,31],"product_tag":[],"class_list":{"0":"post-37371","1":"product","2":"type-product","3":"status-publish","4":"has-post-thumbnail","6":"product_cat-monge-sunims","7":"product_cat-sausas-maistas","8":"product_cat-sunims","9":"product_cat-sunu-maistas","10":"product_cat-sunu-prekiu-gamintojai","11":"pa_pasaro-sudetis-ryziai","12":"pa_pasaro-sudetis-vistiena","13":"pa_prekiu-zenklai-monge-natural-superpremium","14":"pa_suns-amzius-suaugusiems","15":"pa_veisles-dydis-didelems-veislems","16":"pa_veisles-dydis-mazoms-veislems","17":"pa_veisles-dydis-vidutinems-veislems","18":"pa_veisles-dydis-visu-dydziu-veislems","20":"first","21":"instock","22":"taxable","23":"shipping-taxable","24":"purchasable","25":"product-type-simple"},"acf":[],"_links":{"self":[{"href":"https:\/\/zooprekes24.lt\/lv\/wp-json\/wp\/v2\/product\/37371","targetHints":{"allow":["GET"]}}],"collection":[{"href":"https:\/\/zooprekes24.lt\/lv\/wp-json\/wp\/v2\/product"}],"about":[{"href":"https:\/\/zooprekes24.lt\/lv\/wp-json\/wp\/v2\/types\/product"}],"replies":[{"embeddable":true,"href":"https:\/\/zooprekes24.lt\/lv\/wp-json\/wp\/v2\/comments?post=37371"}],"wp:featuredmedia":[{"embeddable":true,"href":"https:\/\/zooprekes24.lt\/lv\/wp-json\/wp\/v2\/media\/37377"}],"wp:attachment":[{"href":"https:\/\/zooprekes24.lt\/lv\/wp-json\/wp\/v2\/media?parent=37371"}],"wp:term":[{"taxonomy":"product_brand","embeddable":true,"href":"https:\/\/zooprekes24.lt\/lv\/wp-json\/wp\/v2\/product_brand?post=37371"},{"taxonomy":"product_cat","embeddable":true,"href":"https:\/\/zooprekes24.lt\/lv\/wp-json\/wp\/v2\/product_cat?post=37371"},{"taxonomy":"product_tag","embeddable":true,"href":"https:\/\/zooprekes24.lt\/lv\/wp-json\/wp\/v2\/product_tag?post=37371"}],"curies":[{"name":"wp","href":"https:\/\/api.w.org\/{rel}","templated":true}]}}