{"id":37365,"date":"2025-06-19T13:56:41","date_gmt":"2025-06-19T11:56:41","guid":{"rendered":"https:\/\/zooprekes24.lt\/?post_type=product&#038;p=37365"},"modified":"2025-06-19T14:23:18","modified_gmt":"2025-06-19T12:23:18","slug":"monge-bfb-bwild-adult-anchovies-potatoes-peas-begrudis-sausas-maistas-sunims-15kg","status":"publish","type":"product","link":"https:\/\/zooprekes24.lt\/lv\/produktas\/monge-bfb-bwild-adult-anchovies-potatoes-peas-begrudis-sausas-maistas-sunims-15kg\/","title":{"rendered":"Monge BFB BWild Adult Anchovies, Potatoes &#038; Peas begr\u016bdis sausas maistas \u0161unims 15 kg"},"content":{"rendered":"<h3 class=\"MsoNoSpacing\">Monge BFB BWild Adult Anchovies, Potatoes &amp; Peas &#8211; v<span>isavertis sausas maistas suaugusiems, vis\u0173 veisli\u0173 \u0161unims nuo 1 met\u0173 am\u017eiaus.<\/span> M\u0117sa arba \u017euvis yra pagrindinis ingredientas ir baltym\u0173 \u0161altinis kiekviename Monge BWild \u0117dale.<\/h3>\n<ul>\n<li>Ra\u017eots It\u0101lij\u0101.<\/li>\n<li>Nav pievienotu kr\u0101svielu vai m\u0101ksl\u012bgo konservantu.<\/li>\n<li>Pirmasis ingredientas yra an\u010diuviai. Pa\u0161aro receptas pasi\u017eymi vir\u0161kinamumu ir skoniu d\u0117l \u0161vie\u017eios \u017euvies.<\/li>\n<li>Recept\u016bra ir papildin\u0101ta ar jaun\u0101s paaudzes XOS (ksilolligosahar\u012bdiem), kas ir prebioti\u0137i, kuri veicina zarnu vesel\u012bbu.<\/li>\n<li>\u012apa\u0161i izstr\u0101d\u0101ta j\u016bsu su\u0146a vesel\u012bbai, izmantojot augst\u0101k\u0101s kvalit\u0101tes uzturvielas un p\u0101rbaud\u012bta, izmantojot It\u0101lij\u0101 veikto testu.<\/li>\n<\/ul>","protected":false},"excerpt":{"rendered":"<p class=\"MsoNoSpacing\">Saus\u0101 bar\u012bba ar vistas ga\u013cu gr\u016bsn\u0101m un lakt\u0113jo\u0161\u0101m kuc\u0113m un kuc\u0113niem.<\/p>","protected":false},"featured_media":37366,"comment_status":"closed","ping_status":"closed","template":"","meta":{"_acf_changed":false,"slim_seo":{"title":"Monge BFB BWild Adult Anchovies, Potatoes & Peas begr\u016bdis sausas maistas \u0161unims 15 kg - Zooprekes24","description":"Saus\u0101 bar\u012bba ar vistas ga\u013cu gr\u016bsn\u0101m un lakt\u0113jo\u0161\u0101m kuc\u0113m un kuc\u0113niem."},"iawp_total_views":22},"product_brand":[],"product_cat":[9001,9192,9002,8999,29,31],"product_tag":[],"class_list":{"0":"post-37365","1":"product","2":"type-product","3":"status-publish","4":"has-post-thumbnail","6":"product_cat-begrudis-maistas","7":"product_cat-monge-sunims","8":"product_cat-sausas-maistas","9":"product_cat-sunims","10":"product_cat-sunu-maistas","11":"product_cat-sunu-prekiu-gamintojai","12":"pa_pasaro-sudetis-bulves","13":"pa_pasaro-sudetis-darzoves","14":"pa_pasaro-sudetis-zuvis","15":"pa_prekiu-zenklai-monge-bwild","16":"pa_suns-amzius-suaugusiems","17":"pa_veisles-dydis-didelems-veislems","18":"pa_veisles-dydis-mazoms-veislems","19":"pa_veisles-dydis-vidutinems-veislems","20":"pa_veisles-dydis-visu-dydziu-veislems","22":"first","23":"instock","24":"taxable","25":"shipping-taxable","26":"purchasable","27":"product-type-simple"},"acf":[],"_links":{"self":[{"href":"https:\/\/zooprekes24.lt\/lv\/wp-json\/wp\/v2\/product\/37365","targetHints":{"allow":["GET"]}}],"collection":[{"href":"https:\/\/zooprekes24.lt\/lv\/wp-json\/wp\/v2\/product"}],"about":[{"href":"https:\/\/zooprekes24.lt\/lv\/wp-json\/wp\/v2\/types\/product"}],"replies":[{"embeddable":true,"href":"https:\/\/zooprekes24.lt\/lv\/wp-json\/wp\/v2\/comments?post=37365"}],"wp:featuredmedia":[{"embeddable":true,"href":"https:\/\/zooprekes24.lt\/lv\/wp-json\/wp\/v2\/media\/37366"}],"wp:attachment":[{"href":"https:\/\/zooprekes24.lt\/lv\/wp-json\/wp\/v2\/media?parent=37365"}],"wp:term":[{"taxonomy":"product_brand","embeddable":true,"href":"https:\/\/zooprekes24.lt\/lv\/wp-json\/wp\/v2\/product_brand?post=37365"},{"taxonomy":"product_cat","embeddable":true,"href":"https:\/\/zooprekes24.lt\/lv\/wp-json\/wp\/v2\/product_cat?post=37365"},{"taxonomy":"product_tag","embeddable":true,"href":"https:\/\/zooprekes24.lt\/lv\/wp-json\/wp\/v2\/product_tag?post=37365"}],"curies":[{"name":"wp","href":"https:\/\/api.w.org\/{rel}","templated":true}]}}