{"id":37363,"date":"2025-06-19T13:47:04","date_gmt":"2025-06-19T11:47:04","guid":{"rendered":"https:\/\/zooprekes24.lt\/?post_type=product&#038;p=37363"},"modified":"2025-06-19T14:28:45","modified_gmt":"2025-06-19T12:28:45","slug":"monge-bfb-bwild-adult-duck-potatoes-begrudis-sausas-maistas-sunims-15kg","status":"publish","type":"product","link":"https:\/\/zooprekes24.lt\/lv\/produktas\/monge-bfb-bwild-adult-duck-potatoes-begrudis-sausas-maistas-sunims-15kg\/","title":{"rendered":"Monge BFB BWild Adult Duck &#038; Potatoes begr\u016bdis sausas maistas \u0161unims 15 kg"},"content":{"rendered":"<h3 class=\"MsoNoSpacing\">Monge BFB BWild Adult Duck &amp; Potatoes &#8211; v<span>isavertis sausas maistas suaugusiems, vis\u0173 veisli\u0173 \u0161unims nuo 1 met\u0173 am\u017eiaus.<\/span> Ga\u013ca ir katra Monge BWild \u0113diena galven\u0101 sast\u0101vda\u013ca un olbaltumvielu avots.<\/h3>\n<ul>\n<li>Ra\u017eots It\u0101lij\u0101.<\/li>\n<li>Nav pievienotu kr\u0101svielu vai m\u0101ksl\u012bgo konservantu.<\/li>\n<li>Pirm\u0101 sast\u0101vda\u013ca ir p\u012ble. Bar\u012bbas recepti raksturo t\u0101s sagremojam\u012bba un gar\u0161a, pateicoties svaigai ga\u013cai.<\/li>\n<li>Recept\u016bra ir papildin\u0101ta ar jaun\u0101s paaudzes XOS (ksilolligosahar\u012bdiem), kas ir prebioti\u0137i, kuri veicina zarnu vesel\u012bbu.<\/li>\n<li>\u012apa\u0161i izstr\u0101d\u0101ta j\u016bsu su\u0146a vesel\u012bbai, izmantojot augst\u0101k\u0101s kvalit\u0101tes uzturvielas un p\u0101rbaud\u012bta, izmantojot It\u0101lij\u0101 veikto testu.<\/li>\n<\/ul>","protected":false},"excerpt":{"rendered":"<p class=\"MsoNoSpacing\">Saus\u0101 bar\u012bba ar vistas ga\u013cu gr\u016bsn\u0101m un lakt\u0113jo\u0161\u0101m kuc\u0113m un kuc\u0113niem.<\/p>","protected":false},"featured_media":37364,"comment_status":"closed","ping_status":"closed","template":"","meta":{"_acf_changed":false,"slim_seo":{"title":"Monge BFB BWild Adult Duck & Potatoes begr\u016bdis sausas maistas \u0161unims 15 kg - Zooprekes24","description":"Saus\u0101 bar\u012bba ar vistas ga\u013cu gr\u016bsn\u0101m un lakt\u0113jo\u0161\u0101m kuc\u0113m un kuc\u0113niem."},"iawp_total_views":137},"product_brand":[],"product_cat":[9001,9192,9002,8999,29,31],"product_tag":[],"class_list":{"0":"post-37363","1":"product","2":"type-product","3":"status-publish","4":"has-post-thumbnail","6":"product_cat-begrudis-maistas","7":"product_cat-monge-sunims","8":"product_cat-sausas-maistas","9":"product_cat-sunims","10":"product_cat-sunu-maistas","11":"product_cat-sunu-prekiu-gamintojai","12":"pa_pasaro-sudetis-antiena","13":"pa_pasaro-sudetis-bulves","14":"pa_prekiu-zenklai-monge-bwild","15":"pa_suns-amzius-suaugusiems","16":"pa_veisles-dydis-didelems-veislems","17":"pa_veisles-dydis-mazoms-veislems","18":"pa_veisles-dydis-vidutinems-veislems","19":"pa_veisles-dydis-visu-dydziu-veislems","21":"first","22":"instock","23":"taxable","24":"shipping-taxable","25":"purchasable","26":"product-type-simple"},"acf":[],"_links":{"self":[{"href":"https:\/\/zooprekes24.lt\/lv\/wp-json\/wp\/v2\/product\/37363","targetHints":{"allow":["GET"]}}],"collection":[{"href":"https:\/\/zooprekes24.lt\/lv\/wp-json\/wp\/v2\/product"}],"about":[{"href":"https:\/\/zooprekes24.lt\/lv\/wp-json\/wp\/v2\/types\/product"}],"replies":[{"embeddable":true,"href":"https:\/\/zooprekes24.lt\/lv\/wp-json\/wp\/v2\/comments?post=37363"}],"wp:featuredmedia":[{"embeddable":true,"href":"https:\/\/zooprekes24.lt\/lv\/wp-json\/wp\/v2\/media\/37364"}],"wp:attachment":[{"href":"https:\/\/zooprekes24.lt\/lv\/wp-json\/wp\/v2\/media?parent=37363"}],"wp:term":[{"taxonomy":"product_brand","embeddable":true,"href":"https:\/\/zooprekes24.lt\/lv\/wp-json\/wp\/v2\/product_brand?post=37363"},{"taxonomy":"product_cat","embeddable":true,"href":"https:\/\/zooprekes24.lt\/lv\/wp-json\/wp\/v2\/product_cat?post=37363"},{"taxonomy":"product_tag","embeddable":true,"href":"https:\/\/zooprekes24.lt\/lv\/wp-json\/wp\/v2\/product_tag?post=37363"}],"curies":[{"name":"wp","href":"https:\/\/api.w.org\/{rel}","templated":true}]}}