{"id":35997,"date":"2025-04-11T12:03:31","date_gmt":"2025-04-11T10:03:31","guid":{"rendered":"https:\/\/zooprekes24.lt\/?post_type=product&#038;p=35997"},"modified":"2025-07-28T19:23:15","modified_gmt":"2025-07-28T17:23:15","slug":"royal-canin-gastrointestinal-high-fibre-pastetas-sunims-200g","status":"publish","type":"product","link":"https:\/\/zooprekes24.lt\/lv\/produktas\/royal-canin-gastrointestinal-high-fibre-pastetas-sunims-200g\/","title":{"rendered":"Royal Canin Gastrointestinal High Fibre pa\u0161tetas \u0161unims"},"content":{"rendered":"<h3>\u0160iuo metu i\u0161sami informacija apie Royal Canin Gastrointestinal High Fibre pa\u0161tet\u0105 \u0161unims yra ruo\u0161iama.<\/h3>\n<p><img loading=\"lazy\" decoding=\"async\" class=\"alignnone wp-image-18860\" src=\"https:\/\/zooprekes24.lt\/wp-content\/uploads\/hypoallergic-logo.png\" alt=\"Royal Canin Adult Medium Dog saus\u0101 bar\u012bba su\u0146iem\" width=\"300\" height=\"312\" srcset=\"https:\/\/zooprekes24.lt\/wp-content\/uploads\/hypoallergic-logo.png 1600w, https:\/\/zooprekes24.lt\/wp-content\/uploads\/hypoallergic-logo-288x300.png 288w, https:\/\/zooprekes24.lt\/wp-content\/uploads\/hypoallergic-logo-984x1024.png 984w, https:\/\/zooprekes24.lt\/wp-content\/uploads\/hypoallergic-logo-600x624.png 600w, https:\/\/zooprekes24.lt\/wp-content\/uploads\/hypoallergic-logo-577x600.png 577w, https:\/\/zooprekes24.lt\/wp-content\/uploads\/hypoallergic-logo-1384x1440.png 1384w\" sizes=\"auto, (max-width: 300px) 100vw, 300px\" \/><\/p>","protected":false},"excerpt":{"rendered":"<p>\u0160iuo metu i\u0161sami informacija apie Royal Canin Gastrointestinal High Fibre pa\u0161tet\u0105 \u0161unims yra ruo\u0161iama.<\/p>","protected":false},"featured_media":36000,"comment_status":"closed","ping_status":"closed","template":"","meta":{"_acf_changed":false,"slim_seo":{"title":"Royal Canin Gastrointestinal High Fibre pa\u0161tetas \u0161unims - Zooprekes24","description":"\u0160iuo metu i\u0161sami informacija apie Royal Canin Gastrointestinal High Fibre pa\u0161tet\u0105 \u0161unims yra ruo\u0161iama."},"iawp_total_views":22},"product_brand":[],"product_cat":[9241,9004,8999,29,31,9035],"product_tag":[177,4849,4300,200],"class_list":{"0":"post-35997","1":"product","2":"type-product","3":"status-publish","4":"has-post-thumbnail","6":"product_cat-royal-canin-veterinary-diets-sunims","7":"product_cat-slapias-maistas","8":"product_cat-sunims","9":"product_cat-sunu-maistas","10":"product_cat-sunu-prekiu-gamintojai","11":"product_cat-veterinarine-dieta","12":"product_tag-edalas-sunims","13":"product_tag-maistas-sunims-su-skrandzio-problemomis","14":"product_tag-suns-letinis-viduriavimas","15":"product_tag-super-premium-maistas-sunims","16":"pa_prekiu-zenklai-royal-canin-veterinary-diets","17":"pa_suns-amzius-senjorams","18":"pa_suns-amzius-suaugusiems","19":"pa_veisles-dydis-didelems-veislems","20":"pa_veisles-dydis-mazoms-veislems","21":"pa_veisles-dydis-vidutinems-veislems","22":"pa_veisles-dydis-visu-dydziu-veislems","24":"first","25":"instock","26":"taxable","27":"shipping-taxable","28":"purchasable","29":"product-type-variable"},"acf":[],"_links":{"self":[{"href":"https:\/\/zooprekes24.lt\/lv\/wp-json\/wp\/v2\/product\/35997","targetHints":{"allow":["GET"]}}],"collection":[{"href":"https:\/\/zooprekes24.lt\/lv\/wp-json\/wp\/v2\/product"}],"about":[{"href":"https:\/\/zooprekes24.lt\/lv\/wp-json\/wp\/v2\/types\/product"}],"replies":[{"embeddable":true,"href":"https:\/\/zooprekes24.lt\/lv\/wp-json\/wp\/v2\/comments?post=35997"}],"wp:featuredmedia":[{"embeddable":true,"href":"https:\/\/zooprekes24.lt\/lv\/wp-json\/wp\/v2\/media\/36000"}],"wp:attachment":[{"href":"https:\/\/zooprekes24.lt\/lv\/wp-json\/wp\/v2\/media?parent=35997"}],"wp:term":[{"taxonomy":"product_brand","embeddable":true,"href":"https:\/\/zooprekes24.lt\/lv\/wp-json\/wp\/v2\/product_brand?post=35997"},{"taxonomy":"product_cat","embeddable":true,"href":"https:\/\/zooprekes24.lt\/lv\/wp-json\/wp\/v2\/product_cat?post=35997"},{"taxonomy":"product_tag","embeddable":true,"href":"https:\/\/zooprekes24.lt\/lv\/wp-json\/wp\/v2\/product_tag?post=35997"}],"curies":[{"name":"wp","href":"https:\/\/api.w.org\/{rel}","templated":true}]}}